{"id":2029,"date":"2025-06-25T21:34:38","date_gmt":"2025-06-25T21:34:38","guid":{"rendered":"https:\/\/paworite.eu\/?post_type=product&#038;p=2029"},"modified":"2025-06-25T21:38:32","modified_gmt":"2025-06-25T21:38:32","slug":"leiky-100-divina-a-vnutornosti-300g","status":"publish","type":"product","link":"https:\/\/paworite.eu\/sk\/produkt\/leiky-100-divina-a-vnutornosti-300g\/","title":{"rendered":"LEIKY 100% divina a vn\u00fatornosti 300g"},"content":{"rendered":"<p><strong>100 % svalovina \u2013 chutn\u00e9 a zdrav\u00e9 krmivo pre va\u0161ich mil\u00e1\u010dikov<\/strong><\/p>\n<p><span style=\"font-weight: 400;\">Toto kvalitn\u00e9 mokr\u00e9 krmivo je vyroben\u00e9 z m\u00e4sa vhodn\u00e9ho aj pre \u013eudsk\u00fa spotrebu, a predstavuje ide\u00e1lnu vo\u013ebu pre ka\u017ed\u00e9ho zodpovedn\u00e9ho majite\u013ea, ktor\u00fd db\u00e1 na vyv\u00e1\u017een\u00fa a prirodzen\u00fa v\u00fd\u017eivu svojho psa. V\u010faka optim\u00e1lnemu pomeru hodnotn\u00fdch surov\u00edn poskytuje psovi to najlep\u0161ie \u2013 \u010di u\u017e ako s\u00fa\u010das\u0165 BARF stravy, alebo v kombin\u00e1cii so zeleninou, olejmi a sacharidmi. Krmivo je plne prisp\u00f4sobite\u013en\u00e9 individu\u00e1lnym potreb\u00e1m psa.<\/span><\/p>\n<p><span style=\"font-weight: 400;\">Bez obiln\u00edn, bez umel\u00fdch konzervantov, ar\u00f3m a farb\u00edv.<\/span><\/p>\n<p><span style=\"font-weight: 400;\"><strong>Obsahuje prirodzene sa vyskytuj\u00face vitam\u00edny:<\/strong><br \/>\n<\/span><span style=\"font-weight: 400;\">Vitam\u00edn A, vitam\u00edn D3, vitam\u00edn E, vitam\u00edn B1<\/span><\/p>\n<p><span style=\"font-weight: 400;\">Toto monoprote\u00ednov\u00e9 mokr\u00e9 krmivo je ide\u00e1lnym doplnkom ku granul\u00e1m, vhodn\u00e9 aj pri elimina\u010dnej di\u00e9te alebo zn\u00e1mej potravinovej alergii.<\/span><\/p>\n<p><strong>Zlo\u017eenie:<\/strong><\/p>\n<table>\n<tbody>\n<tr>\n<td><b>Balenie<\/b><\/td>\n<td><span style=\"font-weight: 400;\">300g<\/span><\/td>\n<\/tr>\n<tr>\n<td><strong>Obsah m\u00e4sa<\/strong><\/td>\n<td><span style=\"font-weight: 400;\">100 %<\/span><\/td>\n<\/tr>\n<tr>\n<td><b>Bez<\/b><\/td>\n<td><span style=\"font-weight: 400;\">Bez obiln\u00edn<\/span><\/td>\n<\/tr>\n<tr>\n<td><b>Zlo\u017eenie<\/b><\/td>\n<td><span style=\"font-weight: 400;\">\u00a075 % divinov\u00e9 m\u00e4so, srdce, p\u013e\u00faca, 25 % jelenia a divia\u010dia pe\u010de\u0148<\/span><\/td>\n<\/tr>\n<tr>\n<td><strong>Analytick\u00e9 zlo\u017eky<\/strong><\/td>\n<td><span style=\"font-weight: 400;\">10,9 % hrub\u00fd prote\u00edn, 7,1 % hrub\u00fd tuk, 1,1 % hrub\u00e1 vl\u00e1knina, 2,5 % hrub\u00fd popol, 78 % vlhkos\u0165, 0,4 % v\u00e1pnik, 0,3 % fosfor<\/span><\/td>\n<\/tr>\n<\/tbody>\n<\/table>\n<p>&nbsp;<\/p>\n<p><strong>Odpor\u00fa\u010dan\u00e9 pre:<br \/>\n<\/strong><span style=\"font-weight: 400;\">Ve\u013ekos\u0165 psa: mal\u00fd, stredn\u00fd, ve\u013ek\u00fd<br \/>\n<\/span><span style=\"font-weight: 400;\">Vek: \u0161te\u0148a, dospel\u00fd pes, senior<\/span><\/p>\n<p><strong>D\u00e1vkovanie \/ odpor\u00fa\u010dan\u00e9 denn\u00e9 mno\u017estvo:<br \/>\n<\/strong><span style=\"font-weight: 400;\">2kg\u00a0 \u00a0 \u00a080-100g<\/span><span style=\"font-weight: 400;\"><br \/>\n<\/span><span style=\"font-weight: 400;\">5kg\u00a0 \u00a0 \u00a0200-250g<\/span><span style=\"font-weight: 400;\"><br \/>\n<\/span><span style=\"font-weight: 400;\">10kg\u00a0 \u00a0400-500g<\/span><span style=\"font-weight: 400;\"><br \/>\n<\/span><span style=\"font-weight: 400;\">20kg\u00a0 \u00a0800-1000g<\/span><span style=\"font-weight: 400;\"><br \/>\n<\/span><span style=\"font-weight: 400;\">30kg\u00a0 \u00a01200-1500g<\/span><\/p>\n","protected":false},"excerpt":{"rendered":"<p>100 % svalovina \u2013 chutn\u00e9 a zdrav\u00e9 krmivo pre va\u0161ich mil\u00e1\u010dikov Toto kvalitn\u00e9 mokr\u00e9 krmivo je vyroben\u00e9 z m\u00e4sa vhodn\u00e9ho aj pre \u013eudsk\u00fa spotrebu, a predstavuje ide\u00e1lnu vo\u013ebu pre ka\u017ed\u00e9ho zodpovedn\u00e9ho majite\u013ea, ktor\u00fd db\u00e1 na vyv\u00e1\u017een\u00fa a prirodzen\u00fa v\u00fd\u017eivu svojho psa. V\u010faka optim\u00e1lnemu pomeru hodnotn\u00fdch surov\u00edn poskytuje psovi to najlep\u0161ie \u2013 \u010di u\u017e ako s\u00fa\u010das\u0165&#8230;<\/p>\n","protected":false},"featured_media":2027,"comment_status":"closed","ping_status":"closed","template":"","meta":{"_kad_post_transparent":"default","_kad_post_title":"","_kad_post_layout":"default","_kad_post_sidebar_id":"","_kad_post_content_style":"default","_kad_post_vertical_padding":"default","_kad_post_feature":"","_kad_post_feature_position":"","_kad_post_header":false,"_kad_post_footer":false,"_kad_post_classname":""},"product_brand":[97],"product_cat":[172,74,100],"product_tag":[101],"class_list":{"0":"post-2029","1":"product","2":"type-product","3":"status-publish","4":"has-post-thumbnail","6":"product_brand-paworite-sk","7":"product_cat-konzervy","8":"product_cat-produkty","9":"product_cat-krmivo-pre-psov","10":"product_tag-krmivo","12":"first","13":"outofstock","14":"taxable","15":"shipping-taxable","16":"purchasable","17":"product-type-simple","18":"entry","19":"content-bg","20":"loop-entry"},"yoast_head":"<!-- This site is optimized with the Yoast SEO plugin v26.5 - https:\/\/yoast.com\/wordpress\/plugins\/seo\/ -->\n<title>LEIKY 100% divina a vn\u00fatornosti 300g - Paworite<\/title>\n<meta name=\"robots\" content=\"index, follow, max-snippet:-1, max-image-preview:large, max-video-preview:-1\" \/>\n<link rel=\"canonical\" href=\"https:\/\/paworite.eu\/sk\/produkt\/leiky-100-divina-a-vnutornosti-300g\/\" \/>\n<meta property=\"og:locale\" content=\"sk_SK\" \/>\n<meta property=\"og:type\" content=\"article\" \/>\n<meta property=\"og:title\" content=\"LEIKY 100% divina a vn\u00fatornosti 300g - Paworite\" \/>\n<meta property=\"og:description\" content=\"100 % svalovina \u2013 chutn\u00e9 a zdrav\u00e9 krmivo pre va\u0161ich mil\u00e1\u010dikov Toto kvalitn\u00e9 mokr\u00e9 krmivo je vyroben\u00e9 z m\u00e4sa vhodn\u00e9ho aj pre \u013eudsk\u00fa spotrebu, a predstavuje ide\u00e1lnu vo\u013ebu pre ka\u017ed\u00e9ho zodpovedn\u00e9ho majite\u013ea, ktor\u00fd db\u00e1 na vyv\u00e1\u017een\u00fa a prirodzen\u00fa v\u00fd\u017eivu svojho psa. V\u010faka optim\u00e1lnemu pomeru hodnotn\u00fdch surov\u00edn poskytuje psovi to najlep\u0161ie \u2013 \u010di u\u017e ako s\u00fa\u010das\u0165...\" \/>\n<meta property=\"og:url\" content=\"https:\/\/paworite.eu\/sk\/produkt\/leiky-100-divina-a-vnutornosti-300g\/\" \/>\n<meta property=\"og:site_name\" content=\"Paworite\" \/>\n<meta property=\"article:modified_time\" content=\"2025-06-25T21:38:32+00:00\" \/>\n<meta property=\"og:image\" content=\"https:\/\/paworite.eu\/wp-content\/uploads\/2025\/06\/leiky-vadhus-belsosegek-300-g.jpg\" \/>\n\t<meta property=\"og:image:width\" content=\"1000\" \/>\n\t<meta property=\"og:image:height\" content=\"1000\" \/>\n\t<meta property=\"og:image:type\" content=\"image\/jpeg\" \/>\n<meta name=\"twitter:card\" content=\"summary_large_image\" \/>\n<meta name=\"twitter:label1\" content=\"Predpokladan\u00fd \u010das \u010d\u00edtania\" \/>\n\t<meta name=\"twitter:data1\" content=\"1 min\u00fata\" \/>\n<script type=\"application\/ld+json\" class=\"yoast-schema-graph\">{\"@context\":\"https:\/\/schema.org\",\"@graph\":[{\"@type\":\"WebPage\",\"@id\":\"https:\/\/paworite.eu\/sk\/produkt\/leiky-100-divina-a-vnutornosti-300g\/\",\"url\":\"https:\/\/paworite.eu\/sk\/produkt\/leiky-100-divina-a-vnutornosti-300g\/\",\"name\":\"LEIKY 100% divina a vn\u00fatornosti 300g - Paworite\",\"isPartOf\":{\"@id\":\"https:\/\/paworite.eu\/#website\"},\"primaryImageOfPage\":{\"@id\":\"https:\/\/paworite.eu\/sk\/produkt\/leiky-100-divina-a-vnutornosti-300g\/#primaryimage\"},\"image\":{\"@id\":\"https:\/\/paworite.eu\/sk\/produkt\/leiky-100-divina-a-vnutornosti-300g\/#primaryimage\"},\"thumbnailUrl\":\"https:\/\/paworite.eu\/wp-content\/uploads\/2025\/06\/leiky-vadhus-belsosegek-300-g.jpg\",\"datePublished\":\"2025-06-25T21:34:38+00:00\",\"dateModified\":\"2025-06-25T21:38:32+00:00\",\"breadcrumb\":{\"@id\":\"https:\/\/paworite.eu\/sk\/produkt\/leiky-100-divina-a-vnutornosti-300g\/#breadcrumb\"},\"inLanguage\":\"sk-SK\",\"potentialAction\":[{\"@type\":\"ReadAction\",\"target\":[\"https:\/\/paworite.eu\/sk\/produkt\/leiky-100-divina-a-vnutornosti-300g\/\"]}]},{\"@type\":\"ImageObject\",\"inLanguage\":\"sk-SK\",\"@id\":\"https:\/\/paworite.eu\/sk\/produkt\/leiky-100-divina-a-vnutornosti-300g\/#primaryimage\",\"url\":\"https:\/\/paworite.eu\/wp-content\/uploads\/2025\/06\/leiky-vadhus-belsosegek-300-g.jpg\",\"contentUrl\":\"https:\/\/paworite.eu\/wp-content\/uploads\/2025\/06\/leiky-vadhus-belsosegek-300-g.jpg\",\"width\":1000,\"height\":1000},{\"@type\":\"BreadcrumbList\",\"@id\":\"https:\/\/paworite.eu\/sk\/produkt\/leiky-100-divina-a-vnutornosti-300g\/#breadcrumb\",\"itemListElement\":[{\"@type\":\"ListItem\",\"position\":1,\"name\":\"Kezd\u0151lap\",\"item\":\"https:\/\/paworite.eu\/\"},{\"@type\":\"ListItem\",\"position\":2,\"name\":\"Shop\",\"item\":\"https:\/\/paworite.eu\/sk\/shop\/\"},{\"@type\":\"ListItem\",\"position\":3,\"name\":\"LEIKY 100% divina a vn\u00fatornosti 300g\"}]},{\"@type\":\"WebSite\",\"@id\":\"https:\/\/paworite.eu\/#website\",\"url\":\"https:\/\/paworite.eu\/\",\"name\":\"Paworite\",\"description\":\"\",\"publisher\":{\"@id\":\"https:\/\/paworite.eu\/#organization\"},\"potentialAction\":[{\"@type\":\"SearchAction\",\"target\":{\"@type\":\"EntryPoint\",\"urlTemplate\":\"https:\/\/paworite.eu\/?s={search_term_string}\"},\"query-input\":{\"@type\":\"PropertyValueSpecification\",\"valueRequired\":true,\"valueName\":\"search_term_string\"}}],\"inLanguage\":\"sk-SK\"},{\"@type\":\"Organization\",\"@id\":\"https:\/\/paworite.eu\/#organization\",\"name\":\"Paworite\",\"url\":\"https:\/\/paworite.eu\/\",\"logo\":{\"@type\":\"ImageObject\",\"inLanguage\":\"sk-SK\",\"@id\":\"https:\/\/paworite.eu\/#\/schema\/logo\/image\/\",\"url\":\"https:\/\/paworite.eu\/wp-content\/uploads\/2024\/05\/logo-uj.png\",\"contentUrl\":\"https:\/\/paworite.eu\/wp-content\/uploads\/2024\/05\/logo-uj.png\",\"width\":800,\"height\":600,\"caption\":\"Paworite\"},\"image\":{\"@id\":\"https:\/\/paworite.eu\/#\/schema\/logo\/image\/\"}}]}<\/script>\n<!-- \/ Yoast SEO plugin. -->","yoast_head_json":{"title":"LEIKY 100% divina a vn\u00fatornosti 300g - Paworite","robots":{"index":"index","follow":"follow","max-snippet":"max-snippet:-1","max-image-preview":"max-image-preview:large","max-video-preview":"max-video-preview:-1"},"canonical":"https:\/\/paworite.eu\/sk\/produkt\/leiky-100-divina-a-vnutornosti-300g\/","og_locale":"sk_SK","og_type":"article","og_title":"LEIKY 100% divina a vn\u00fatornosti 300g - Paworite","og_description":"100 % svalovina \u2013 chutn\u00e9 a zdrav\u00e9 krmivo pre va\u0161ich mil\u00e1\u010dikov Toto kvalitn\u00e9 mokr\u00e9 krmivo je vyroben\u00e9 z m\u00e4sa vhodn\u00e9ho aj pre \u013eudsk\u00fa spotrebu, a predstavuje ide\u00e1lnu vo\u013ebu pre ka\u017ed\u00e9ho zodpovedn\u00e9ho majite\u013ea, ktor\u00fd db\u00e1 na vyv\u00e1\u017een\u00fa a prirodzen\u00fa v\u00fd\u017eivu svojho psa. V\u010faka optim\u00e1lnemu pomeru hodnotn\u00fdch surov\u00edn poskytuje psovi to najlep\u0161ie \u2013 \u010di u\u017e ako s\u00fa\u010das\u0165...","og_url":"https:\/\/paworite.eu\/sk\/produkt\/leiky-100-divina-a-vnutornosti-300g\/","og_site_name":"Paworite","article_modified_time":"2025-06-25T21:38:32+00:00","og_image":[{"width":1000,"height":1000,"url":"https:\/\/paworite.eu\/wp-content\/uploads\/2025\/06\/leiky-vadhus-belsosegek-300-g.jpg","type":"image\/jpeg"}],"twitter_card":"summary_large_image","twitter_misc":{"Predpokladan\u00fd \u010das \u010d\u00edtania":"1 min\u00fata"},"schema":{"@context":"https:\/\/schema.org","@graph":[{"@type":"WebPage","@id":"https:\/\/paworite.eu\/sk\/produkt\/leiky-100-divina-a-vnutornosti-300g\/","url":"https:\/\/paworite.eu\/sk\/produkt\/leiky-100-divina-a-vnutornosti-300g\/","name":"LEIKY 100% divina a vn\u00fatornosti 300g - Paworite","isPartOf":{"@id":"https:\/\/paworite.eu\/#website"},"primaryImageOfPage":{"@id":"https:\/\/paworite.eu\/sk\/produkt\/leiky-100-divina-a-vnutornosti-300g\/#primaryimage"},"image":{"@id":"https:\/\/paworite.eu\/sk\/produkt\/leiky-100-divina-a-vnutornosti-300g\/#primaryimage"},"thumbnailUrl":"https:\/\/paworite.eu\/wp-content\/uploads\/2025\/06\/leiky-vadhus-belsosegek-300-g.jpg","datePublished":"2025-06-25T21:34:38+00:00","dateModified":"2025-06-25T21:38:32+00:00","breadcrumb":{"@id":"https:\/\/paworite.eu\/sk\/produkt\/leiky-100-divina-a-vnutornosti-300g\/#breadcrumb"},"inLanguage":"sk-SK","potentialAction":[{"@type":"ReadAction","target":["https:\/\/paworite.eu\/sk\/produkt\/leiky-100-divina-a-vnutornosti-300g\/"]}]},{"@type":"ImageObject","inLanguage":"sk-SK","@id":"https:\/\/paworite.eu\/sk\/produkt\/leiky-100-divina-a-vnutornosti-300g\/#primaryimage","url":"https:\/\/paworite.eu\/wp-content\/uploads\/2025\/06\/leiky-vadhus-belsosegek-300-g.jpg","contentUrl":"https:\/\/paworite.eu\/wp-content\/uploads\/2025\/06\/leiky-vadhus-belsosegek-300-g.jpg","width":1000,"height":1000},{"@type":"BreadcrumbList","@id":"https:\/\/paworite.eu\/sk\/produkt\/leiky-100-divina-a-vnutornosti-300g\/#breadcrumb","itemListElement":[{"@type":"ListItem","position":1,"name":"Kezd\u0151lap","item":"https:\/\/paworite.eu\/"},{"@type":"ListItem","position":2,"name":"Shop","item":"https:\/\/paworite.eu\/sk\/shop\/"},{"@type":"ListItem","position":3,"name":"LEIKY 100% divina a vn\u00fatornosti 300g"}]},{"@type":"WebSite","@id":"https:\/\/paworite.eu\/#website","url":"https:\/\/paworite.eu\/","name":"Paworite","description":"","publisher":{"@id":"https:\/\/paworite.eu\/#organization"},"potentialAction":[{"@type":"SearchAction","target":{"@type":"EntryPoint","urlTemplate":"https:\/\/paworite.eu\/?s={search_term_string}"},"query-input":{"@type":"PropertyValueSpecification","valueRequired":true,"valueName":"search_term_string"}}],"inLanguage":"sk-SK"},{"@type":"Organization","@id":"https:\/\/paworite.eu\/#organization","name":"Paworite","url":"https:\/\/paworite.eu\/","logo":{"@type":"ImageObject","inLanguage":"sk-SK","@id":"https:\/\/paworite.eu\/#\/schema\/logo\/image\/","url":"https:\/\/paworite.eu\/wp-content\/uploads\/2024\/05\/logo-uj.png","contentUrl":"https:\/\/paworite.eu\/wp-content\/uploads\/2024\/05\/logo-uj.png","width":800,"height":600,"caption":"Paworite"},"image":{"@id":"https:\/\/paworite.eu\/#\/schema\/logo\/image\/"}}]}},"_links":{"self":[{"href":"https:\/\/paworite.eu\/sk\/wp-json\/wp\/v2\/product\/2029","targetHints":{"allow":["GET"]}}],"collection":[{"href":"https:\/\/paworite.eu\/sk\/wp-json\/wp\/v2\/product"}],"about":[{"href":"https:\/\/paworite.eu\/sk\/wp-json\/wp\/v2\/types\/product"}],"replies":[{"embeddable":true,"href":"https:\/\/paworite.eu\/sk\/wp-json\/wp\/v2\/comments?post=2029"}],"wp:featuredmedia":[{"embeddable":true,"href":"https:\/\/paworite.eu\/sk\/wp-json\/wp\/v2\/media\/2027"}],"wp:attachment":[{"href":"https:\/\/paworite.eu\/sk\/wp-json\/wp\/v2\/media?parent=2029"}],"wp:term":[{"taxonomy":"product_brand","embeddable":true,"href":"https:\/\/paworite.eu\/sk\/wp-json\/wp\/v2\/product_brand?post=2029"},{"taxonomy":"product_cat","embeddable":true,"href":"https:\/\/paworite.eu\/sk\/wp-json\/wp\/v2\/product_cat?post=2029"},{"taxonomy":"product_tag","embeddable":true,"href":"https:\/\/paworite.eu\/sk\/wp-json\/wp\/v2\/product_tag?post=2029"}],"curies":[{"name":"wp","href":"https:\/\/api.w.org\/{rel}","templated":true}]}}