{"id":2130,"date":"2025-06-26T14:29:29","date_gmt":"2025-06-26T14:29:29","guid":{"rendered":"https:\/\/paworite.eu\/?post_type=product&#038;p=2130"},"modified":"2025-06-26T14:30:11","modified_gmt":"2025-06-26T14:30:11","slug":"batatovy-treningovy-snack","status":"publish","type":"product","link":"https:\/\/paworite.eu\/sk\/produkt\/batatovy-treningovy-snack\/","title":{"rendered":"Bat\u00e1tov\u00fd tr\u00e9ningov\u00fd snack"},"content":{"rendered":"<p><span style=\"font-weight: 400;\">Tvoj ps\u00edk miluje chutn\u00e9, chrumkav\u00e9 ma\u0161krty? Potom je tento bat\u00e1tov\u00fd tr\u00e9ningov\u00fd snack pre neho tou najlep\u0161ou odmenou! Je nielen v\u00fdborne chutn\u00fd, ale aj mimoriadne zdrav\u00fd \u2013 ide\u00e1lny na tr\u00e9ningy, u\u010denie alebo po\u010das hier.<\/span><\/p>\n<p><b>Pre\u010do je bat\u00e1ta tak\u00e1 super vo\u013eba pre tvojho psa?<\/b><span style=\"font-weight: 400;\"><br \/>\n<\/span><span style=\"font-weight: 400;\">\u2022\u00a0<\/span><b>Vysok\u00fd obsah vitam\u00ednu A<\/b><span style=\"font-weight: 400;\">\u00a0\u2013 podporuje zdrav\u00fd zrak<\/span><span style=\"font-weight: 400;\"><br \/>\n<\/span><span style=\"font-weight: 400;\">\u2022\u00a0<\/span><b>Bohat\u00fd na vitam\u00edny skupiny B<\/b><span style=\"font-weight: 400;\">\u00a0\u2013 prispieva k zdravej poko\u017eke a lesklej srsti<\/span><span style=\"font-weight: 400;\"><br \/>\n<\/span><span style=\"font-weight: 400;\">\u2022\u00a0<\/span><b>Vitam\u00edn C<\/b><span style=\"font-weight: 400;\">\u00a0\u2013 siln\u00fd antioxidant, ktor\u00fd posil\u0148uje imunitu<\/span><span style=\"font-weight: 400;\"><br \/>\n<\/span><span style=\"font-weight: 400;\">\u2022\u00a0<\/span><b>Vitam\u00edn E<\/b><span style=\"font-weight: 400;\">\u00a0\u2013 d\u00f4le\u017eit\u00fd pre zdrav\u00fa ko\u017eu a kr\u00e1snu srs\u0165<\/span><span style=\"font-weight: 400;\"><br \/>\n<\/span><span style=\"font-weight: 400;\">\u2022\u00a0<\/span><b>Vysok\u00fd obsah vl\u00e1kniny<\/b><span style=\"font-weight: 400;\">\u00a0\u2013 podporuje dobr\u00e9 tr\u00e1venie a \u010dinnos\u0165 \u010driev<\/span><span style=\"font-weight: 400;\"><br \/>\n<\/span><span style=\"font-weight: 400;\">\u2022\u00a0<\/span><b>N\u00edzkotu\u010dn\u00fd a hypoalerg\u00e9nny<\/b><span style=\"font-weight: 400;\">\u00a0\u2013 ide\u00e1lny pre psov so sklonom k priberaniu alebo s citliv\u00fdm \u017eal\u00fadkom<\/span><span style=\"font-weight: 400;\"><br \/>\n<\/span><span style=\"font-weight: 400;\">\u2022\u00a0<\/span><b>V\u00fdborne chut\u00ed<\/b><span style=\"font-weight: 400;\">\u00a0\u2013 psy ho jednoducho zbo\u017e\u0148uj\u00fa!<\/span><\/p>\n<p><span style=\"font-weight: 400;\">100 % pr\u00edrodn\u00e1 poch\u00fa\u0165ka bez pr\u00eddavn\u00fdch l\u00e1tok! Tento snack obsahuje len \u010dist\u00e9, su\u0161en\u00e9 bat\u00e1ty \u2013 \u017eiadne konzervanty, farbiv\u00e1 ani zbyto\u010dn\u00e9 pr\u00edsady. M\u00f4\u017ee\u0161 si by\u0165 ist\u00fd, \u017ee svojmu ps\u00edkovi d\u00e1va\u0161 len to najlep\u0161ie.<\/span><\/p>\n<p><b>Ide\u00e1lna vo\u013eba:<\/b><span style=\"font-weight: 400;\"><br \/>\n<\/span><span style=\"font-weight: 400;\">\u2022 na tr\u00e9ning a v\u00fdcvik<\/span><span style=\"font-weight: 400;\"><br \/>\n<\/span><span style=\"font-weight: 400;\">\u2022 ako odmena po\u010das prech\u00e1dzok<\/span><span style=\"font-weight: 400;\"><br \/>\n<\/span><span style=\"font-weight: 400;\">\u2022 do \u010duchac\u00edch a logick\u00fdch hier<\/span><\/p>\n<p><b>Zlo\u017eenie:<\/b><span style=\"font-weight: 400;\">\u00a0100 % su\u0161en\u00e9 bat\u00e1ty<\/span><\/p>\n<p><b>Analytick\u00e9 zlo\u017eky:<\/b><span style=\"font-weight: 400;\"><br \/>\n<\/span><span style=\"font-weight: 400;\">\u2022 Hrub\u00fd prote\u00edn: 3,4 %<\/span><span style=\"font-weight: 400;\"><br \/>\n<\/span><span style=\"font-weight: 400;\">\u2022 Hrub\u00fd tuk: 0,3 %<\/span><span style=\"font-weight: 400;\"><br \/>\n<\/span><span style=\"font-weight: 400;\">\u2022 Hrub\u00e1 vl\u00e1knina: 2,4 %<\/span><span style=\"font-weight: 400;\"><br \/>\n<\/span><span style=\"font-weight: 400;\">\u2022 Hrub\u00fd popol: 1,9 %<\/span><\/p>\n<p><b>Balenie:<\/b><span style=\"font-weight: 400;\">\u00a090 g<\/span><\/p>\n<p><span style=\"font-weight: 400;\">Vysk\u00fa\u0161aj a uvid\u00ed\u0161, ako sa tvojmu ps\u00edkovi roz\u017eiaria o\u010di, ke\u010f zac\u00edti v\u00f4\u0148u bat\u00e1t! <\/span><\/p>\n","protected":false},"excerpt":{"rendered":"<p>Tvoj ps\u00edk miluje chutn\u00e9, chrumkav\u00e9 ma\u0161krty? Potom je tento bat\u00e1tov\u00fd tr\u00e9ningov\u00fd snack pre neho tou najlep\u0161ou odmenou! Je nielen v\u00fdborne chutn\u00fd, ale aj mimoriadne zdrav\u00fd \u2013 ide\u00e1lny na tr\u00e9ningy, u\u010denie alebo po\u010das hier. Pre\u010do je bat\u00e1ta tak\u00e1 super vo\u013eba pre tvojho psa? \u2022\u00a0Vysok\u00fd obsah vitam\u00ednu A\u00a0\u2013 podporuje zdrav\u00fd zrak \u2022\u00a0Bohat\u00fd na vitam\u00edny skupiny B\u00a0\u2013 prispieva&#8230;<\/p>\n","protected":false},"featured_media":2129,"comment_status":"closed","ping_status":"closed","template":"","meta":{"_kad_post_transparent":"default","_kad_post_title":"","_kad_post_layout":"default","_kad_post_sidebar_id":"","_kad_post_content_style":"default","_kad_post_vertical_padding":"default","_kad_post_feature":"","_kad_post_feature_position":"","_kad_post_header":false,"_kad_post_footer":false,"_kad_post_classname":""},"product_brand":[58],"product_cat":[173,74,100],"product_tag":[117,101,116],"class_list":{"0":"post-2130","1":"product","2":"type-product","3":"status-publish","4":"has-post-thumbnail","6":"product_brand-paworite","7":"product_cat-pamlsky","8":"product_cat-produkty","9":"product_cat-krmivo-pre-psov","10":"product_tag-klby","11":"product_tag-krmivo","12":"product_tag-zdravie","14":"first","15":"outofstock","16":"taxable","17":"shipping-taxable","18":"purchasable","19":"product-type-simple","20":"entry","21":"content-bg","22":"loop-entry"},"yoast_head":"<!-- This site is optimized with the Yoast SEO plugin v26.5 - https:\/\/yoast.com\/wordpress\/plugins\/seo\/ -->\n<title>Bat\u00e1tov\u00fd tr\u00e9ningov\u00fd snack - Paworite<\/title>\n<meta name=\"robots\" content=\"index, follow, max-snippet:-1, max-image-preview:large, max-video-preview:-1\" \/>\n<link rel=\"canonical\" href=\"https:\/\/paworite.eu\/sk\/produkt\/batatovy-treningovy-snack\/\" \/>\n<meta property=\"og:locale\" content=\"sk_SK\" \/>\n<meta property=\"og:type\" content=\"article\" \/>\n<meta property=\"og:title\" content=\"Bat\u00e1tov\u00fd tr\u00e9ningov\u00fd snack - Paworite\" \/>\n<meta property=\"og:description\" content=\"Tvoj ps\u00edk miluje chutn\u00e9, chrumkav\u00e9 ma\u0161krty? Potom je tento bat\u00e1tov\u00fd tr\u00e9ningov\u00fd snack pre neho tou najlep\u0161ou odmenou! Je nielen v\u00fdborne chutn\u00fd, ale aj mimoriadne zdrav\u00fd \u2013 ide\u00e1lny na tr\u00e9ningy, u\u010denie alebo po\u010das hier. Pre\u010do je bat\u00e1ta tak\u00e1 super vo\u013eba pre tvojho psa? \u2022\u00a0Vysok\u00fd obsah vitam\u00ednu A\u00a0\u2013 podporuje zdrav\u00fd zrak \u2022\u00a0Bohat\u00fd na vitam\u00edny skupiny B\u00a0\u2013 prispieva...\" \/>\n<meta property=\"og:url\" content=\"https:\/\/paworite.eu\/sk\/produkt\/batatovy-treningovy-snack\/\" \/>\n<meta property=\"og:site_name\" content=\"Paworite\" \/>\n<meta property=\"article:modified_time\" content=\"2025-06-26T14:30:11+00:00\" \/>\n<meta property=\"og:image\" content=\"https:\/\/paworite.eu\/wp-content\/uploads\/2025\/06\/batatovy-snack.png\" \/>\n\t<meta property=\"og:image:width\" content=\"1620\" \/>\n\t<meta property=\"og:image:height\" content=\"1620\" \/>\n\t<meta property=\"og:image:type\" content=\"image\/png\" \/>\n<meta name=\"twitter:card\" content=\"summary_large_image\" \/>\n<meta name=\"twitter:label1\" content=\"Predpokladan\u00fd \u010das \u010d\u00edtania\" \/>\n\t<meta name=\"twitter:data1\" content=\"1 min\u00fata\" \/>\n<script type=\"application\/ld+json\" class=\"yoast-schema-graph\">{\"@context\":\"https:\/\/schema.org\",\"@graph\":[{\"@type\":\"WebPage\",\"@id\":\"https:\/\/paworite.eu\/sk\/produkt\/batatovy-treningovy-snack\/\",\"url\":\"https:\/\/paworite.eu\/sk\/produkt\/batatovy-treningovy-snack\/\",\"name\":\"Bat\u00e1tov\u00fd tr\u00e9ningov\u00fd snack - Paworite\",\"isPartOf\":{\"@id\":\"https:\/\/paworite.eu\/#website\"},\"primaryImageOfPage\":{\"@id\":\"https:\/\/paworite.eu\/sk\/produkt\/batatovy-treningovy-snack\/#primaryimage\"},\"image\":{\"@id\":\"https:\/\/paworite.eu\/sk\/produkt\/batatovy-treningovy-snack\/#primaryimage\"},\"thumbnailUrl\":\"https:\/\/paworite.eu\/wp-content\/uploads\/2025\/06\/batatovy-snack.png\",\"datePublished\":\"2025-06-26T14:29:29+00:00\",\"dateModified\":\"2025-06-26T14:30:11+00:00\",\"breadcrumb\":{\"@id\":\"https:\/\/paworite.eu\/sk\/produkt\/batatovy-treningovy-snack\/#breadcrumb\"},\"inLanguage\":\"sk-SK\",\"potentialAction\":[{\"@type\":\"ReadAction\",\"target\":[\"https:\/\/paworite.eu\/sk\/produkt\/batatovy-treningovy-snack\/\"]}]},{\"@type\":\"ImageObject\",\"inLanguage\":\"sk-SK\",\"@id\":\"https:\/\/paworite.eu\/sk\/produkt\/batatovy-treningovy-snack\/#primaryimage\",\"url\":\"https:\/\/paworite.eu\/wp-content\/uploads\/2025\/06\/batatovy-snack.png\",\"contentUrl\":\"https:\/\/paworite.eu\/wp-content\/uploads\/2025\/06\/batatovy-snack.png\",\"width\":1620,\"height\":1620},{\"@type\":\"BreadcrumbList\",\"@id\":\"https:\/\/paworite.eu\/sk\/produkt\/batatovy-treningovy-snack\/#breadcrumb\",\"itemListElement\":[{\"@type\":\"ListItem\",\"position\":1,\"name\":\"Kezd\u0151lap\",\"item\":\"https:\/\/paworite.eu\/\"},{\"@type\":\"ListItem\",\"position\":2,\"name\":\"Shop\",\"item\":\"https:\/\/paworite.eu\/sk\/shop\/\"},{\"@type\":\"ListItem\",\"position\":3,\"name\":\"Bat\u00e1tov\u00fd tr\u00e9ningov\u00fd snack\"}]},{\"@type\":\"WebSite\",\"@id\":\"https:\/\/paworite.eu\/#website\",\"url\":\"https:\/\/paworite.eu\/\",\"name\":\"Paworite\",\"description\":\"\",\"publisher\":{\"@id\":\"https:\/\/paworite.eu\/#organization\"},\"potentialAction\":[{\"@type\":\"SearchAction\",\"target\":{\"@type\":\"EntryPoint\",\"urlTemplate\":\"https:\/\/paworite.eu\/?s={search_term_string}\"},\"query-input\":{\"@type\":\"PropertyValueSpecification\",\"valueRequired\":true,\"valueName\":\"search_term_string\"}}],\"inLanguage\":\"sk-SK\"},{\"@type\":\"Organization\",\"@id\":\"https:\/\/paworite.eu\/#organization\",\"name\":\"Paworite\",\"url\":\"https:\/\/paworite.eu\/\",\"logo\":{\"@type\":\"ImageObject\",\"inLanguage\":\"sk-SK\",\"@id\":\"https:\/\/paworite.eu\/#\/schema\/logo\/image\/\",\"url\":\"https:\/\/paworite.eu\/wp-content\/uploads\/2024\/05\/logo-uj.png\",\"contentUrl\":\"https:\/\/paworite.eu\/wp-content\/uploads\/2024\/05\/logo-uj.png\",\"width\":800,\"height\":600,\"caption\":\"Paworite\"},\"image\":{\"@id\":\"https:\/\/paworite.eu\/#\/schema\/logo\/image\/\"}}]}<\/script>\n<!-- \/ Yoast SEO plugin. -->","yoast_head_json":{"title":"Bat\u00e1tov\u00fd tr\u00e9ningov\u00fd snack - Paworite","robots":{"index":"index","follow":"follow","max-snippet":"max-snippet:-1","max-image-preview":"max-image-preview:large","max-video-preview":"max-video-preview:-1"},"canonical":"https:\/\/paworite.eu\/sk\/produkt\/batatovy-treningovy-snack\/","og_locale":"sk_SK","og_type":"article","og_title":"Bat\u00e1tov\u00fd tr\u00e9ningov\u00fd snack - Paworite","og_description":"Tvoj ps\u00edk miluje chutn\u00e9, chrumkav\u00e9 ma\u0161krty? Potom je tento bat\u00e1tov\u00fd tr\u00e9ningov\u00fd snack pre neho tou najlep\u0161ou odmenou! Je nielen v\u00fdborne chutn\u00fd, ale aj mimoriadne zdrav\u00fd \u2013 ide\u00e1lny na tr\u00e9ningy, u\u010denie alebo po\u010das hier. Pre\u010do je bat\u00e1ta tak\u00e1 super vo\u013eba pre tvojho psa? \u2022\u00a0Vysok\u00fd obsah vitam\u00ednu A\u00a0\u2013 podporuje zdrav\u00fd zrak \u2022\u00a0Bohat\u00fd na vitam\u00edny skupiny B\u00a0\u2013 prispieva...","og_url":"https:\/\/paworite.eu\/sk\/produkt\/batatovy-treningovy-snack\/","og_site_name":"Paworite","article_modified_time":"2025-06-26T14:30:11+00:00","og_image":[{"width":1620,"height":1620,"url":"https:\/\/paworite.eu\/wp-content\/uploads\/2025\/06\/batatovy-snack.png","type":"image\/png"}],"twitter_card":"summary_large_image","twitter_misc":{"Predpokladan\u00fd \u010das \u010d\u00edtania":"1 min\u00fata"},"schema":{"@context":"https:\/\/schema.org","@graph":[{"@type":"WebPage","@id":"https:\/\/paworite.eu\/sk\/produkt\/batatovy-treningovy-snack\/","url":"https:\/\/paworite.eu\/sk\/produkt\/batatovy-treningovy-snack\/","name":"Bat\u00e1tov\u00fd tr\u00e9ningov\u00fd snack - Paworite","isPartOf":{"@id":"https:\/\/paworite.eu\/#website"},"primaryImageOfPage":{"@id":"https:\/\/paworite.eu\/sk\/produkt\/batatovy-treningovy-snack\/#primaryimage"},"image":{"@id":"https:\/\/paworite.eu\/sk\/produkt\/batatovy-treningovy-snack\/#primaryimage"},"thumbnailUrl":"https:\/\/paworite.eu\/wp-content\/uploads\/2025\/06\/batatovy-snack.png","datePublished":"2025-06-26T14:29:29+00:00","dateModified":"2025-06-26T14:30:11+00:00","breadcrumb":{"@id":"https:\/\/paworite.eu\/sk\/produkt\/batatovy-treningovy-snack\/#breadcrumb"},"inLanguage":"sk-SK","potentialAction":[{"@type":"ReadAction","target":["https:\/\/paworite.eu\/sk\/produkt\/batatovy-treningovy-snack\/"]}]},{"@type":"ImageObject","inLanguage":"sk-SK","@id":"https:\/\/paworite.eu\/sk\/produkt\/batatovy-treningovy-snack\/#primaryimage","url":"https:\/\/paworite.eu\/wp-content\/uploads\/2025\/06\/batatovy-snack.png","contentUrl":"https:\/\/paworite.eu\/wp-content\/uploads\/2025\/06\/batatovy-snack.png","width":1620,"height":1620},{"@type":"BreadcrumbList","@id":"https:\/\/paworite.eu\/sk\/produkt\/batatovy-treningovy-snack\/#breadcrumb","itemListElement":[{"@type":"ListItem","position":1,"name":"Kezd\u0151lap","item":"https:\/\/paworite.eu\/"},{"@type":"ListItem","position":2,"name":"Shop","item":"https:\/\/paworite.eu\/sk\/shop\/"},{"@type":"ListItem","position":3,"name":"Bat\u00e1tov\u00fd tr\u00e9ningov\u00fd snack"}]},{"@type":"WebSite","@id":"https:\/\/paworite.eu\/#website","url":"https:\/\/paworite.eu\/","name":"Paworite","description":"","publisher":{"@id":"https:\/\/paworite.eu\/#organization"},"potentialAction":[{"@type":"SearchAction","target":{"@type":"EntryPoint","urlTemplate":"https:\/\/paworite.eu\/?s={search_term_string}"},"query-input":{"@type":"PropertyValueSpecification","valueRequired":true,"valueName":"search_term_string"}}],"inLanguage":"sk-SK"},{"@type":"Organization","@id":"https:\/\/paworite.eu\/#organization","name":"Paworite","url":"https:\/\/paworite.eu\/","logo":{"@type":"ImageObject","inLanguage":"sk-SK","@id":"https:\/\/paworite.eu\/#\/schema\/logo\/image\/","url":"https:\/\/paworite.eu\/wp-content\/uploads\/2024\/05\/logo-uj.png","contentUrl":"https:\/\/paworite.eu\/wp-content\/uploads\/2024\/05\/logo-uj.png","width":800,"height":600,"caption":"Paworite"},"image":{"@id":"https:\/\/paworite.eu\/#\/schema\/logo\/image\/"}}]}},"_links":{"self":[{"href":"https:\/\/paworite.eu\/sk\/wp-json\/wp\/v2\/product\/2130","targetHints":{"allow":["GET"]}}],"collection":[{"href":"https:\/\/paworite.eu\/sk\/wp-json\/wp\/v2\/product"}],"about":[{"href":"https:\/\/paworite.eu\/sk\/wp-json\/wp\/v2\/types\/product"}],"replies":[{"embeddable":true,"href":"https:\/\/paworite.eu\/sk\/wp-json\/wp\/v2\/comments?post=2130"}],"wp:featuredmedia":[{"embeddable":true,"href":"https:\/\/paworite.eu\/sk\/wp-json\/wp\/v2\/media\/2129"}],"wp:attachment":[{"href":"https:\/\/paworite.eu\/sk\/wp-json\/wp\/v2\/media?parent=2130"}],"wp:term":[{"taxonomy":"product_brand","embeddable":true,"href":"https:\/\/paworite.eu\/sk\/wp-json\/wp\/v2\/product_brand?post=2130"},{"taxonomy":"product_cat","embeddable":true,"href":"https:\/\/paworite.eu\/sk\/wp-json\/wp\/v2\/product_cat?post=2130"},{"taxonomy":"product_tag","embeddable":true,"href":"https:\/\/paworite.eu\/sk\/wp-json\/wp\/v2\/product_tag?post=2130"}],"curies":[{"name":"wp","href":"https:\/\/api.w.org\/{rel}","templated":true}]}}