{"id":2381,"date":"2025-10-16T10:58:28","date_gmt":"2025-10-16T10:58:28","guid":{"rendered":"https:\/\/paworite.eu\/product\/100-marha-husrolad-200-g-jr-pet-products\/"},"modified":"2025-10-16T19:32:35","modified_gmt":"2025-10-16T19:32:35","slug":"100-marha-husrolad-200-g-jr-pet-products","status":"publish","type":"product","link":"https:\/\/paworite.eu\/sk\/produkt\/100-marha-husrolad-200-g-jr-pet-products\/","title":{"rendered":"M\u00e4sov\u00e1 rol\u00e1da \u2013 100% pr\u00edrodn\u00e9 hov\u00e4dzie m\u00e4so 200g &#8211; JR Pet Products"},"content":{"rendered":"<h3 data-start=\"100\" data-end=\"189\">JR Pet Products M\u00e4sov\u00e1 rol\u00e1da \u2013 100% pr\u00edrodn\u00e9, chutn\u00e9 a zdrav\u00e9 krmivo pre ka\u017ed\u00e9ho psa<\/h3>\n<p data-start=\"191\" data-end=\"461\"><strong data-start=\"191\" data-end=\"224\">JR Pet Products m\u00e4sov\u00e1 rol\u00e1da<\/strong> je jedine\u010dne pr\u00edrodn\u00e9 a v\u00fd\u017eivn\u00e9 krmivo, vyroben\u00e9 v\u00fdlu\u010dne zo 100% \u010derstv\u00e9ho m\u00e4sa ur\u010den\u00e9ho aj na \u013eudsk\u00fa spotrebu.<br data-start=\"336\" data-end=\"339\" \/>Neobsahuje obilniny, lepok, pr\u00eddavn\u00e9 l\u00e1tky ani konzervanty \u2013 len \u010dist\u00e9, pr\u00edrodn\u00e9 bielkoviny, ktor\u00e9 tvoj pes zbo\u017e\u0148uje! \ud83d\udc3e<\/p>\n<p data-start=\"463\" data-end=\"570\">Je ide\u00e1lna pre psy v\u0161etk\u00fdch plemien a ve\u013ekost\u00ed \u2013 vhodn\u00e1 na ka\u017edodenn\u00e9 k\u0155menie, ako odmena alebo na tr\u00e9ning.<\/p>\n<p data-start=\"572\" data-end=\"617\">\ud83c\udf3f <strong data-start=\"575\" data-end=\"615\">Pre\u010do je JR m\u00e4sov\u00e1 rol\u00e1da v\u00fdnimo\u010dn\u00e1?<\/strong><\/p>\n<p data-start=\"619\" data-end=\"1117\">\u2714 100% pr\u00edrodn\u00e9 ingrediencie \u2013 \u017eiadne umel\u00e9 l\u00e1tky, len skuto\u010dn\u00e9 m\u00e4so<br data-start=\"687\" data-end=\"690\" \/>\u2714 Monoprote\u00ednov\u00e1 formula \u2013 len jeden zdroj bielkov\u00edn, bezpe\u010dn\u00e1 pre citliv\u00e9 alebo alergick\u00e9 psy<br data-start=\"784\" data-end=\"787\" \/>\u2714 Bez obiln\u00edn a lepku \u2013 \u0161etrn\u00e1 k tr\u00e1veniu<br data-start=\"828\" data-end=\"831\" \/>\u2714 \u013dahko str\u00e1vite\u013en\u00e1 \u2013 neza\u0165a\u017euje \u017eal\u00fadok<br data-start=\"871\" data-end=\"874\" \/>\u2714 N\u00edzky obsah tuku, z\u00e1rove\u0148 v\u00fd\u017eivn\u00e1<br data-start=\"909\" data-end=\"912\" \/>\u2714 Vysok\u00fd obsah bielkov\u00edn pre zdrav\u00e9 svalstvo<br data-start=\"956\" data-end=\"959\" \/>\u2714 Hypoalerg\u00e9nna \u2013 ide\u00e1lna pre citliv\u00e9 psy<br data-start=\"1000\" data-end=\"1003\" \/>\u2714 Bez konzervantov \u2013 100% pr\u00edrodn\u00fd obsah<br data-start=\"1043\" data-end=\"1046\" \/>\u2714 Viac\u00fa\u010delov\u00e9 pou\u017eitie \u2013 hlavn\u00e9 jedlo, odmena, tr\u00e9ning alebo na cesty<\/p>\n<p data-start=\"1119\" data-end=\"1146\">\ud83c\udf7d\ufe0f <strong data-start=\"1123\" data-end=\"1144\">Tipy na pou\u017eitie:<\/strong><\/p>\n<ul data-start=\"1148\" data-end=\"1459\">\n<li data-start=\"1148\" data-end=\"1214\">\n<p data-start=\"1150\" data-end=\"1214\"><strong data-start=\"1150\" data-end=\"1165\">Na k\u0155menie:<\/strong> ako hlavn\u00e9 jedlo alebo doplnok k dennej strave<\/p>\n<\/li>\n<li data-start=\"1215\" data-end=\"1283\">\n<p data-start=\"1217\" data-end=\"1283\"><strong data-start=\"1217\" data-end=\"1232\">Na tr\u00e9ning:<\/strong> \u013eahko kr\u00e1jan\u00e1 a kockovate\u013en\u00e1, ide\u00e1lna ako odmena<\/p>\n<\/li>\n<li data-start=\"1284\" data-end=\"1370\">\n<p data-start=\"1286\" data-end=\"1370\"><strong data-start=\"1286\" data-end=\"1312\">Do plnite\u013en\u00fdch hra\u010diek<\/strong> (napr. Sodapup) \u2013 v\u010faka pa\u0161t\u00e9tovej konzistencii ide\u00e1lna<\/p>\n<\/li>\n<li data-start=\"1371\" data-end=\"1459\">\n<p data-start=\"1373\" data-end=\"1459\"><strong data-start=\"1373\" data-end=\"1412\">Na cesty alebo ako BARF alternat\u00edva<\/strong> \u2013 praktick\u00e1 aj bez chladenia, pr\u00edrodn\u00e1 vo\u013eba<\/p>\n<\/li>\n<\/ul>\n<p data-start=\"1461\" data-end=\"1539\">\ud83e\udd69 <strong data-start=\"1464\" data-end=\"1477\">Zlo\u017eenie:<\/strong><br data-start=\"1477\" data-end=\"1480\" \/>100% \u010derstv\u00e9 hov\u00e4dzie m\u00e4so (monoprote\u00edn, bez vn\u00fatornost\u00ed)<\/p>\n<p data-start=\"1541\" data-end=\"1565\"><strong data-start=\"1541\" data-end=\"1563\">Analytick\u00e9 zlo\u017eky:<\/strong><\/p>\n<ul data-start=\"1566\" data-end=\"1651\">\n<li data-start=\"1566\" data-end=\"1594\">\n<p data-start=\"1568\" data-end=\"1594\">Surov\u00e9 bielkoviny: 32,5%<\/p>\n<\/li>\n<li data-start=\"1595\" data-end=\"1609\">\n<p data-start=\"1597\" data-end=\"1609\">Tuk: 12,7%<\/p>\n<\/li>\n<li data-start=\"1610\" data-end=\"1628\">\n<p data-start=\"1612\" data-end=\"1628\">Vlhkos\u0165: 42,7%<\/p>\n<\/li>\n<li data-start=\"1629\" data-end=\"1651\">\n<p data-start=\"1631\" data-end=\"1651\">Surov\u00fd popol: 2,8%<\/p>\n<\/li>\n<\/ul>\n<p data-start=\"1653\" data-end=\"1676\"><strong data-start=\"1653\" data-end=\"1674\">Pridan\u00e9 vitam\u00edny:<\/strong><\/p>\n<ul data-start=\"1677\" data-end=\"1751\">\n<li data-start=\"1677\" data-end=\"1702\">\n<p data-start=\"1679\" data-end=\"1702\">Vitam\u00edn A: 4400 IU\/kg<\/p>\n<\/li>\n<li data-start=\"1703\" data-end=\"1727\">\n<p data-start=\"1705\" data-end=\"1727\">Vitam\u00edn D: 300 IU\/kg<\/p>\n<\/li>\n<li data-start=\"1728\" data-end=\"1751\">\n<p data-start=\"1730\" data-end=\"1751\">Vitam\u00edn E: 48 mg\/kg<\/p>\n<\/li>\n<\/ul>\n<p data-start=\"1753\" data-end=\"1946\">\ud83d\udca7 <strong data-start=\"1756\" data-end=\"1780\">Odpor\u00fa\u010danie k\u0155menia:<\/strong><br data-start=\"1780\" data-end=\"1783\" \/>V\u017edy zabezpe\u010d dostatok \u010derstvej pitnej vody pre svojho psa.<br data-start=\"1842\" data-end=\"1845\" \/>Skladuj na chladnom, suchom mieste. Po otvoren\u00ed skladuj v chladni\u010dke a spotrebuj do nieko\u013ek\u00fdch dn\u00ed.<\/p>\n<p data-start=\"1948\" data-end=\"2003\">\u2764\ufe0f <strong data-start=\"1951\" data-end=\"2001\">Pre\u010do si vybra\u0165 JR Pet Products m\u00e4sov\u00fa rol\u00e1du?<\/strong><\/p>\n<ul data-start=\"2005\" data-end=\"2300\">\n<li data-start=\"2005\" data-end=\"2044\">\n<p data-start=\"2007\" data-end=\"2044\">Kompletn\u00fd, pr\u00edrodn\u00fd zdroj bielkov\u00edn<\/p>\n<\/li>\n<li data-start=\"2045\" data-end=\"2084\">\n<p data-start=\"2047\" data-end=\"2084\">Ide\u00e1lna pre psy s citliv\u00fdm \u017eal\u00fadkom<\/p>\n<\/li>\n<li data-start=\"2085\" data-end=\"2125\">\n<p data-start=\"2087\" data-end=\"2125\">Chutn\u00e1, vo\u0148av\u00e1, v\u00fd\u017eivn\u00e1 a v\u0161estrann\u00e1<\/p>\n<\/li>\n<li data-start=\"2126\" data-end=\"2190\">\n<p data-start=\"2128\" data-end=\"2190\">Zdrav\u00e1 alternat\u00edva k priemyselne spracovan\u00fdm p\u00e1rom a odmen\u00e1m<\/p>\n<\/li>\n<li data-start=\"2191\" data-end=\"2300\">\n<p data-start=\"2193\" data-end=\"2300\">Dopraj svojmu psovi pr\u00edrodn\u00fa energiu \u2013 JR Pet Products m\u00e4sov\u00e1 rol\u00e1da prin\u00e1\u0161a kvalitu v ka\u017edom k\u00fasku! \ud83c\udf3f\ud83d\udc15<\/p>\n<\/li>\n<\/ul>\n","protected":false},"excerpt":{"rendered":"<p>JR Pet Products M\u00e4sov\u00e1 rol\u00e1da \u2013 100% pr\u00edrodn\u00e9, chutn\u00e9 a zdrav\u00e9 krmivo pre ka\u017ed\u00e9ho psa JR Pet Products m\u00e4sov\u00e1 rol\u00e1da je jedine\u010dne pr\u00edrodn\u00e9 a v\u00fd\u017eivn\u00e9 krmivo, vyroben\u00e9 v\u00fdlu\u010dne zo 100% \u010derstv\u00e9ho m\u00e4sa ur\u010den\u00e9ho aj na \u013eudsk\u00fa spotrebu.Neobsahuje obilniny, lepok, pr\u00eddavn\u00e9 l\u00e1tky ani konzervanty \u2013 len \u010dist\u00e9, pr\u00edrodn\u00e9 bielkoviny, ktor\u00e9 tvoj pes zbo\u017e\u0148uje! \ud83d\udc3e Je ide\u00e1lna&#8230;<\/p>\n","protected":false},"featured_media":2312,"comment_status":"closed","ping_status":"closed","template":"","meta":{"_kad_post_transparent":"default","_kad_post_title":"","_kad_post_layout":"default","_kad_post_sidebar_id":"","_kad_post_content_style":"default","_kad_post_vertical_padding":"default","_kad_post_feature":"","_kad_post_feature_position":"","_kad_post_header":false,"_kad_post_footer":false,"_kad_post_classname":""},"product_brand":[],"product_cat":[170,74,100],"product_tag":[],"class_list":{"0":"post-2381","1":"product","2":"type-product","3":"status-publish","4":"has-post-thumbnail","6":"product_cat-barf-menu","7":"product_cat-produkty","8":"product_cat-krmivo-pre-psov","10":"first","11":"instock","12":"taxable","13":"shipping-taxable","14":"purchasable","15":"product-type-simple","16":"entry","17":"content-bg","18":"loop-entry"},"yoast_head":"<!-- This site is optimized with the Yoast SEO plugin v26.5 - https:\/\/yoast.com\/wordpress\/plugins\/seo\/ -->\n<title>M\u00e4sov\u00e1 rol\u00e1da \u2013 100% pr\u00edrodn\u00e9 hov\u00e4dzie m\u00e4so 200g - JR Pet Products - Paworite<\/title>\n<meta name=\"robots\" content=\"index, follow, max-snippet:-1, max-image-preview:large, max-video-preview:-1\" \/>\n<link rel=\"canonical\" href=\"https:\/\/paworite.eu\/sk\/produkt\/100-marha-husrolad-200-g-jr-pet-products\/\" \/>\n<meta property=\"og:locale\" content=\"sk_SK\" \/>\n<meta property=\"og:type\" content=\"article\" \/>\n<meta property=\"og:title\" content=\"M\u00e4sov\u00e1 rol\u00e1da \u2013 100% pr\u00edrodn\u00e9 hov\u00e4dzie m\u00e4so 200g - JR Pet Products - Paworite\" \/>\n<meta property=\"og:description\" content=\"JR Pet Products M\u00e4sov\u00e1 rol\u00e1da \u2013 100% pr\u00edrodn\u00e9, chutn\u00e9 a zdrav\u00e9 krmivo pre ka\u017ed\u00e9ho psa JR Pet Products m\u00e4sov\u00e1 rol\u00e1da je jedine\u010dne pr\u00edrodn\u00e9 a v\u00fd\u017eivn\u00e9 krmivo, vyroben\u00e9 v\u00fdlu\u010dne zo 100% \u010derstv\u00e9ho m\u00e4sa ur\u010den\u00e9ho aj na \u013eudsk\u00fa spotrebu.Neobsahuje obilniny, lepok, pr\u00eddavn\u00e9 l\u00e1tky ani konzervanty \u2013 len \u010dist\u00e9, pr\u00edrodn\u00e9 bielkoviny, ktor\u00e9 tvoj pes zbo\u017e\u0148uje! \ud83d\udc3e Je ide\u00e1lna...\" \/>\n<meta property=\"og:url\" content=\"https:\/\/paworite.eu\/sk\/produkt\/100-marha-husrolad-200-g-jr-pet-products\/\" \/>\n<meta property=\"og:site_name\" content=\"Paworite\" \/>\n<meta property=\"article:modified_time\" content=\"2025-10-16T19:32:35+00:00\" \/>\n<meta property=\"og:image\" content=\"https:\/\/paworite.eu\/wp-content\/uploads\/2025\/10\/Pure-Pate-Beef-200g-430894.jpg.webp\" \/>\n\t<meta property=\"og:image:width\" content=\"600\" \/>\n\t<meta property=\"og:image:height\" content=\"600\" \/>\n\t<meta property=\"og:image:type\" content=\"image\/webp\" \/>\n<meta name=\"twitter:card\" content=\"summary_large_image\" \/>\n<meta name=\"twitter:label1\" content=\"Predpokladan\u00fd \u010das \u010d\u00edtania\" \/>\n\t<meta name=\"twitter:data1\" content=\"2 min\u00faty\" \/>\n<script type=\"application\/ld+json\" class=\"yoast-schema-graph\">{\"@context\":\"https:\/\/schema.org\",\"@graph\":[{\"@type\":\"WebPage\",\"@id\":\"https:\/\/paworite.eu\/sk\/produkt\/100-marha-husrolad-200-g-jr-pet-products\/\",\"url\":\"https:\/\/paworite.eu\/sk\/produkt\/100-marha-husrolad-200-g-jr-pet-products\/\",\"name\":\"M\u00e4sov\u00e1 rol\u00e1da \u2013 100% pr\u00edrodn\u00e9 hov\u00e4dzie m\u00e4so 200g - JR Pet Products - Paworite\",\"isPartOf\":{\"@id\":\"https:\/\/paworite.eu\/#website\"},\"primaryImageOfPage\":{\"@id\":\"https:\/\/paworite.eu\/sk\/produkt\/100-marha-husrolad-200-g-jr-pet-products\/#primaryimage\"},\"image\":{\"@id\":\"https:\/\/paworite.eu\/sk\/produkt\/100-marha-husrolad-200-g-jr-pet-products\/#primaryimage\"},\"thumbnailUrl\":\"https:\/\/paworite.eu\/wp-content\/uploads\/2025\/10\/Pure-Pate-Beef-200g-430894.jpg.webp\",\"datePublished\":\"2025-10-16T10:58:28+00:00\",\"dateModified\":\"2025-10-16T19:32:35+00:00\",\"breadcrumb\":{\"@id\":\"https:\/\/paworite.eu\/sk\/produkt\/100-marha-husrolad-200-g-jr-pet-products\/#breadcrumb\"},\"inLanguage\":\"sk-SK\",\"potentialAction\":[{\"@type\":\"ReadAction\",\"target\":[\"https:\/\/paworite.eu\/sk\/produkt\/100-marha-husrolad-200-g-jr-pet-products\/\"]}]},{\"@type\":\"ImageObject\",\"inLanguage\":\"sk-SK\",\"@id\":\"https:\/\/paworite.eu\/sk\/produkt\/100-marha-husrolad-200-g-jr-pet-products\/#primaryimage\",\"url\":\"https:\/\/paworite.eu\/wp-content\/uploads\/2025\/10\/Pure-Pate-Beef-200g-430894.jpg.webp\",\"contentUrl\":\"https:\/\/paworite.eu\/wp-content\/uploads\/2025\/10\/Pure-Pate-Beef-200g-430894.jpg.webp\",\"width\":600,\"height\":600},{\"@type\":\"BreadcrumbList\",\"@id\":\"https:\/\/paworite.eu\/sk\/produkt\/100-marha-husrolad-200-g-jr-pet-products\/#breadcrumb\",\"itemListElement\":[{\"@type\":\"ListItem\",\"position\":1,\"name\":\"Kezd\u0151lap\",\"item\":\"https:\/\/paworite.eu\/\"},{\"@type\":\"ListItem\",\"position\":2,\"name\":\"Shop\",\"item\":\"https:\/\/paworite.eu\/sk\/shop\/\"},{\"@type\":\"ListItem\",\"position\":3,\"name\":\"M\u00e4sov\u00e1 rol\u00e1da \u2013 100% pr\u00edrodn\u00e9 hov\u00e4dzie m\u00e4so 200g &#8211; JR Pet Products\"}]},{\"@type\":\"WebSite\",\"@id\":\"https:\/\/paworite.eu\/#website\",\"url\":\"https:\/\/paworite.eu\/\",\"name\":\"Paworite\",\"description\":\"\",\"publisher\":{\"@id\":\"https:\/\/paworite.eu\/#organization\"},\"potentialAction\":[{\"@type\":\"SearchAction\",\"target\":{\"@type\":\"EntryPoint\",\"urlTemplate\":\"https:\/\/paworite.eu\/?s={search_term_string}\"},\"query-input\":{\"@type\":\"PropertyValueSpecification\",\"valueRequired\":true,\"valueName\":\"search_term_string\"}}],\"inLanguage\":\"sk-SK\"},{\"@type\":\"Organization\",\"@id\":\"https:\/\/paworite.eu\/#organization\",\"name\":\"Paworite\",\"url\":\"https:\/\/paworite.eu\/\",\"logo\":{\"@type\":\"ImageObject\",\"inLanguage\":\"sk-SK\",\"@id\":\"https:\/\/paworite.eu\/#\/schema\/logo\/image\/\",\"url\":\"https:\/\/paworite.eu\/wp-content\/uploads\/2024\/05\/logo-uj.png\",\"contentUrl\":\"https:\/\/paworite.eu\/wp-content\/uploads\/2024\/05\/logo-uj.png\",\"width\":800,\"height\":600,\"caption\":\"Paworite\"},\"image\":{\"@id\":\"https:\/\/paworite.eu\/#\/schema\/logo\/image\/\"}}]}<\/script>\n<!-- \/ Yoast SEO plugin. -->","yoast_head_json":{"title":"M\u00e4sov\u00e1 rol\u00e1da \u2013 100% pr\u00edrodn\u00e9 hov\u00e4dzie m\u00e4so 200g - JR Pet Products - Paworite","robots":{"index":"index","follow":"follow","max-snippet":"max-snippet:-1","max-image-preview":"max-image-preview:large","max-video-preview":"max-video-preview:-1"},"canonical":"https:\/\/paworite.eu\/sk\/produkt\/100-marha-husrolad-200-g-jr-pet-products\/","og_locale":"sk_SK","og_type":"article","og_title":"M\u00e4sov\u00e1 rol\u00e1da \u2013 100% pr\u00edrodn\u00e9 hov\u00e4dzie m\u00e4so 200g - JR Pet Products - Paworite","og_description":"JR Pet Products M\u00e4sov\u00e1 rol\u00e1da \u2013 100% pr\u00edrodn\u00e9, chutn\u00e9 a zdrav\u00e9 krmivo pre ka\u017ed\u00e9ho psa JR Pet Products m\u00e4sov\u00e1 rol\u00e1da je jedine\u010dne pr\u00edrodn\u00e9 a v\u00fd\u017eivn\u00e9 krmivo, vyroben\u00e9 v\u00fdlu\u010dne zo 100% \u010derstv\u00e9ho m\u00e4sa ur\u010den\u00e9ho aj na \u013eudsk\u00fa spotrebu.Neobsahuje obilniny, lepok, pr\u00eddavn\u00e9 l\u00e1tky ani konzervanty \u2013 len \u010dist\u00e9, pr\u00edrodn\u00e9 bielkoviny, ktor\u00e9 tvoj pes zbo\u017e\u0148uje! \ud83d\udc3e Je ide\u00e1lna...","og_url":"https:\/\/paworite.eu\/sk\/produkt\/100-marha-husrolad-200-g-jr-pet-products\/","og_site_name":"Paworite","article_modified_time":"2025-10-16T19:32:35+00:00","og_image":[{"width":600,"height":600,"url":"https:\/\/paworite.eu\/wp-content\/uploads\/2025\/10\/Pure-Pate-Beef-200g-430894.jpg.webp","type":"image\/webp"}],"twitter_card":"summary_large_image","twitter_misc":{"Predpokladan\u00fd \u010das \u010d\u00edtania":"2 min\u00faty"},"schema":{"@context":"https:\/\/schema.org","@graph":[{"@type":"WebPage","@id":"https:\/\/paworite.eu\/sk\/produkt\/100-marha-husrolad-200-g-jr-pet-products\/","url":"https:\/\/paworite.eu\/sk\/produkt\/100-marha-husrolad-200-g-jr-pet-products\/","name":"M\u00e4sov\u00e1 rol\u00e1da \u2013 100% pr\u00edrodn\u00e9 hov\u00e4dzie m\u00e4so 200g - JR Pet Products - Paworite","isPartOf":{"@id":"https:\/\/paworite.eu\/#website"},"primaryImageOfPage":{"@id":"https:\/\/paworite.eu\/sk\/produkt\/100-marha-husrolad-200-g-jr-pet-products\/#primaryimage"},"image":{"@id":"https:\/\/paworite.eu\/sk\/produkt\/100-marha-husrolad-200-g-jr-pet-products\/#primaryimage"},"thumbnailUrl":"https:\/\/paworite.eu\/wp-content\/uploads\/2025\/10\/Pure-Pate-Beef-200g-430894.jpg.webp","datePublished":"2025-10-16T10:58:28+00:00","dateModified":"2025-10-16T19:32:35+00:00","breadcrumb":{"@id":"https:\/\/paworite.eu\/sk\/produkt\/100-marha-husrolad-200-g-jr-pet-products\/#breadcrumb"},"inLanguage":"sk-SK","potentialAction":[{"@type":"ReadAction","target":["https:\/\/paworite.eu\/sk\/produkt\/100-marha-husrolad-200-g-jr-pet-products\/"]}]},{"@type":"ImageObject","inLanguage":"sk-SK","@id":"https:\/\/paworite.eu\/sk\/produkt\/100-marha-husrolad-200-g-jr-pet-products\/#primaryimage","url":"https:\/\/paworite.eu\/wp-content\/uploads\/2025\/10\/Pure-Pate-Beef-200g-430894.jpg.webp","contentUrl":"https:\/\/paworite.eu\/wp-content\/uploads\/2025\/10\/Pure-Pate-Beef-200g-430894.jpg.webp","width":600,"height":600},{"@type":"BreadcrumbList","@id":"https:\/\/paworite.eu\/sk\/produkt\/100-marha-husrolad-200-g-jr-pet-products\/#breadcrumb","itemListElement":[{"@type":"ListItem","position":1,"name":"Kezd\u0151lap","item":"https:\/\/paworite.eu\/"},{"@type":"ListItem","position":2,"name":"Shop","item":"https:\/\/paworite.eu\/sk\/shop\/"},{"@type":"ListItem","position":3,"name":"M\u00e4sov\u00e1 rol\u00e1da \u2013 100% pr\u00edrodn\u00e9 hov\u00e4dzie m\u00e4so 200g &#8211; JR Pet Products"}]},{"@type":"WebSite","@id":"https:\/\/paworite.eu\/#website","url":"https:\/\/paworite.eu\/","name":"Paworite","description":"","publisher":{"@id":"https:\/\/paworite.eu\/#organization"},"potentialAction":[{"@type":"SearchAction","target":{"@type":"EntryPoint","urlTemplate":"https:\/\/paworite.eu\/?s={search_term_string}"},"query-input":{"@type":"PropertyValueSpecification","valueRequired":true,"valueName":"search_term_string"}}],"inLanguage":"sk-SK"},{"@type":"Organization","@id":"https:\/\/paworite.eu\/#organization","name":"Paworite","url":"https:\/\/paworite.eu\/","logo":{"@type":"ImageObject","inLanguage":"sk-SK","@id":"https:\/\/paworite.eu\/#\/schema\/logo\/image\/","url":"https:\/\/paworite.eu\/wp-content\/uploads\/2024\/05\/logo-uj.png","contentUrl":"https:\/\/paworite.eu\/wp-content\/uploads\/2024\/05\/logo-uj.png","width":800,"height":600,"caption":"Paworite"},"image":{"@id":"https:\/\/paworite.eu\/#\/schema\/logo\/image\/"}}]}},"_links":{"self":[{"href":"https:\/\/paworite.eu\/sk\/wp-json\/wp\/v2\/product\/2381","targetHints":{"allow":["GET"]}}],"collection":[{"href":"https:\/\/paworite.eu\/sk\/wp-json\/wp\/v2\/product"}],"about":[{"href":"https:\/\/paworite.eu\/sk\/wp-json\/wp\/v2\/types\/product"}],"replies":[{"embeddable":true,"href":"https:\/\/paworite.eu\/sk\/wp-json\/wp\/v2\/comments?post=2381"}],"wp:featuredmedia":[{"embeddable":true,"href":"https:\/\/paworite.eu\/sk\/wp-json\/wp\/v2\/media\/2312"}],"wp:attachment":[{"href":"https:\/\/paworite.eu\/sk\/wp-json\/wp\/v2\/media?parent=2381"}],"wp:term":[{"taxonomy":"product_brand","embeddable":true,"href":"https:\/\/paworite.eu\/sk\/wp-json\/wp\/v2\/product_brand?post=2381"},{"taxonomy":"product_cat","embeddable":true,"href":"https:\/\/paworite.eu\/sk\/wp-json\/wp\/v2\/product_cat?post=2381"},{"taxonomy":"product_tag","embeddable":true,"href":"https:\/\/paworite.eu\/sk\/wp-json\/wp\/v2\/product_tag?post=2381"}],"curies":[{"name":"wp","href":"https:\/\/api.w.org\/{rel}","templated":true}]}}