{"id":2385,"date":"2025-10-16T11:56:07","date_gmt":"2025-10-16T11:56:07","guid":{"rendered":"https:\/\/paworite.eu\/product\/allergia-elleni-kutyasampon-gyogyhatasu-prebiotikumos-osszetevokkel-we-love-bark-allergy\/"},"modified":"2025-10-16T19:38:27","modified_gmt":"2025-10-16T19:38:27","slug":"allergia-elleni-kutyasampon-gyogyhatasu-prebiotikumos-osszetevokkel-we-love-bark-allergy","status":"publish","type":"product","link":"https:\/\/paworite.eu\/sk\/produkt\/allergia-elleni-kutyasampon-gyogyhatasu-prebiotikumos-osszetevokkel-we-love-bark-allergy\/","title":{"rendered":"We Love Bark Allergy \u2013 Prebiotick\u00fd veg\u00e1nsky \u0161amp\u00f3n pre pso"},"content":{"rendered":"<p data-start=\"61\" data-end=\"356\">We Love Bark Allergy je 100% pr\u00edrodn\u00fd, veg\u00e1nsky a poko\u017eke \u0161etrn\u00fd \u0161amp\u00f3n vyvinut\u00fd \u0161peci\u00e1lne pre psov s alergickou alebo citlivou poko\u017ekou. Jeho prebiotick\u00e1 recept\u00fara podporuje rovnov\u00e1hu mikrobiomu poko\u017eky, posil\u0148uje prirodzen\u00fa ochrann\u00fa bari\u00e9ru a zanech\u00e1va srs\u0165 jemn\u00fa, leskl\u00fa a \u013eahko roz\u010desate\u013en\u00fa.<\/p>\n<hr data-start=\"358\" data-end=\"361\" \/>\n<h3 data-start=\"363\" data-end=\"387\">\ud83e\uddf4 Hlavn\u00e9 vlastnosti<\/h3>\n<ul data-start=\"389\" data-end=\"789\">\n<li data-start=\"389\" data-end=\"433\">\n<p data-start=\"391\" data-end=\"433\"><strong data-start=\"391\" data-end=\"401\">Objem:<\/strong> 250 ml s uzatv\u00e1rate\u013en\u00fdm vie\u010dkom<\/p>\n<\/li>\n<li data-start=\"434\" data-end=\"483\">\n<p data-start=\"436\" data-end=\"483\"><strong data-start=\"436\" data-end=\"457\">Vekov\u00e1 kateg\u00f3ria:<\/strong> Vhodn\u00fd od \u0161te\u0148acieho veku<\/p>\n<\/li>\n<li data-start=\"484\" data-end=\"518\">\n<p data-start=\"486\" data-end=\"518\"><strong data-start=\"486\" data-end=\"502\">Trvanlivos\u0165:<\/strong> Pribli\u017ene 1 rok<\/p>\n<\/li>\n<li data-start=\"519\" data-end=\"552\">\n<p data-start=\"521\" data-end=\"552\"><strong data-start=\"521\" data-end=\"530\">V\u00f4\u0148a:<\/strong> Upokojuj\u00faca levandu\u013ea<\/p>\n<\/li>\n<li data-start=\"553\" data-end=\"588\">\n<p data-start=\"555\" data-end=\"588\"><strong data-start=\"555\" data-end=\"567\">Bylinky:<\/strong> Levandu\u013ea, harman\u010dek<\/p>\n<\/li>\n<li data-start=\"589\" data-end=\"665\">\n<p data-start=\"591\" data-end=\"665\"><strong data-start=\"591\" data-end=\"618\">Studen\u00fd lisovan\u00e9 oleje:<\/strong> Extra panensk\u00fd kokosov\u00fd olej, levandu\u013eov\u00fd olej<\/p>\n<\/li>\n<li data-start=\"666\" data-end=\"712\">\n<p data-start=\"668\" data-end=\"712\"><strong data-start=\"668\" data-end=\"686\">Akt\u00edvne l\u00e1tky:<\/strong> Argin\u00edn, alanto\u00edn, betain<\/p>\n<\/li>\n<li data-start=\"713\" data-end=\"738\">\n<p data-start=\"715\" data-end=\"738\"><strong data-start=\"715\" data-end=\"731\">Prebiotikum:<\/strong> Inul\u00edn<\/p>\n<\/li>\n<li data-start=\"739\" data-end=\"789\">\n<p data-start=\"741\" data-end=\"789\"><strong data-start=\"741\" data-end=\"754\">Riedenie:<\/strong> Pri potreba maxim\u00e1lne v pomere 1:5<\/p>\n<\/li>\n<\/ul>\n<hr data-start=\"791\" data-end=\"794\" \/>\n<h3 data-start=\"796\" data-end=\"835\">\ud83c\udf3f \u010co rob\u00ed tento \u0161amp\u00f3n v\u00fdnimo\u010dn\u00fdm?<\/h3>\n<ul data-start=\"837\" data-end=\"1503\">\n<li data-start=\"837\" data-end=\"951\">\n<p data-start=\"839\" data-end=\"951\"><strong data-start=\"839\" data-end=\"865\">Prebiotick\u00e1 recept\u00fara:<\/strong> Podporuje rovnov\u00e1hu mikrobiomu poko\u017eky, \u010d\u00edm pom\u00e1ha pri regener\u00e1cii a ochrane poko\u017eky.<\/p>\n<\/li>\n<li data-start=\"952\" data-end=\"1075\">\n<p data-start=\"954\" data-end=\"1075\"><strong data-start=\"954\" data-end=\"978\">Bylinky a bio oleje:<\/strong> Levandu\u013ea a harman\u010dek maj\u00fa antibakteri\u00e1lne a protiz\u00e1palov\u00e9 \u00fa\u010dinky, upokojuj\u00fa podr\u00e1\u017eden\u00fa poko\u017eku.<\/p>\n<\/li>\n<li data-start=\"1076\" data-end=\"1199\">\n<p data-start=\"1078\" data-end=\"1199\"><strong data-start=\"1078\" data-end=\"1102\">Hydrat\u00e1cia a v\u00fd\u017eiva:<\/strong> Studen\u00fd lisovan\u00fd kokosov\u00fd olej hlboko hydratuje, zjem\u0148uje a chr\u00e1ni srs\u0165 pred vonkaj\u0161\u00edmi vplyvmi.<\/p>\n<\/li>\n<li data-start=\"1200\" data-end=\"1322\">\n<p data-start=\"1202\" data-end=\"1322\"><strong data-start=\"1202\" data-end=\"1226\">Regener\u00e1cia poko\u017eky:<\/strong> Argin\u00edn a alanto\u00edn posil\u0148uj\u00fa ochrann\u00fa bari\u00e9ru poko\u017eky, zni\u017euj\u00fa podr\u00e1\u017edenie a podporuj\u00fa hojenie.<\/p>\n<\/li>\n<li data-start=\"1323\" data-end=\"1441\">\n<p data-start=\"1325\" data-end=\"1441\"><strong data-start=\"1325\" data-end=\"1355\">Bez \u0161kodliv\u00fdch chemik\u00e1li\u00ed:<\/strong> Neobsahuje parab\u00e9ny, silik\u00f3ny, sulf\u00e1ty, ftal\u00e1ty, palmov\u00fd olej ani syntetick\u00e9 parfumy.<\/p>\n<\/li>\n<li data-start=\"1442\" data-end=\"1503\">\n<p data-start=\"1444\" data-end=\"1503\"><strong data-start=\"1444\" data-end=\"1466\">Optimalizovan\u00e9 pH:<\/strong> Prisp\u00f4soben\u00e9 pH pre ps\u00edkovu poko\u017eku.<\/p>\n<\/li>\n<\/ul>\n<hr data-start=\"1505\" data-end=\"1508\" \/>\n<h3 data-start=\"1510\" data-end=\"1549\">\ud83d\udc3e Pre koho je tento \u0161amp\u00f3n ur\u010den\u00fd?<\/h3>\n<ul data-start=\"1551\" data-end=\"1832\">\n<li data-start=\"1551\" data-end=\"1610\">\n<p data-start=\"1553\" data-end=\"1610\">Pre psov s alergick\u00fdmi reakciami alebo citlivou poko\u017ekou.<\/p>\n<\/li>\n<li data-start=\"1611\" data-end=\"1656\">\n<p data-start=\"1613\" data-end=\"1656\">Pre psov, ktor\u00ed sa \u010dasto \u0161krab\u00fa alebo l\u00ed\u017eu.<\/p>\n<\/li>\n<li data-start=\"1657\" data-end=\"1717\">\n<p data-start=\"1659\" data-end=\"1717\">Pre psov s lupinami, vyr\u00e1\u017ekami alebo za\u010dervenan\u00edm poko\u017eky.<\/p>\n<\/li>\n<li data-start=\"1718\" data-end=\"1767\">\n<p data-start=\"1720\" data-end=\"1767\">Pre psov s mastnou alebo dehydratovanou srs\u0165ou.<\/p>\n<\/li>\n<li data-start=\"1768\" data-end=\"1832\">\n<p data-start=\"1770\" data-end=\"1832\">Pre psov, ktor\u00ed s\u00fa vystaven\u00ed stresu alebo vonkaj\u0161\u00edm alerg\u00e9nom.<\/p>\n<\/li>\n<\/ul>\n<hr data-start=\"1834\" data-end=\"1837\" \/>\n<h3 data-start=\"1839\" data-end=\"1863\">\ud83d\udca7 N\u00e1vod na pou\u017eitie<\/h3>\n<ol data-start=\"1865\" data-end=\"2296\">\n<li data-start=\"1865\" data-end=\"1907\">\n<p data-start=\"1868\" data-end=\"1907\">Pred pou\u017eit\u00edm d\u00f4kladne pretrepte f\u013ea\u0161u.<\/p>\n<\/li>\n<li data-start=\"1908\" data-end=\"1968\">\n<p data-start=\"1911\" data-end=\"1968\">Navlh\u010dite srs\u0165 psa vla\u017enou alebo telesnou teplotou vodou.<\/p>\n<\/li>\n<li data-start=\"1969\" data-end=\"2005\">\n<p data-start=\"1972\" data-end=\"2005\">Naneste \u0161amp\u00f3n od krku po chvost.<\/p>\n<\/li>\n<li data-start=\"2006\" data-end=\"2051\">\n<p data-start=\"2009\" data-end=\"2051\">Vytvorte penu a jemne vmas\u00edrujte do srsti.<\/p>\n<\/li>\n<li data-start=\"2052\" data-end=\"2081\">\n<p data-start=\"2055\" data-end=\"2081\">Nechajte p\u00f4sobi\u0165 3 min\u00faty.<\/p>\n<\/li>\n<li data-start=\"2082\" data-end=\"2105\">\n<p data-start=\"2085\" data-end=\"2105\">D\u00f4kladne opl\u00e1chnite.<\/p>\n<\/li>\n<li data-start=\"2106\" data-end=\"2210\">\n<p data-start=\"2109\" data-end=\"2210\">Volite\u013ene: Pou\u017eite ako balzam, naneste na vypl\u00e1chan\u00fa srs\u0165, nechajte chv\u00ed\u013eu p\u00f4sobi\u0165 a op\u00e4\u0165 opl\u00e1chnite.<\/p>\n<\/li>\n<li data-start=\"2211\" data-end=\"2296\">\n<p data-start=\"2214\" data-end=\"2296\">Osu\u0161te psa uter\u00e1kom a vychutnajte si jemn\u00fa, leskl\u00fa srs\u0165 a svie\u017eu levandu\u013eov\u00fa v\u00f4\u0148u.<\/p>\n<\/li>\n<\/ol>\n<hr data-start=\"2298\" data-end=\"2301\" \/>\n<h3 data-start=\"2303\" data-end=\"2353\">\u2705 Pre\u010do si vybra\u0165 We Love Bark Allergy \u0161amp\u00f3n?<\/h3>\n<ul data-start=\"2355\" data-end=\"2656\">\n<li data-start=\"2355\" data-end=\"2414\">\n<p data-start=\"2357\" data-end=\"2414\">Ide\u00e1lny pre psov s alergick\u00fdmi alebo citliv\u00fdmi poko\u017ekami.<\/p>\n<\/li>\n<li data-start=\"2415\" data-end=\"2453\">\n<p data-start=\"2417\" data-end=\"2453\">Bezpe\u010dn\u00fd aj pre ka\u017edodenn\u00e9 pou\u017eitie.<\/p>\n<\/li>\n<li data-start=\"2454\" data-end=\"2509\">\n<p data-start=\"2456\" data-end=\"2509\">Vyroben\u00fd z pr\u00edrodn\u00fdch, veg\u00e1nskych a \u0161etrn\u00fdch zlo\u017eiek.<\/p>\n<\/li>\n<li data-start=\"2510\" data-end=\"2558\">\n<p data-start=\"2512\" data-end=\"2558\">Posil\u0148uje prirodzen\u00fa ochrann\u00fa bari\u00e9ru poko\u017eky.<\/p>\n<\/li>\n<li data-start=\"2559\" data-end=\"2611\">\n<p data-start=\"2561\" data-end=\"2611\">Zanech\u00e1va srs\u0165 jemn\u00fa, leskl\u00fa a \u013eahko roz\u010desate\u013en\u00fa.<\/p>\n<\/li>\n<li data-start=\"2612\" data-end=\"2656\">\n<p data-start=\"2614\" data-end=\"2656\">Upokojuj\u00face \u00fa\u010dinky levandule a harman\u010deka.<\/p>\n<\/li>\n<\/ul>\n","protected":false},"excerpt":{"rendered":"<p>We Love Bark Allergy je 100% pr\u00edrodn\u00fd, veg\u00e1nsky a poko\u017eke \u0161etrn\u00fd \u0161amp\u00f3n vyvinut\u00fd \u0161peci\u00e1lne pre psov s alergickou alebo citlivou poko\u017ekou. Jeho prebiotick\u00e1 recept\u00fara podporuje rovnov\u00e1hu mikrobiomu poko\u017eky, posil\u0148uje prirodzen\u00fa ochrann\u00fa bari\u00e9ru a zanech\u00e1va srs\u0165 jemn\u00fa, leskl\u00fa a \u013eahko roz\u010desate\u013en\u00fa. \ud83e\uddf4 Hlavn\u00e9 vlastnosti Objem: 250 ml s uzatv\u00e1rate\u013en\u00fdm vie\u010dkom Vekov\u00e1 kateg\u00f3ria: Vhodn\u00fd od \u0161te\u0148acieho veku&#8230;<\/p>\n","protected":false},"featured_media":2370,"comment_status":"closed","ping_status":"closed","template":"","meta":{"_kad_post_transparent":"default","_kad_post_title":"","_kad_post_layout":"default","_kad_post_sidebar_id":"","_kad_post_content_style":"default","_kad_post_vertical_padding":"default","_kad_post_feature":"","_kad_post_feature_position":"","_kad_post_header":false,"_kad_post_footer":false,"_kad_post_classname":""},"product_brand":[],"product_cat":[74,186,188,185],"product_tag":[],"class_list":{"0":"post-2385","1":"product","2":"type-product","3":"status-publish","4":"has-post-thumbnail","6":"product_cat-produkty","7":"product_cat-psia-kozmetika","8":"product_cat-sampony-pre-psov","9":"product_cat-starostlivost-a-kupanie","11":"first","12":"instock","13":"taxable","14":"shipping-taxable","15":"purchasable","16":"product-type-simple","17":"entry","18":"content-bg","19":"loop-entry"},"yoast_head":"<!-- This site is optimized with the Yoast SEO plugin v26.5 - https:\/\/yoast.com\/wordpress\/plugins\/seo\/ -->\n<title>We Love Bark Allergy \u2013 Prebiotick\u00fd veg\u00e1nsky \u0161amp\u00f3n pre pso - Paworite<\/title>\n<meta name=\"robots\" content=\"index, follow, max-snippet:-1, max-image-preview:large, max-video-preview:-1\" \/>\n<link rel=\"canonical\" href=\"https:\/\/paworite.eu\/sk\/produkt\/allergia-elleni-kutyasampon-gyogyhatasu-prebiotikumos-osszetevokkel-we-love-bark-allergy\/\" \/>\n<meta property=\"og:locale\" content=\"sk_SK\" \/>\n<meta property=\"og:type\" content=\"article\" \/>\n<meta property=\"og:title\" content=\"We Love Bark Allergy \u2013 Prebiotick\u00fd veg\u00e1nsky \u0161amp\u00f3n pre pso - Paworite\" \/>\n<meta property=\"og:description\" content=\"We Love Bark Allergy je 100% pr\u00edrodn\u00fd, veg\u00e1nsky a poko\u017eke \u0161etrn\u00fd \u0161amp\u00f3n vyvinut\u00fd \u0161peci\u00e1lne pre psov s alergickou alebo citlivou poko\u017ekou. Jeho prebiotick\u00e1 recept\u00fara podporuje rovnov\u00e1hu mikrobiomu poko\u017eky, posil\u0148uje prirodzen\u00fa ochrann\u00fa bari\u00e9ru a zanech\u00e1va srs\u0165 jemn\u00fa, leskl\u00fa a \u013eahko roz\u010desate\u013en\u00fa. \ud83e\uddf4 Hlavn\u00e9 vlastnosti Objem: 250 ml s uzatv\u00e1rate\u013en\u00fdm vie\u010dkom Vekov\u00e1 kateg\u00f3ria: Vhodn\u00fd od \u0161te\u0148acieho veku...\" \/>\n<meta property=\"og:url\" content=\"https:\/\/paworite.eu\/sk\/produkt\/allergia-elleni-kutyasampon-gyogyhatasu-prebiotikumos-osszetevokkel-we-love-bark-allergy\/\" \/>\n<meta property=\"og:site_name\" content=\"Paworite\" \/>\n<meta property=\"article:modified_time\" content=\"2025-10-16T19:38:27+00:00\" \/>\n<meta property=\"og:image\" content=\"https:\/\/paworite.eu\/wp-content\/uploads\/2025\/10\/allergy.png.webp\" \/>\n\t<meta property=\"og:image:width\" content=\"550\" \/>\n\t<meta property=\"og:image:height\" content=\"550\" \/>\n\t<meta property=\"og:image:type\" content=\"image\/webp\" \/>\n<meta name=\"twitter:card\" content=\"summary_large_image\" \/>\n<meta name=\"twitter:label1\" content=\"Predpokladan\u00fd \u010das \u010d\u00edtania\" \/>\n\t<meta name=\"twitter:data1\" content=\"2 min\u00faty\" \/>\n<script type=\"application\/ld+json\" class=\"yoast-schema-graph\">{\"@context\":\"https:\/\/schema.org\",\"@graph\":[{\"@type\":\"WebPage\",\"@id\":\"https:\/\/paworite.eu\/sk\/produkt\/allergia-elleni-kutyasampon-gyogyhatasu-prebiotikumos-osszetevokkel-we-love-bark-allergy\/\",\"url\":\"https:\/\/paworite.eu\/sk\/produkt\/allergia-elleni-kutyasampon-gyogyhatasu-prebiotikumos-osszetevokkel-we-love-bark-allergy\/\",\"name\":\"We Love Bark Allergy \u2013 Prebiotick\u00fd veg\u00e1nsky \u0161amp\u00f3n pre pso - Paworite\",\"isPartOf\":{\"@id\":\"https:\/\/paworite.eu\/#website\"},\"primaryImageOfPage\":{\"@id\":\"https:\/\/paworite.eu\/sk\/produkt\/allergia-elleni-kutyasampon-gyogyhatasu-prebiotikumos-osszetevokkel-we-love-bark-allergy\/#primaryimage\"},\"image\":{\"@id\":\"https:\/\/paworite.eu\/sk\/produkt\/allergia-elleni-kutyasampon-gyogyhatasu-prebiotikumos-osszetevokkel-we-love-bark-allergy\/#primaryimage\"},\"thumbnailUrl\":\"https:\/\/paworite.eu\/wp-content\/uploads\/2025\/10\/allergy.png.webp\",\"datePublished\":\"2025-10-16T11:56:07+00:00\",\"dateModified\":\"2025-10-16T19:38:27+00:00\",\"breadcrumb\":{\"@id\":\"https:\/\/paworite.eu\/sk\/produkt\/allergia-elleni-kutyasampon-gyogyhatasu-prebiotikumos-osszetevokkel-we-love-bark-allergy\/#breadcrumb\"},\"inLanguage\":\"sk-SK\",\"potentialAction\":[{\"@type\":\"ReadAction\",\"target\":[\"https:\/\/paworite.eu\/sk\/produkt\/allergia-elleni-kutyasampon-gyogyhatasu-prebiotikumos-osszetevokkel-we-love-bark-allergy\/\"]}]},{\"@type\":\"ImageObject\",\"inLanguage\":\"sk-SK\",\"@id\":\"https:\/\/paworite.eu\/sk\/produkt\/allergia-elleni-kutyasampon-gyogyhatasu-prebiotikumos-osszetevokkel-we-love-bark-allergy\/#primaryimage\",\"url\":\"https:\/\/paworite.eu\/wp-content\/uploads\/2025\/10\/allergy.png.webp\",\"contentUrl\":\"https:\/\/paworite.eu\/wp-content\/uploads\/2025\/10\/allergy.png.webp\",\"width\":550,\"height\":550},{\"@type\":\"BreadcrumbList\",\"@id\":\"https:\/\/paworite.eu\/sk\/produkt\/allergia-elleni-kutyasampon-gyogyhatasu-prebiotikumos-osszetevokkel-we-love-bark-allergy\/#breadcrumb\",\"itemListElement\":[{\"@type\":\"ListItem\",\"position\":1,\"name\":\"Kezd\u0151lap\",\"item\":\"https:\/\/paworite.eu\/\"},{\"@type\":\"ListItem\",\"position\":2,\"name\":\"Shop\",\"item\":\"https:\/\/paworite.eu\/sk\/shop\/\"},{\"@type\":\"ListItem\",\"position\":3,\"name\":\"We Love Bark Allergy \u2013 Prebiotick\u00fd veg\u00e1nsky \u0161amp\u00f3n pre pso\"}]},{\"@type\":\"WebSite\",\"@id\":\"https:\/\/paworite.eu\/#website\",\"url\":\"https:\/\/paworite.eu\/\",\"name\":\"Paworite\",\"description\":\"\",\"publisher\":{\"@id\":\"https:\/\/paworite.eu\/#organization\"},\"potentialAction\":[{\"@type\":\"SearchAction\",\"target\":{\"@type\":\"EntryPoint\",\"urlTemplate\":\"https:\/\/paworite.eu\/?s={search_term_string}\"},\"query-input\":{\"@type\":\"PropertyValueSpecification\",\"valueRequired\":true,\"valueName\":\"search_term_string\"}}],\"inLanguage\":\"sk-SK\"},{\"@type\":\"Organization\",\"@id\":\"https:\/\/paworite.eu\/#organization\",\"name\":\"Paworite\",\"url\":\"https:\/\/paworite.eu\/\",\"logo\":{\"@type\":\"ImageObject\",\"inLanguage\":\"sk-SK\",\"@id\":\"https:\/\/paworite.eu\/#\/schema\/logo\/image\/\",\"url\":\"https:\/\/paworite.eu\/wp-content\/uploads\/2024\/05\/logo-uj.png\",\"contentUrl\":\"https:\/\/paworite.eu\/wp-content\/uploads\/2024\/05\/logo-uj.png\",\"width\":800,\"height\":600,\"caption\":\"Paworite\"},\"image\":{\"@id\":\"https:\/\/paworite.eu\/#\/schema\/logo\/image\/\"}}]}<\/script>\n<!-- \/ Yoast SEO plugin. -->","yoast_head_json":{"title":"We Love Bark Allergy \u2013 Prebiotick\u00fd veg\u00e1nsky \u0161amp\u00f3n pre pso - Paworite","robots":{"index":"index","follow":"follow","max-snippet":"max-snippet:-1","max-image-preview":"max-image-preview:large","max-video-preview":"max-video-preview:-1"},"canonical":"https:\/\/paworite.eu\/sk\/produkt\/allergia-elleni-kutyasampon-gyogyhatasu-prebiotikumos-osszetevokkel-we-love-bark-allergy\/","og_locale":"sk_SK","og_type":"article","og_title":"We Love Bark Allergy \u2013 Prebiotick\u00fd veg\u00e1nsky \u0161amp\u00f3n pre pso - Paworite","og_description":"We Love Bark Allergy je 100% pr\u00edrodn\u00fd, veg\u00e1nsky a poko\u017eke \u0161etrn\u00fd \u0161amp\u00f3n vyvinut\u00fd \u0161peci\u00e1lne pre psov s alergickou alebo citlivou poko\u017ekou. Jeho prebiotick\u00e1 recept\u00fara podporuje rovnov\u00e1hu mikrobiomu poko\u017eky, posil\u0148uje prirodzen\u00fa ochrann\u00fa bari\u00e9ru a zanech\u00e1va srs\u0165 jemn\u00fa, leskl\u00fa a \u013eahko roz\u010desate\u013en\u00fa. \ud83e\uddf4 Hlavn\u00e9 vlastnosti Objem: 250 ml s uzatv\u00e1rate\u013en\u00fdm vie\u010dkom Vekov\u00e1 kateg\u00f3ria: Vhodn\u00fd od \u0161te\u0148acieho veku...","og_url":"https:\/\/paworite.eu\/sk\/produkt\/allergia-elleni-kutyasampon-gyogyhatasu-prebiotikumos-osszetevokkel-we-love-bark-allergy\/","og_site_name":"Paworite","article_modified_time":"2025-10-16T19:38:27+00:00","og_image":[{"width":550,"height":550,"url":"https:\/\/paworite.eu\/wp-content\/uploads\/2025\/10\/allergy.png.webp","type":"image\/webp"}],"twitter_card":"summary_large_image","twitter_misc":{"Predpokladan\u00fd \u010das \u010d\u00edtania":"2 min\u00faty"},"schema":{"@context":"https:\/\/schema.org","@graph":[{"@type":"WebPage","@id":"https:\/\/paworite.eu\/sk\/produkt\/allergia-elleni-kutyasampon-gyogyhatasu-prebiotikumos-osszetevokkel-we-love-bark-allergy\/","url":"https:\/\/paworite.eu\/sk\/produkt\/allergia-elleni-kutyasampon-gyogyhatasu-prebiotikumos-osszetevokkel-we-love-bark-allergy\/","name":"We Love Bark Allergy \u2013 Prebiotick\u00fd veg\u00e1nsky \u0161amp\u00f3n pre pso - Paworite","isPartOf":{"@id":"https:\/\/paworite.eu\/#website"},"primaryImageOfPage":{"@id":"https:\/\/paworite.eu\/sk\/produkt\/allergia-elleni-kutyasampon-gyogyhatasu-prebiotikumos-osszetevokkel-we-love-bark-allergy\/#primaryimage"},"image":{"@id":"https:\/\/paworite.eu\/sk\/produkt\/allergia-elleni-kutyasampon-gyogyhatasu-prebiotikumos-osszetevokkel-we-love-bark-allergy\/#primaryimage"},"thumbnailUrl":"https:\/\/paworite.eu\/wp-content\/uploads\/2025\/10\/allergy.png.webp","datePublished":"2025-10-16T11:56:07+00:00","dateModified":"2025-10-16T19:38:27+00:00","breadcrumb":{"@id":"https:\/\/paworite.eu\/sk\/produkt\/allergia-elleni-kutyasampon-gyogyhatasu-prebiotikumos-osszetevokkel-we-love-bark-allergy\/#breadcrumb"},"inLanguage":"sk-SK","potentialAction":[{"@type":"ReadAction","target":["https:\/\/paworite.eu\/sk\/produkt\/allergia-elleni-kutyasampon-gyogyhatasu-prebiotikumos-osszetevokkel-we-love-bark-allergy\/"]}]},{"@type":"ImageObject","inLanguage":"sk-SK","@id":"https:\/\/paworite.eu\/sk\/produkt\/allergia-elleni-kutyasampon-gyogyhatasu-prebiotikumos-osszetevokkel-we-love-bark-allergy\/#primaryimage","url":"https:\/\/paworite.eu\/wp-content\/uploads\/2025\/10\/allergy.png.webp","contentUrl":"https:\/\/paworite.eu\/wp-content\/uploads\/2025\/10\/allergy.png.webp","width":550,"height":550},{"@type":"BreadcrumbList","@id":"https:\/\/paworite.eu\/sk\/produkt\/allergia-elleni-kutyasampon-gyogyhatasu-prebiotikumos-osszetevokkel-we-love-bark-allergy\/#breadcrumb","itemListElement":[{"@type":"ListItem","position":1,"name":"Kezd\u0151lap","item":"https:\/\/paworite.eu\/"},{"@type":"ListItem","position":2,"name":"Shop","item":"https:\/\/paworite.eu\/sk\/shop\/"},{"@type":"ListItem","position":3,"name":"We Love Bark Allergy \u2013 Prebiotick\u00fd veg\u00e1nsky \u0161amp\u00f3n pre pso"}]},{"@type":"WebSite","@id":"https:\/\/paworite.eu\/#website","url":"https:\/\/paworite.eu\/","name":"Paworite","description":"","publisher":{"@id":"https:\/\/paworite.eu\/#organization"},"potentialAction":[{"@type":"SearchAction","target":{"@type":"EntryPoint","urlTemplate":"https:\/\/paworite.eu\/?s={search_term_string}"},"query-input":{"@type":"PropertyValueSpecification","valueRequired":true,"valueName":"search_term_string"}}],"inLanguage":"sk-SK"},{"@type":"Organization","@id":"https:\/\/paworite.eu\/#organization","name":"Paworite","url":"https:\/\/paworite.eu\/","logo":{"@type":"ImageObject","inLanguage":"sk-SK","@id":"https:\/\/paworite.eu\/#\/schema\/logo\/image\/","url":"https:\/\/paworite.eu\/wp-content\/uploads\/2024\/05\/logo-uj.png","contentUrl":"https:\/\/paworite.eu\/wp-content\/uploads\/2024\/05\/logo-uj.png","width":800,"height":600,"caption":"Paworite"},"image":{"@id":"https:\/\/paworite.eu\/#\/schema\/logo\/image\/"}}]}},"_links":{"self":[{"href":"https:\/\/paworite.eu\/sk\/wp-json\/wp\/v2\/product\/2385","targetHints":{"allow":["GET"]}}],"collection":[{"href":"https:\/\/paworite.eu\/sk\/wp-json\/wp\/v2\/product"}],"about":[{"href":"https:\/\/paworite.eu\/sk\/wp-json\/wp\/v2\/types\/product"}],"replies":[{"embeddable":true,"href":"https:\/\/paworite.eu\/sk\/wp-json\/wp\/v2\/comments?post=2385"}],"wp:featuredmedia":[{"embeddable":true,"href":"https:\/\/paworite.eu\/sk\/wp-json\/wp\/v2\/media\/2370"}],"wp:attachment":[{"href":"https:\/\/paworite.eu\/sk\/wp-json\/wp\/v2\/media?parent=2385"}],"wp:term":[{"taxonomy":"product_brand","embeddable":true,"href":"https:\/\/paworite.eu\/sk\/wp-json\/wp\/v2\/product_brand?post=2385"},{"taxonomy":"product_cat","embeddable":true,"href":"https:\/\/paworite.eu\/sk\/wp-json\/wp\/v2\/product_cat?post=2385"},{"taxonomy":"product_tag","embeddable":true,"href":"https:\/\/paworite.eu\/sk\/wp-json\/wp\/v2\/product_tag?post=2385"}],"curies":[{"name":"wp","href":"https:\/\/api.w.org\/{rel}","templated":true}]}}