{"id":2391,"date":"2025-10-16T11:37:23","date_gmt":"2025-10-16T11:37:23","guid":{"rendered":"https:\/\/paworite.eu\/product\/marhahus-menu-fott-kutyaeledel-80-hustartalommal-300-g-petpincer-carlos-extra\/"},"modified":"2025-10-16T19:55:14","modified_gmt":"2025-10-16T19:55:14","slug":"marhahus-menu-fott-kutyaeledel-80-hustartalommal-300-g-petpincer-carlos-extra","status":"publish","type":"product","link":"https:\/\/paworite.eu\/sk\/produkt\/marhahus-menu-fott-kutyaeledel-80-hustartalommal-300-g-petpincer-carlos-extra\/","title":{"rendered":"Hov\u00e4dzia \u0161pecialita 80%, 300 g, Petpinc\u00e9r Carlos Extra"},"content":{"rendered":"<p data-start=\"0\" data-end=\"64\">\ud83e\udd58 <strong data-start=\"3\" data-end=\"62\">Petpinc\u00e9r Varen\u00e9 Granule pre Psov \u2013 Hov\u00e4dzia \u0161pecialita<\/strong><\/p>\n<p data-start=\"66\" data-end=\"434\">Petpinc\u00e9r sklenen\u00e9 konzervy pre psov s\u00fa 100 % pr\u00edrodn\u00e9, bez konzerva\u010dn\u00fdch l\u00e1tok a \u010derstvo varen\u00e9 jedl\u00e1, ktor\u00fdch kvalitu plne garantuje Paworite. Pou\u017e\u00edvame iba kontrolovan\u00e9 suroviny vhodn\u00e9 pre \u013eudsk\u00fa spotrebu. M\u00e4so a vn\u00fatornosti spracov\u00e1vame nakr\u00e1jan\u00e9 na kocky, tak\u017ee v\u00e1\u0161 pes si m\u00f4\u017ee vychutna\u0165 prirodzen\u00fa text\u00faru hov\u00e4dzieho m\u00e4sa, pri\u010dom jedlo zost\u00e1va \u013eahko str\u00e1vite\u013en\u00e9.<\/p>\n<hr data-start=\"436\" data-end=\"439\" \/>\n<h3 data-start=\"441\" data-end=\"456\">\ud83e\udd69 Zlo\u017eenie<\/h3>\n<ul data-start=\"458\" data-end=\"581\">\n<li data-start=\"458\" data-end=\"480\">\n<p data-start=\"460\" data-end=\"480\">Hov\u00e4dzia krkovi\u010dka<\/p>\n<\/li>\n<li data-start=\"481\" data-end=\"499\">\n<p data-start=\"483\" data-end=\"499\">Hov\u00e4dzia pe\u010de\u0148<\/p>\n<\/li>\n<li data-start=\"500\" data-end=\"518\">\n<p data-start=\"502\" data-end=\"518\">Hov\u00e4dzie srdce<\/p>\n<\/li>\n<li data-start=\"519\" data-end=\"539\">\n<p data-start=\"521\" data-end=\"539\">Hov\u00e4dzia obli\u010dka<\/p>\n<\/li>\n<li data-start=\"540\" data-end=\"548\">\n<p data-start=\"542\" data-end=\"548\">Ry\u017ea<\/p>\n<\/li>\n<li data-start=\"549\" data-end=\"559\">\n<p data-start=\"551\" data-end=\"559\">\u0160pen\u00e1t<\/p>\n<\/li>\n<li data-start=\"560\" data-end=\"569\">\n<p data-start=\"562\" data-end=\"569\">Mrkva<\/p>\n<\/li>\n<li data-start=\"570\" data-end=\"581\">\n<p data-start=\"572\" data-end=\"581\">Poh\u00e1nka<\/p>\n<\/li>\n<\/ul>\n<p data-start=\"583\" data-end=\"609\"><strong data-start=\"583\" data-end=\"607\">Analytick\u00e9 zlo\u017eenie:<\/strong><\/p>\n<ul data-start=\"610\" data-end=\"762\">\n<li data-start=\"610\" data-end=\"633\">\n<p data-start=\"612\" data-end=\"633\">Bielkoviny: 27,34 %<\/p>\n<\/li>\n<li data-start=\"634\" data-end=\"656\">\n<p data-start=\"636\" data-end=\"656\">Hrub\u00fd tuk: 12,90 %<\/p>\n<\/li>\n<li data-start=\"657\" data-end=\"683\">\n<p data-start=\"659\" data-end=\"683\">Hrub\u00e1 vl\u00e1knina: 0,48 %<\/p>\n<\/li>\n<li data-start=\"684\" data-end=\"707\">\n<p data-start=\"686\" data-end=\"707\">Hrub\u00fd popol: 1,23 %<\/p>\n<\/li>\n<li data-start=\"708\" data-end=\"729\">\n<p data-start=\"710\" data-end=\"729\">Sacharidy: 5,99 %<\/p>\n<\/li>\n<li data-start=\"730\" data-end=\"762\">\n<p data-start=\"732\" data-end=\"762\">Energia: 130,78 kcal \/ 100 g<\/p>\n<\/li>\n<\/ul>\n<hr data-start=\"764\" data-end=\"767\" \/>\n<h3 data-start=\"769\" data-end=\"798\">\u2696\ufe0f N\u00e1vod na denn\u00e9 k\u0155menie<\/h3>\n<p data-start=\"800\" data-end=\"877\">Odpor\u00fa\u010dan\u00e9 d\u00e1vky sa l\u00ed\u0161ia pod\u013ea veku, aktivity a energetick\u00fdch potrieb psa:<\/p>\n<ul data-start=\"879\" data-end=\"1014\">\n<li data-start=\"879\" data-end=\"905\">\n<p data-start=\"881\" data-end=\"905\">Pod 5 kg: cca 80\u2013100 g<\/p>\n<\/li>\n<li data-start=\"906\" data-end=\"932\">\n<p data-start=\"908\" data-end=\"932\">5\u201310 kg: cca 100\u2013200 g<\/p>\n<\/li>\n<li data-start=\"933\" data-end=\"960\">\n<p data-start=\"935\" data-end=\"960\">10\u201320 kg: cca 200\u2013300 g<\/p>\n<\/li>\n<li data-start=\"961\" data-end=\"988\">\n<p data-start=\"963\" data-end=\"988\">20\u201330 kg: cca 300\u2013400 g<\/p>\n<\/li>\n<li data-start=\"989\" data-end=\"1014\">\n<p data-start=\"991\" data-end=\"1014\">Nad 30 kg: cca 400 g+<\/p>\n<\/li>\n<\/ul>\n<p data-start=\"1016\" data-end=\"1124\">\ud83d\udca1 <strong data-start=\"1019\" data-end=\"1032\">Pozn\u00e1mka:<\/strong> Skuto\u010dn\u00e1 potreba sa m\u00f4\u017ee l\u00ed\u0161i\u0165 pod\u013ea veku, aktivity, energetick\u00fdch n\u00e1rokov a plemena psa.<\/p>\n<hr data-start=\"1126\" data-end=\"1129\" \/>\n<h3 data-start=\"1131\" data-end=\"1158\">\ud83c\udf21\ufe0f Teplota a pod\u00e1vanie<\/h3>\n<p data-start=\"1160\" data-end=\"1309\">Ide\u00e1lna je izbov\u00e1 teplota jedla.<br data-start=\"1192\" data-end=\"1195\" \/>Sklenen\u00e9 konzervy Petpinc\u00e9r nevy\u017eaduj\u00fa chladenie pred otvoren\u00edm, tak\u017ee ich m\u00f4\u017eete okam\u017eite pod\u00e1va\u0165 svojmu psovi.<\/p>\n<hr data-start=\"1311\" data-end=\"1314\" \/>\n<h3 data-start=\"1316\" data-end=\"1348\">\ud83d\udd52 Trvanlivos\u0165 a skladovanie<\/h3>\n<p data-start=\"1350\" data-end=\"1557\">Produkty s\u00fa sterilizovan\u00e9 \u0161peci\u00e1lnou technol\u00f3giou pod\u013ea laborat\u00f3rnych predpisov, tak\u017ee pri izbovej teplote si zachovaj\u00fa kvalitu a\u017e 6 mesiacov.<br data-start=\"1492\" data-end=\"1495\" \/>Po otvoren\u00ed skladujte v chladni\u010dke a spotrebujte do 2\u20133 dn\u00ed.<\/p>\n<hr data-start=\"1559\" data-end=\"1562\" \/>\n<h3 data-start=\"1564\" data-end=\"1613\">\u2705 Pre\u010do si vybra\u0165 hov\u00e4dzie Petpinc\u00e9r granule?<\/h3>\n<ul data-start=\"1615\" data-end=\"1943\">\n<li data-start=\"1615\" data-end=\"1661\">\n<p data-start=\"1617\" data-end=\"1661\">100 % pr\u00edrodn\u00e9, \u010derstv\u00e9 a bez konzervantov<\/p>\n<\/li>\n<li data-start=\"1662\" data-end=\"1732\">\n<p data-start=\"1664\" data-end=\"1732\">Vyroben\u00e9 len z kontrolovan\u00fdch surov\u00edn vhodn\u00fdch pre \u013eudsk\u00fa spotrebu<\/p>\n<\/li>\n<li data-start=\"1733\" data-end=\"1789\">\n<p data-start=\"1735\" data-end=\"1789\">Laborat\u00f3rne testovan\u00e1 a garantovan\u00e1 stabiln\u00e1 kvalita<\/p>\n<\/li>\n<li data-start=\"1790\" data-end=\"1827\">\n<p data-start=\"1792\" data-end=\"1827\">Sledovate\u013en\u00fd dod\u00e1vate\u013esk\u00fd re\u0165azec<\/p>\n<\/li>\n<li data-start=\"1828\" data-end=\"1903\">\n<p data-start=\"1830\" data-end=\"1903\">M\u00e4so a vn\u00fatornosti nakr\u00e1jan\u00e9 na kocky \u2013 v\u00fdnimo\u010dn\u00e1 text\u00fara pre v\u00e1\u0161ho psa<\/p>\n<\/li>\n<li data-start=\"1904\" data-end=\"1943\">\n<p data-start=\"1906\" data-end=\"1943\">\u013dahko str\u00e1vite\u013en\u00e9, v\u00fd\u017eivn\u00e9 a chutn\u00e9<\/p>\n<\/li>\n<\/ul>\n<hr data-start=\"1945\" data-end=\"1948\" \/>\n<h3 data-start=\"1950\" data-end=\"1976\">\ud83c\udf1f Filozofia Petpinc\u00e9r<\/h3>\n<p data-start=\"1978\" data-end=\"2169\" data-is-last-node=\"\" data-is-only-node=\"\">Petpinc\u00e9r nerob\u00ed kompromisy ani pri zlo\u017ek\u00e1ch, ani pri v\u00fdrobnej technol\u00f3gii.<br data-start=\"2053\" data-end=\"2056\" \/>Na\u0161\u00edm cie\u013eom je, aby v\u00e1\u0161 pes jedol \u0161\u0165astne, zdravo a chutne, a z\u00e1rove\u0148 ste mali istotu vysokokvalitn\u00e9ho produktu.<\/p>\n<hr data-start=\"2400\" data-end=\"2403\" \/>\n","protected":false},"excerpt":{"rendered":"<p>\ud83e\udd58 Petpinc\u00e9r Varen\u00e9 Granule pre Psov \u2013 Hov\u00e4dzia \u0161pecialita Petpinc\u00e9r sklenen\u00e9 konzervy pre psov s\u00fa 100 % pr\u00edrodn\u00e9, bez konzerva\u010dn\u00fdch l\u00e1tok a \u010derstvo varen\u00e9 jedl\u00e1, ktor\u00fdch kvalitu plne garantuje Paworite. Pou\u017e\u00edvame iba kontrolovan\u00e9 suroviny vhodn\u00e9 pre \u013eudsk\u00fa spotrebu. M\u00e4so a vn\u00fatornosti spracov\u00e1vame nakr\u00e1jan\u00e9 na kocky, tak\u017ee v\u00e1\u0161 pes si m\u00f4\u017ee vychutna\u0165 prirodzen\u00fa text\u00faru hov\u00e4dzieho m\u00e4sa,&#8230;<\/p>\n","protected":false},"featured_media":2353,"comment_status":"closed","ping_status":"closed","template":"","meta":{"_kad_post_transparent":"default","_kad_post_title":"","_kad_post_layout":"default","_kad_post_sidebar_id":"","_kad_post_content_style":"default","_kad_post_vertical_padding":"default","_kad_post_feature":"","_kad_post_feature_position":"","_kad_post_header":false,"_kad_post_footer":false,"_kad_post_classname":""},"product_brand":[],"product_cat":[170,74,100],"product_tag":[],"class_list":{"0":"post-2391","1":"product","2":"type-product","3":"status-publish","4":"has-post-thumbnail","6":"product_cat-barf-menu","7":"product_cat-produkty","8":"product_cat-krmivo-pre-psov","10":"first","11":"outofstock","12":"taxable","13":"shipping-taxable","14":"purchasable","15":"product-type-simple","16":"entry","17":"content-bg","18":"loop-entry"},"yoast_head":"<!-- This site is optimized with the Yoast SEO plugin v26.5 - https:\/\/yoast.com\/wordpress\/plugins\/seo\/ -->\n<title>Hov\u00e4dzia \u0161pecialita 80%, 300 g, Petpinc\u00e9r Carlos Extra - Paworite<\/title>\n<meta name=\"robots\" content=\"index, follow, max-snippet:-1, max-image-preview:large, max-video-preview:-1\" \/>\n<link rel=\"canonical\" href=\"https:\/\/paworite.eu\/sk\/produkt\/marhahus-menu-fott-kutyaeledel-80-hustartalommal-300-g-petpincer-carlos-extra\/\" \/>\n<meta property=\"og:locale\" content=\"sk_SK\" \/>\n<meta property=\"og:type\" content=\"article\" \/>\n<meta property=\"og:title\" content=\"Hov\u00e4dzia \u0161pecialita 80%, 300 g, Petpinc\u00e9r Carlos Extra - Paworite\" \/>\n<meta property=\"og:description\" content=\"\ud83e\udd58 Petpinc\u00e9r Varen\u00e9 Granule pre Psov \u2013 Hov\u00e4dzia \u0161pecialita Petpinc\u00e9r sklenen\u00e9 konzervy pre psov s\u00fa 100 % pr\u00edrodn\u00e9, bez konzerva\u010dn\u00fdch l\u00e1tok a \u010derstvo varen\u00e9 jedl\u00e1, ktor\u00fdch kvalitu plne garantuje Paworite. Pou\u017e\u00edvame iba kontrolovan\u00e9 suroviny vhodn\u00e9 pre \u013eudsk\u00fa spotrebu. M\u00e4so a vn\u00fatornosti spracov\u00e1vame nakr\u00e1jan\u00e9 na kocky, tak\u017ee v\u00e1\u0161 pes si m\u00f4\u017ee vychutna\u0165 prirodzen\u00fa text\u00faru hov\u00e4dzieho m\u00e4sa,...\" \/>\n<meta property=\"og:url\" content=\"https:\/\/paworite.eu\/sk\/produkt\/marhahus-menu-fott-kutyaeledel-80-hustartalommal-300-g-petpincer-carlos-extra\/\" \/>\n<meta property=\"og:site_name\" content=\"Paworite\" \/>\n<meta property=\"article:modified_time\" content=\"2025-10-16T19:55:14+00:00\" \/>\n<meta property=\"og:image\" content=\"https:\/\/paworite.eu\/wp-content\/uploads\/2025\/10\/carlos-extra-80-hustartalom-20241011093102-crop.jpg\" \/>\n\t<meta property=\"og:image:width\" content=\"1000\" \/>\n\t<meta property=\"og:image:height\" content=\"1000\" \/>\n\t<meta property=\"og:image:type\" content=\"image\/jpeg\" \/>\n<meta name=\"twitter:card\" content=\"summary_large_image\" \/>\n<meta name=\"twitter:label1\" content=\"Predpokladan\u00fd \u010das \u010d\u00edtania\" \/>\n\t<meta name=\"twitter:data1\" content=\"2 min\u00faty\" \/>\n<script type=\"application\/ld+json\" class=\"yoast-schema-graph\">{\"@context\":\"https:\/\/schema.org\",\"@graph\":[{\"@type\":\"WebPage\",\"@id\":\"https:\/\/paworite.eu\/sk\/produkt\/marhahus-menu-fott-kutyaeledel-80-hustartalommal-300-g-petpincer-carlos-extra\/\",\"url\":\"https:\/\/paworite.eu\/sk\/produkt\/marhahus-menu-fott-kutyaeledel-80-hustartalommal-300-g-petpincer-carlos-extra\/\",\"name\":\"Hov\u00e4dzia \u0161pecialita 80%, 300 g, Petpinc\u00e9r Carlos Extra - Paworite\",\"isPartOf\":{\"@id\":\"https:\/\/paworite.eu\/#website\"},\"primaryImageOfPage\":{\"@id\":\"https:\/\/paworite.eu\/sk\/produkt\/marhahus-menu-fott-kutyaeledel-80-hustartalommal-300-g-petpincer-carlos-extra\/#primaryimage\"},\"image\":{\"@id\":\"https:\/\/paworite.eu\/sk\/produkt\/marhahus-menu-fott-kutyaeledel-80-hustartalommal-300-g-petpincer-carlos-extra\/#primaryimage\"},\"thumbnailUrl\":\"https:\/\/paworite.eu\/wp-content\/uploads\/2025\/10\/carlos-extra-80-hustartalom-20241011093102-crop.jpg\",\"datePublished\":\"2025-10-16T11:37:23+00:00\",\"dateModified\":\"2025-10-16T19:55:14+00:00\",\"breadcrumb\":{\"@id\":\"https:\/\/paworite.eu\/sk\/produkt\/marhahus-menu-fott-kutyaeledel-80-hustartalommal-300-g-petpincer-carlos-extra\/#breadcrumb\"},\"inLanguage\":\"sk-SK\",\"potentialAction\":[{\"@type\":\"ReadAction\",\"target\":[\"https:\/\/paworite.eu\/sk\/produkt\/marhahus-menu-fott-kutyaeledel-80-hustartalommal-300-g-petpincer-carlos-extra\/\"]}]},{\"@type\":\"ImageObject\",\"inLanguage\":\"sk-SK\",\"@id\":\"https:\/\/paworite.eu\/sk\/produkt\/marhahus-menu-fott-kutyaeledel-80-hustartalommal-300-g-petpincer-carlos-extra\/#primaryimage\",\"url\":\"https:\/\/paworite.eu\/wp-content\/uploads\/2025\/10\/carlos-extra-80-hustartalom-20241011093102-crop.jpg\",\"contentUrl\":\"https:\/\/paworite.eu\/wp-content\/uploads\/2025\/10\/carlos-extra-80-hustartalom-20241011093102-crop.jpg\",\"width\":1000,\"height\":1000},{\"@type\":\"BreadcrumbList\",\"@id\":\"https:\/\/paworite.eu\/sk\/produkt\/marhahus-menu-fott-kutyaeledel-80-hustartalommal-300-g-petpincer-carlos-extra\/#breadcrumb\",\"itemListElement\":[{\"@type\":\"ListItem\",\"position\":1,\"name\":\"Kezd\u0151lap\",\"item\":\"https:\/\/paworite.eu\/\"},{\"@type\":\"ListItem\",\"position\":2,\"name\":\"Shop\",\"item\":\"https:\/\/paworite.eu\/sk\/shop\/\"},{\"@type\":\"ListItem\",\"position\":3,\"name\":\"Hov\u00e4dzia \u0161pecialita 80%, 300 g, Petpinc\u00e9r Carlos Extra\"}]},{\"@type\":\"WebSite\",\"@id\":\"https:\/\/paworite.eu\/#website\",\"url\":\"https:\/\/paworite.eu\/\",\"name\":\"Paworite\",\"description\":\"\",\"publisher\":{\"@id\":\"https:\/\/paworite.eu\/#organization\"},\"potentialAction\":[{\"@type\":\"SearchAction\",\"target\":{\"@type\":\"EntryPoint\",\"urlTemplate\":\"https:\/\/paworite.eu\/?s={search_term_string}\"},\"query-input\":{\"@type\":\"PropertyValueSpecification\",\"valueRequired\":true,\"valueName\":\"search_term_string\"}}],\"inLanguage\":\"sk-SK\"},{\"@type\":\"Organization\",\"@id\":\"https:\/\/paworite.eu\/#organization\",\"name\":\"Paworite\",\"url\":\"https:\/\/paworite.eu\/\",\"logo\":{\"@type\":\"ImageObject\",\"inLanguage\":\"sk-SK\",\"@id\":\"https:\/\/paworite.eu\/#\/schema\/logo\/image\/\",\"url\":\"https:\/\/paworite.eu\/wp-content\/uploads\/2024\/05\/logo-uj.png\",\"contentUrl\":\"https:\/\/paworite.eu\/wp-content\/uploads\/2024\/05\/logo-uj.png\",\"width\":800,\"height\":600,\"caption\":\"Paworite\"},\"image\":{\"@id\":\"https:\/\/paworite.eu\/#\/schema\/logo\/image\/\"}}]}<\/script>\n<!-- \/ Yoast SEO plugin. -->","yoast_head_json":{"title":"Hov\u00e4dzia \u0161pecialita 80%, 300 g, Petpinc\u00e9r Carlos Extra - Paworite","robots":{"index":"index","follow":"follow","max-snippet":"max-snippet:-1","max-image-preview":"max-image-preview:large","max-video-preview":"max-video-preview:-1"},"canonical":"https:\/\/paworite.eu\/sk\/produkt\/marhahus-menu-fott-kutyaeledel-80-hustartalommal-300-g-petpincer-carlos-extra\/","og_locale":"sk_SK","og_type":"article","og_title":"Hov\u00e4dzia \u0161pecialita 80%, 300 g, Petpinc\u00e9r Carlos Extra - Paworite","og_description":"\ud83e\udd58 Petpinc\u00e9r Varen\u00e9 Granule pre Psov \u2013 Hov\u00e4dzia \u0161pecialita Petpinc\u00e9r sklenen\u00e9 konzervy pre psov s\u00fa 100 % pr\u00edrodn\u00e9, bez konzerva\u010dn\u00fdch l\u00e1tok a \u010derstvo varen\u00e9 jedl\u00e1, ktor\u00fdch kvalitu plne garantuje Paworite. Pou\u017e\u00edvame iba kontrolovan\u00e9 suroviny vhodn\u00e9 pre \u013eudsk\u00fa spotrebu. M\u00e4so a vn\u00fatornosti spracov\u00e1vame nakr\u00e1jan\u00e9 na kocky, tak\u017ee v\u00e1\u0161 pes si m\u00f4\u017ee vychutna\u0165 prirodzen\u00fa text\u00faru hov\u00e4dzieho m\u00e4sa,...","og_url":"https:\/\/paworite.eu\/sk\/produkt\/marhahus-menu-fott-kutyaeledel-80-hustartalommal-300-g-petpincer-carlos-extra\/","og_site_name":"Paworite","article_modified_time":"2025-10-16T19:55:14+00:00","og_image":[{"width":1000,"height":1000,"url":"https:\/\/paworite.eu\/wp-content\/uploads\/2025\/10\/carlos-extra-80-hustartalom-20241011093102-crop.jpg","type":"image\/jpeg"}],"twitter_card":"summary_large_image","twitter_misc":{"Predpokladan\u00fd \u010das \u010d\u00edtania":"2 min\u00faty"},"schema":{"@context":"https:\/\/schema.org","@graph":[{"@type":"WebPage","@id":"https:\/\/paworite.eu\/sk\/produkt\/marhahus-menu-fott-kutyaeledel-80-hustartalommal-300-g-petpincer-carlos-extra\/","url":"https:\/\/paworite.eu\/sk\/produkt\/marhahus-menu-fott-kutyaeledel-80-hustartalommal-300-g-petpincer-carlos-extra\/","name":"Hov\u00e4dzia \u0161pecialita 80%, 300 g, Petpinc\u00e9r Carlos Extra - Paworite","isPartOf":{"@id":"https:\/\/paworite.eu\/#website"},"primaryImageOfPage":{"@id":"https:\/\/paworite.eu\/sk\/produkt\/marhahus-menu-fott-kutyaeledel-80-hustartalommal-300-g-petpincer-carlos-extra\/#primaryimage"},"image":{"@id":"https:\/\/paworite.eu\/sk\/produkt\/marhahus-menu-fott-kutyaeledel-80-hustartalommal-300-g-petpincer-carlos-extra\/#primaryimage"},"thumbnailUrl":"https:\/\/paworite.eu\/wp-content\/uploads\/2025\/10\/carlos-extra-80-hustartalom-20241011093102-crop.jpg","datePublished":"2025-10-16T11:37:23+00:00","dateModified":"2025-10-16T19:55:14+00:00","breadcrumb":{"@id":"https:\/\/paworite.eu\/sk\/produkt\/marhahus-menu-fott-kutyaeledel-80-hustartalommal-300-g-petpincer-carlos-extra\/#breadcrumb"},"inLanguage":"sk-SK","potentialAction":[{"@type":"ReadAction","target":["https:\/\/paworite.eu\/sk\/produkt\/marhahus-menu-fott-kutyaeledel-80-hustartalommal-300-g-petpincer-carlos-extra\/"]}]},{"@type":"ImageObject","inLanguage":"sk-SK","@id":"https:\/\/paworite.eu\/sk\/produkt\/marhahus-menu-fott-kutyaeledel-80-hustartalommal-300-g-petpincer-carlos-extra\/#primaryimage","url":"https:\/\/paworite.eu\/wp-content\/uploads\/2025\/10\/carlos-extra-80-hustartalom-20241011093102-crop.jpg","contentUrl":"https:\/\/paworite.eu\/wp-content\/uploads\/2025\/10\/carlos-extra-80-hustartalom-20241011093102-crop.jpg","width":1000,"height":1000},{"@type":"BreadcrumbList","@id":"https:\/\/paworite.eu\/sk\/produkt\/marhahus-menu-fott-kutyaeledel-80-hustartalommal-300-g-petpincer-carlos-extra\/#breadcrumb","itemListElement":[{"@type":"ListItem","position":1,"name":"Kezd\u0151lap","item":"https:\/\/paworite.eu\/"},{"@type":"ListItem","position":2,"name":"Shop","item":"https:\/\/paworite.eu\/sk\/shop\/"},{"@type":"ListItem","position":3,"name":"Hov\u00e4dzia \u0161pecialita 80%, 300 g, Petpinc\u00e9r Carlos Extra"}]},{"@type":"WebSite","@id":"https:\/\/paworite.eu\/#website","url":"https:\/\/paworite.eu\/","name":"Paworite","description":"","publisher":{"@id":"https:\/\/paworite.eu\/#organization"},"potentialAction":[{"@type":"SearchAction","target":{"@type":"EntryPoint","urlTemplate":"https:\/\/paworite.eu\/?s={search_term_string}"},"query-input":{"@type":"PropertyValueSpecification","valueRequired":true,"valueName":"search_term_string"}}],"inLanguage":"sk-SK"},{"@type":"Organization","@id":"https:\/\/paworite.eu\/#organization","name":"Paworite","url":"https:\/\/paworite.eu\/","logo":{"@type":"ImageObject","inLanguage":"sk-SK","@id":"https:\/\/paworite.eu\/#\/schema\/logo\/image\/","url":"https:\/\/paworite.eu\/wp-content\/uploads\/2024\/05\/logo-uj.png","contentUrl":"https:\/\/paworite.eu\/wp-content\/uploads\/2024\/05\/logo-uj.png","width":800,"height":600,"caption":"Paworite"},"image":{"@id":"https:\/\/paworite.eu\/#\/schema\/logo\/image\/"}}]}},"_links":{"self":[{"href":"https:\/\/paworite.eu\/sk\/wp-json\/wp\/v2\/product\/2391","targetHints":{"allow":["GET"]}}],"collection":[{"href":"https:\/\/paworite.eu\/sk\/wp-json\/wp\/v2\/product"}],"about":[{"href":"https:\/\/paworite.eu\/sk\/wp-json\/wp\/v2\/types\/product"}],"replies":[{"embeddable":true,"href":"https:\/\/paworite.eu\/sk\/wp-json\/wp\/v2\/comments?post=2391"}],"wp:featuredmedia":[{"embeddable":true,"href":"https:\/\/paworite.eu\/sk\/wp-json\/wp\/v2\/media\/2353"}],"wp:attachment":[{"href":"https:\/\/paworite.eu\/sk\/wp-json\/wp\/v2\/media?parent=2391"}],"wp:term":[{"taxonomy":"product_brand","embeddable":true,"href":"https:\/\/paworite.eu\/sk\/wp-json\/wp\/v2\/product_brand?post=2391"},{"taxonomy":"product_cat","embeddable":true,"href":"https:\/\/paworite.eu\/sk\/wp-json\/wp\/v2\/product_cat?post=2391"},{"taxonomy":"product_tag","embeddable":true,"href":"https:\/\/paworite.eu\/sk\/wp-json\/wp\/v2\/product_tag?post=2391"}],"curies":[{"name":"wp","href":"https:\/\/api.w.org\/{rel}","templated":true}]}}