{"id":2393,"date":"2025-10-16T11:31:55","date_gmt":"2025-10-16T11:31:55","guid":{"rendered":"https:\/\/paworite.eu\/product\/vadhus-menu-fott-kutyaeledel-80-hustartalommal-300-g-petpincer-lola-extra\/"},"modified":"2025-10-16T19:56:55","modified_gmt":"2025-10-16T19:56:55","slug":"vadhus-menu-fott-kutyaeledel-80-hustartalommal-300-g-petpincer-lola-extra","status":"publish","type":"product","link":"https:\/\/paworite.eu\/sk\/produkt\/vadhus-menu-fott-kutyaeledel-80-hustartalommal-300-g-petpincer-lola-extra\/","title":{"rendered":"Jelenie &#038; Divia\u010die 80%, 300 g, Petpinc\u00e9r Lola Extra"},"content":{"rendered":"<p data-start=\"0\" data-end=\"63\">\ud83e\udd58 <strong data-start=\"3\" data-end=\"61\">Petpinc\u00e9r Varen\u00e9 Granule pre Psov \u2013 Jelenie &amp; Divia\u010die<\/strong><\/p>\n<p data-start=\"65\" data-end=\"418\">Petpinc\u00e9r sklenen\u00e9 konzervy pre psov s\u00fa 100 % pr\u00edrodn\u00e9, bez konzerva\u010dn\u00fdch l\u00e1tok a \u010derstvo varen\u00e9 jedl\u00e1, ktor\u00fdch kvalitu plne garantuje Paworite. Pou\u017e\u00edvame iba \u010derstv\u00e9, vhodn\u00e9 pre \u013eudsk\u00fa spotrebu suroviny. M\u00e4so a vn\u00fatornosti spracov\u00e1vame nakr\u00e1jan\u00e9 na kocky, tak\u017ee v\u00e1\u0161 pes si m\u00f4\u017ee vychutna\u0165 prirodzen\u00fa text\u00faru m\u00e4sa, pri\u010dom jedlo zost\u00e1va \u013eahko str\u00e1vite\u013en\u00e9.<\/p>\n<hr data-start=\"420\" data-end=\"423\" \/>\n<h3 data-start=\"425\" data-end=\"440\">\ud83e\udd69 Zlo\u017eenie<\/h3>\n<ul data-start=\"442\" data-end=\"527\">\n<li data-start=\"442\" data-end=\"458\">\n<p data-start=\"444\" data-end=\"458\">Jelenie m\u00e4so<\/p>\n<\/li>\n<li data-start=\"459\" data-end=\"476\">\n<p data-start=\"461\" data-end=\"476\">Divia\u010die m\u00e4so<\/p>\n<\/li>\n<li data-start=\"477\" data-end=\"486\">\n<p data-start=\"479\" data-end=\"486\">Proso<\/p>\n<\/li>\n<li data-start=\"487\" data-end=\"498\">\n<p data-start=\"489\" data-end=\"498\">Tekvica<\/p>\n<\/li>\n<li data-start=\"499\" data-end=\"509\">\n<p data-start=\"501\" data-end=\"509\">Jablko<\/p>\n<\/li>\n<li data-start=\"510\" data-end=\"527\">\n<p data-start=\"512\" data-end=\"527\">Ovsen\u00e9 vlo\u010dky<\/p>\n<\/li>\n<\/ul>\n<p data-start=\"529\" data-end=\"555\"><strong data-start=\"529\" data-end=\"553\">Analytick\u00e9 zlo\u017eenie:<\/strong><\/p>\n<ul data-start=\"556\" data-end=\"707\">\n<li data-start=\"556\" data-end=\"579\">\n<p data-start=\"558\" data-end=\"579\">Bielkoviny: 27,63 %<\/p>\n<\/li>\n<li data-start=\"580\" data-end=\"601\">\n<p data-start=\"582\" data-end=\"601\">Hrub\u00fd tuk: 3,77 %<\/p>\n<\/li>\n<li data-start=\"602\" data-end=\"628\">\n<p data-start=\"604\" data-end=\"628\">Hrub\u00e1 vl\u00e1knina: 0,89 %<\/p>\n<\/li>\n<li data-start=\"629\" data-end=\"652\">\n<p data-start=\"631\" data-end=\"652\">Hrub\u00fd popol: 0,99 %<\/p>\n<\/li>\n<li data-start=\"653\" data-end=\"674\">\n<p data-start=\"655\" data-end=\"674\">Sacharidy: 3,19 %<\/p>\n<\/li>\n<li data-start=\"675\" data-end=\"707\">\n<p data-start=\"677\" data-end=\"707\">Energia: 129,76 kcal \/ 100 g<\/p>\n<\/li>\n<\/ul>\n<hr data-start=\"709\" data-end=\"712\" \/>\n<h3 data-start=\"714\" data-end=\"743\">\u2696\ufe0f N\u00e1vod na denn\u00e9 k\u0155menie<\/h3>\n<p data-start=\"745\" data-end=\"822\">Odpor\u00fa\u010dan\u00e9 d\u00e1vky sa l\u00ed\u0161ia pod\u013ea veku, aktivity a energetick\u00fdch potrieb psa:<\/p>\n<ul data-start=\"824\" data-end=\"959\">\n<li data-start=\"824\" data-end=\"850\">\n<p data-start=\"826\" data-end=\"850\">Pod 5 kg: cca 80\u2013100 g<\/p>\n<\/li>\n<li data-start=\"851\" data-end=\"877\">\n<p data-start=\"853\" data-end=\"877\">5\u201310 kg: cca 100\u2013200 g<\/p>\n<\/li>\n<li data-start=\"878\" data-end=\"905\">\n<p data-start=\"880\" data-end=\"905\">10\u201320 kg: cca 200\u2013300 g<\/p>\n<\/li>\n<li data-start=\"906\" data-end=\"933\">\n<p data-start=\"908\" data-end=\"933\">20\u201330 kg: cca 300\u2013400 g<\/p>\n<\/li>\n<li data-start=\"934\" data-end=\"959\">\n<p data-start=\"936\" data-end=\"959\">Nad 30 kg: cca 400 g+<\/p>\n<\/li>\n<\/ul>\n<p data-start=\"961\" data-end=\"1059\">\ud83d\udca1 <strong data-start=\"964\" data-end=\"977\">Pozn\u00e1mka:<\/strong> Skuto\u010dn\u00e1 potreba z\u00e1vis\u00ed od veku, aktivity, energetick\u00fdch n\u00e1rokov a plemena psa.<\/p>\n<hr data-start=\"1061\" data-end=\"1064\" \/>\n<h3 data-start=\"1066\" data-end=\"1093\">\ud83c\udf21\ufe0f Teplota a pod\u00e1vanie<\/h3>\n<p data-start=\"1095\" data-end=\"1244\">Ide\u00e1lna je izbov\u00e1 teplota jedla.<br data-start=\"1127\" data-end=\"1130\" \/>Sklenen\u00e9 konzervy Petpinc\u00e9r nevy\u017eaduj\u00fa chladenie pred otvoren\u00edm, tak\u017ee ich m\u00f4\u017eete okam\u017eite pod\u00e1va\u0165 svojmu psovi.<\/p>\n<hr data-start=\"1246\" data-end=\"1249\" \/>\n<h3 data-start=\"1251\" data-end=\"1283\">\ud83d\udd52 Trvanlivos\u0165 a skladovanie<\/h3>\n<p data-start=\"1285\" data-end=\"1492\">Produkty s\u00fa sterilizovan\u00e9 \u0161peci\u00e1lnou technol\u00f3giou pod\u013ea laborat\u00f3rnych predpisov, tak\u017ee pri izbovej teplote si zachovaj\u00fa kvalitu a\u017e 6 mesiacov.<br data-start=\"1427\" data-end=\"1430\" \/>Po otvoren\u00ed skladujte v chladni\u010dke a spotrebujte do 2\u20133 dn\u00ed.<\/p>\n<hr data-start=\"1494\" data-end=\"1497\" \/>\n<h3 data-start=\"1499\" data-end=\"1558\">\u2705 Pre\u010do si vybra\u0165 Petpinc\u00e9r jelenie &amp; divia\u010die granule?<\/h3>\n<ul data-start=\"1560\" data-end=\"1911\">\n<li data-start=\"1560\" data-end=\"1606\">\n<p data-start=\"1562\" data-end=\"1606\">100 % pr\u00edrodn\u00e9, \u010derstv\u00e9 a bez konzervantov<\/p>\n<\/li>\n<li data-start=\"1607\" data-end=\"1677\">\n<p data-start=\"1609\" data-end=\"1677\">Vyroben\u00e9 len z kontrolovan\u00fdch surov\u00edn vhodn\u00fdch pre \u013eudsk\u00fa spotrebu<\/p>\n<\/li>\n<li data-start=\"1678\" data-end=\"1734\">\n<p data-start=\"1680\" data-end=\"1734\">Laborat\u00f3rne testovan\u00e1 a garantovan\u00e1 stabiln\u00e1 kvalita<\/p>\n<\/li>\n<li data-start=\"1735\" data-end=\"1795\">\n<p data-start=\"1737\" data-end=\"1795\">Sledovate\u013en\u00fd dod\u00e1vate\u013esk\u00fd re\u0165azec a st\u00e1le vysok\u00e1 kvalita<\/p>\n<\/li>\n<li data-start=\"1796\" data-end=\"1871\">\n<p data-start=\"1798\" data-end=\"1871\">M\u00e4so a vn\u00fatornosti nakr\u00e1jan\u00e9 na kocky \u2013 v\u00fdnimo\u010dn\u00e1 text\u00fara pre v\u00e1\u0161ho psa<\/p>\n<\/li>\n<li data-start=\"1872\" data-end=\"1911\">\n<p data-start=\"1874\" data-end=\"1911\">\u013dahko str\u00e1vite\u013en\u00e9, v\u00fd\u017eivn\u00e9 a chutn\u00e9<\/p>\n<\/li>\n<\/ul>\n<hr data-start=\"1913\" data-end=\"1916\" \/>\n<h3 data-start=\"1918\" data-end=\"1944\">\ud83c\udf1f Filozofia Petpinc\u00e9r<\/h3>\n<p data-start=\"1946\" data-end=\"2137\" data-is-last-node=\"\" data-is-only-node=\"\">Petpinc\u00e9r nerob\u00ed kompromisy ani pri zlo\u017ek\u00e1ch, ani pri v\u00fdrobnej technol\u00f3gii.<br data-start=\"2021\" data-end=\"2024\" \/>Na\u0161\u00edm cie\u013eom je, aby v\u00e1\u0161 pes jedol \u0161\u0165astne, zdravo a chutne, a z\u00e1rove\u0148 ste mali istotu vysokokvalitn\u00e9ho produktu.<\/p>\n","protected":false},"excerpt":{"rendered":"<p>\ud83e\udd58 Petpinc\u00e9r Varen\u00e9 Granule pre Psov \u2013 Jelenie &amp; Divia\u010die Petpinc\u00e9r sklenen\u00e9 konzervy pre psov s\u00fa 100 % pr\u00edrodn\u00e9, bez konzerva\u010dn\u00fdch l\u00e1tok a \u010derstvo varen\u00e9 jedl\u00e1, ktor\u00fdch kvalitu plne garantuje Paworite. Pou\u017e\u00edvame iba \u010derstv\u00e9, vhodn\u00e9 pre \u013eudsk\u00fa spotrebu suroviny. M\u00e4so a vn\u00fatornosti spracov\u00e1vame nakr\u00e1jan\u00e9 na kocky, tak\u017ee v\u00e1\u0161 pes si m\u00f4\u017ee vychutna\u0165 prirodzen\u00fa text\u00faru m\u00e4sa,&#8230;<\/p>\n","protected":false},"featured_media":2346,"comment_status":"closed","ping_status":"closed","template":"","meta":{"_kad_post_transparent":"default","_kad_post_title":"","_kad_post_layout":"default","_kad_post_sidebar_id":"","_kad_post_content_style":"default","_kad_post_vertical_padding":"default","_kad_post_feature":"","_kad_post_feature_position":"","_kad_post_header":false,"_kad_post_footer":false,"_kad_post_classname":""},"product_brand":[],"product_cat":[170,74,100],"product_tag":[],"class_list":{"0":"post-2393","1":"product","2":"type-product","3":"status-publish","4":"has-post-thumbnail","6":"product_cat-barf-menu","7":"product_cat-produkty","8":"product_cat-krmivo-pre-psov","10":"first","11":"outofstock","12":"taxable","13":"shipping-taxable","14":"purchasable","15":"product-type-simple","16":"entry","17":"content-bg","18":"loop-entry"},"yoast_head":"<!-- This site is optimized with the Yoast SEO plugin v26.5 - https:\/\/yoast.com\/wordpress\/plugins\/seo\/ -->\n<title>Jelenie &amp; Divia\u010die 80%, 300 g, Petpinc\u00e9r Lola Extra - Paworite<\/title>\n<meta name=\"robots\" content=\"index, follow, max-snippet:-1, max-image-preview:large, max-video-preview:-1\" \/>\n<link rel=\"canonical\" href=\"https:\/\/paworite.eu\/sk\/produkt\/vadhus-menu-fott-kutyaeledel-80-hustartalommal-300-g-petpincer-lola-extra\/\" \/>\n<meta property=\"og:locale\" content=\"sk_SK\" \/>\n<meta property=\"og:type\" content=\"article\" \/>\n<meta property=\"og:title\" content=\"Jelenie &amp; Divia\u010die 80%, 300 g, Petpinc\u00e9r Lola Extra - Paworite\" \/>\n<meta property=\"og:description\" content=\"\ud83e\udd58 Petpinc\u00e9r Varen\u00e9 Granule pre Psov \u2013 Jelenie &amp; Divia\u010die Petpinc\u00e9r sklenen\u00e9 konzervy pre psov s\u00fa 100 % pr\u00edrodn\u00e9, bez konzerva\u010dn\u00fdch l\u00e1tok a \u010derstvo varen\u00e9 jedl\u00e1, ktor\u00fdch kvalitu plne garantuje Paworite. Pou\u017e\u00edvame iba \u010derstv\u00e9, vhodn\u00e9 pre \u013eudsk\u00fa spotrebu suroviny. M\u00e4so a vn\u00fatornosti spracov\u00e1vame nakr\u00e1jan\u00e9 na kocky, tak\u017ee v\u00e1\u0161 pes si m\u00f4\u017ee vychutna\u0165 prirodzen\u00fa text\u00faru m\u00e4sa,...\" \/>\n<meta property=\"og:url\" content=\"https:\/\/paworite.eu\/sk\/produkt\/vadhus-menu-fott-kutyaeledel-80-hustartalommal-300-g-petpincer-lola-extra\/\" \/>\n<meta property=\"og:site_name\" content=\"Paworite\" \/>\n<meta property=\"article:modified_time\" content=\"2025-10-16T19:56:55+00:00\" \/>\n<meta property=\"og:image\" content=\"https:\/\/paworite.eu\/wp-content\/uploads\/2025\/10\/lola-extra-80-hustartalom-20241011092933-crop.jpg\" \/>\n\t<meta property=\"og:image:width\" content=\"1000\" \/>\n\t<meta property=\"og:image:height\" content=\"1000\" \/>\n\t<meta property=\"og:image:type\" content=\"image\/jpeg\" \/>\n<meta name=\"twitter:card\" content=\"summary_large_image\" \/>\n<meta name=\"twitter:label1\" content=\"Predpokladan\u00fd \u010das \u010d\u00edtania\" \/>\n\t<meta name=\"twitter:data1\" content=\"2 min\u00faty\" \/>\n<script type=\"application\/ld+json\" class=\"yoast-schema-graph\">{\"@context\":\"https:\/\/schema.org\",\"@graph\":[{\"@type\":\"WebPage\",\"@id\":\"https:\/\/paworite.eu\/sk\/produkt\/vadhus-menu-fott-kutyaeledel-80-hustartalommal-300-g-petpincer-lola-extra\/\",\"url\":\"https:\/\/paworite.eu\/sk\/produkt\/vadhus-menu-fott-kutyaeledel-80-hustartalommal-300-g-petpincer-lola-extra\/\",\"name\":\"Jelenie & Divia\u010die 80%, 300 g, Petpinc\u00e9r Lola Extra - Paworite\",\"isPartOf\":{\"@id\":\"https:\/\/paworite.eu\/#website\"},\"primaryImageOfPage\":{\"@id\":\"https:\/\/paworite.eu\/sk\/produkt\/vadhus-menu-fott-kutyaeledel-80-hustartalommal-300-g-petpincer-lola-extra\/#primaryimage\"},\"image\":{\"@id\":\"https:\/\/paworite.eu\/sk\/produkt\/vadhus-menu-fott-kutyaeledel-80-hustartalommal-300-g-petpincer-lola-extra\/#primaryimage\"},\"thumbnailUrl\":\"https:\/\/paworite.eu\/wp-content\/uploads\/2025\/10\/lola-extra-80-hustartalom-20241011092933-crop.jpg\",\"datePublished\":\"2025-10-16T11:31:55+00:00\",\"dateModified\":\"2025-10-16T19:56:55+00:00\",\"breadcrumb\":{\"@id\":\"https:\/\/paworite.eu\/sk\/produkt\/vadhus-menu-fott-kutyaeledel-80-hustartalommal-300-g-petpincer-lola-extra\/#breadcrumb\"},\"inLanguage\":\"sk-SK\",\"potentialAction\":[{\"@type\":\"ReadAction\",\"target\":[\"https:\/\/paworite.eu\/sk\/produkt\/vadhus-menu-fott-kutyaeledel-80-hustartalommal-300-g-petpincer-lola-extra\/\"]}]},{\"@type\":\"ImageObject\",\"inLanguage\":\"sk-SK\",\"@id\":\"https:\/\/paworite.eu\/sk\/produkt\/vadhus-menu-fott-kutyaeledel-80-hustartalommal-300-g-petpincer-lola-extra\/#primaryimage\",\"url\":\"https:\/\/paworite.eu\/wp-content\/uploads\/2025\/10\/lola-extra-80-hustartalom-20241011092933-crop.jpg\",\"contentUrl\":\"https:\/\/paworite.eu\/wp-content\/uploads\/2025\/10\/lola-extra-80-hustartalom-20241011092933-crop.jpg\",\"width\":1000,\"height\":1000},{\"@type\":\"BreadcrumbList\",\"@id\":\"https:\/\/paworite.eu\/sk\/produkt\/vadhus-menu-fott-kutyaeledel-80-hustartalommal-300-g-petpincer-lola-extra\/#breadcrumb\",\"itemListElement\":[{\"@type\":\"ListItem\",\"position\":1,\"name\":\"Kezd\u0151lap\",\"item\":\"https:\/\/paworite.eu\/\"},{\"@type\":\"ListItem\",\"position\":2,\"name\":\"Shop\",\"item\":\"https:\/\/paworite.eu\/sk\/shop\/\"},{\"@type\":\"ListItem\",\"position\":3,\"name\":\"Jelenie &#038; Divia\u010die 80%, 300 g, Petpinc\u00e9r Lola Extra\"}]},{\"@type\":\"WebSite\",\"@id\":\"https:\/\/paworite.eu\/#website\",\"url\":\"https:\/\/paworite.eu\/\",\"name\":\"Paworite\",\"description\":\"\",\"publisher\":{\"@id\":\"https:\/\/paworite.eu\/#organization\"},\"potentialAction\":[{\"@type\":\"SearchAction\",\"target\":{\"@type\":\"EntryPoint\",\"urlTemplate\":\"https:\/\/paworite.eu\/?s={search_term_string}\"},\"query-input\":{\"@type\":\"PropertyValueSpecification\",\"valueRequired\":true,\"valueName\":\"search_term_string\"}}],\"inLanguage\":\"sk-SK\"},{\"@type\":\"Organization\",\"@id\":\"https:\/\/paworite.eu\/#organization\",\"name\":\"Paworite\",\"url\":\"https:\/\/paworite.eu\/\",\"logo\":{\"@type\":\"ImageObject\",\"inLanguage\":\"sk-SK\",\"@id\":\"https:\/\/paworite.eu\/#\/schema\/logo\/image\/\",\"url\":\"https:\/\/paworite.eu\/wp-content\/uploads\/2024\/05\/logo-uj.png\",\"contentUrl\":\"https:\/\/paworite.eu\/wp-content\/uploads\/2024\/05\/logo-uj.png\",\"width\":800,\"height\":600,\"caption\":\"Paworite\"},\"image\":{\"@id\":\"https:\/\/paworite.eu\/#\/schema\/logo\/image\/\"}}]}<\/script>\n<!-- \/ Yoast SEO plugin. -->","yoast_head_json":{"title":"Jelenie & Divia\u010die 80%, 300 g, Petpinc\u00e9r Lola Extra - Paworite","robots":{"index":"index","follow":"follow","max-snippet":"max-snippet:-1","max-image-preview":"max-image-preview:large","max-video-preview":"max-video-preview:-1"},"canonical":"https:\/\/paworite.eu\/sk\/produkt\/vadhus-menu-fott-kutyaeledel-80-hustartalommal-300-g-petpincer-lola-extra\/","og_locale":"sk_SK","og_type":"article","og_title":"Jelenie & Divia\u010die 80%, 300 g, Petpinc\u00e9r Lola Extra - Paworite","og_description":"\ud83e\udd58 Petpinc\u00e9r Varen\u00e9 Granule pre Psov \u2013 Jelenie &amp; Divia\u010die Petpinc\u00e9r sklenen\u00e9 konzervy pre psov s\u00fa 100 % pr\u00edrodn\u00e9, bez konzerva\u010dn\u00fdch l\u00e1tok a \u010derstvo varen\u00e9 jedl\u00e1, ktor\u00fdch kvalitu plne garantuje Paworite. Pou\u017e\u00edvame iba \u010derstv\u00e9, vhodn\u00e9 pre \u013eudsk\u00fa spotrebu suroviny. M\u00e4so a vn\u00fatornosti spracov\u00e1vame nakr\u00e1jan\u00e9 na kocky, tak\u017ee v\u00e1\u0161 pes si m\u00f4\u017ee vychutna\u0165 prirodzen\u00fa text\u00faru m\u00e4sa,...","og_url":"https:\/\/paworite.eu\/sk\/produkt\/vadhus-menu-fott-kutyaeledel-80-hustartalommal-300-g-petpincer-lola-extra\/","og_site_name":"Paworite","article_modified_time":"2025-10-16T19:56:55+00:00","og_image":[{"width":1000,"height":1000,"url":"https:\/\/paworite.eu\/wp-content\/uploads\/2025\/10\/lola-extra-80-hustartalom-20241011092933-crop.jpg","type":"image\/jpeg"}],"twitter_card":"summary_large_image","twitter_misc":{"Predpokladan\u00fd \u010das \u010d\u00edtania":"2 min\u00faty"},"schema":{"@context":"https:\/\/schema.org","@graph":[{"@type":"WebPage","@id":"https:\/\/paworite.eu\/sk\/produkt\/vadhus-menu-fott-kutyaeledel-80-hustartalommal-300-g-petpincer-lola-extra\/","url":"https:\/\/paworite.eu\/sk\/produkt\/vadhus-menu-fott-kutyaeledel-80-hustartalommal-300-g-petpincer-lola-extra\/","name":"Jelenie & Divia\u010die 80%, 300 g, Petpinc\u00e9r Lola Extra - Paworite","isPartOf":{"@id":"https:\/\/paworite.eu\/#website"},"primaryImageOfPage":{"@id":"https:\/\/paworite.eu\/sk\/produkt\/vadhus-menu-fott-kutyaeledel-80-hustartalommal-300-g-petpincer-lola-extra\/#primaryimage"},"image":{"@id":"https:\/\/paworite.eu\/sk\/produkt\/vadhus-menu-fott-kutyaeledel-80-hustartalommal-300-g-petpincer-lola-extra\/#primaryimage"},"thumbnailUrl":"https:\/\/paworite.eu\/wp-content\/uploads\/2025\/10\/lola-extra-80-hustartalom-20241011092933-crop.jpg","datePublished":"2025-10-16T11:31:55+00:00","dateModified":"2025-10-16T19:56:55+00:00","breadcrumb":{"@id":"https:\/\/paworite.eu\/sk\/produkt\/vadhus-menu-fott-kutyaeledel-80-hustartalommal-300-g-petpincer-lola-extra\/#breadcrumb"},"inLanguage":"sk-SK","potentialAction":[{"@type":"ReadAction","target":["https:\/\/paworite.eu\/sk\/produkt\/vadhus-menu-fott-kutyaeledel-80-hustartalommal-300-g-petpincer-lola-extra\/"]}]},{"@type":"ImageObject","inLanguage":"sk-SK","@id":"https:\/\/paworite.eu\/sk\/produkt\/vadhus-menu-fott-kutyaeledel-80-hustartalommal-300-g-petpincer-lola-extra\/#primaryimage","url":"https:\/\/paworite.eu\/wp-content\/uploads\/2025\/10\/lola-extra-80-hustartalom-20241011092933-crop.jpg","contentUrl":"https:\/\/paworite.eu\/wp-content\/uploads\/2025\/10\/lola-extra-80-hustartalom-20241011092933-crop.jpg","width":1000,"height":1000},{"@type":"BreadcrumbList","@id":"https:\/\/paworite.eu\/sk\/produkt\/vadhus-menu-fott-kutyaeledel-80-hustartalommal-300-g-petpincer-lola-extra\/#breadcrumb","itemListElement":[{"@type":"ListItem","position":1,"name":"Kezd\u0151lap","item":"https:\/\/paworite.eu\/"},{"@type":"ListItem","position":2,"name":"Shop","item":"https:\/\/paworite.eu\/sk\/shop\/"},{"@type":"ListItem","position":3,"name":"Jelenie &#038; Divia\u010die 80%, 300 g, Petpinc\u00e9r Lola Extra"}]},{"@type":"WebSite","@id":"https:\/\/paworite.eu\/#website","url":"https:\/\/paworite.eu\/","name":"Paworite","description":"","publisher":{"@id":"https:\/\/paworite.eu\/#organization"},"potentialAction":[{"@type":"SearchAction","target":{"@type":"EntryPoint","urlTemplate":"https:\/\/paworite.eu\/?s={search_term_string}"},"query-input":{"@type":"PropertyValueSpecification","valueRequired":true,"valueName":"search_term_string"}}],"inLanguage":"sk-SK"},{"@type":"Organization","@id":"https:\/\/paworite.eu\/#organization","name":"Paworite","url":"https:\/\/paworite.eu\/","logo":{"@type":"ImageObject","inLanguage":"sk-SK","@id":"https:\/\/paworite.eu\/#\/schema\/logo\/image\/","url":"https:\/\/paworite.eu\/wp-content\/uploads\/2024\/05\/logo-uj.png","contentUrl":"https:\/\/paworite.eu\/wp-content\/uploads\/2024\/05\/logo-uj.png","width":800,"height":600,"caption":"Paworite"},"image":{"@id":"https:\/\/paworite.eu\/#\/schema\/logo\/image\/"}}]}},"_links":{"self":[{"href":"https:\/\/paworite.eu\/sk\/wp-json\/wp\/v2\/product\/2393","targetHints":{"allow":["GET"]}}],"collection":[{"href":"https:\/\/paworite.eu\/sk\/wp-json\/wp\/v2\/product"}],"about":[{"href":"https:\/\/paworite.eu\/sk\/wp-json\/wp\/v2\/types\/product"}],"replies":[{"embeddable":true,"href":"https:\/\/paworite.eu\/sk\/wp-json\/wp\/v2\/comments?post=2393"}],"wp:featuredmedia":[{"embeddable":true,"href":"https:\/\/paworite.eu\/sk\/wp-json\/wp\/v2\/media\/2346"}],"wp:attachment":[{"href":"https:\/\/paworite.eu\/sk\/wp-json\/wp\/v2\/media?parent=2393"}],"wp:term":[{"taxonomy":"product_brand","embeddable":true,"href":"https:\/\/paworite.eu\/sk\/wp-json\/wp\/v2\/product_brand?post=2393"},{"taxonomy":"product_cat","embeddable":true,"href":"https:\/\/paworite.eu\/sk\/wp-json\/wp\/v2\/product_cat?post=2393"},{"taxonomy":"product_tag","embeddable":true,"href":"https:\/\/paworite.eu\/sk\/wp-json\/wp\/v2\/product_tag?post=2393"}],"curies":[{"name":"wp","href":"https:\/\/api.w.org\/{rel}","templated":true}]}}