{"id":2401,"date":"2025-10-16T10:46:24","date_gmt":"2025-10-16T10:46:24","guid":{"rendered":"https:\/\/paworite.eu\/product\/barf-love-sutotok-trening-jutalomfalat-kutyaknak-100-g\/"},"modified":"2025-10-17T08:36:45","modified_gmt":"2025-10-17T08:36:45","slug":"barf-love-sutotok-trening-jutalomfalat-kutyaknak-100-g","status":"publish","type":"product","link":"https:\/\/paworite.eu\/sk\/produkt\/barf-love-sutotok-trening-jutalomfalat-kutyaknak-100-g\/","title":{"rendered":"\ud83c\udf83 100% Tekvica \u2013 tr\u00e9ningov\u00e1 ma\u0161krta pre psov, Barf Love (100 g)"},"content":{"rendered":"<p data-start=\"0\" data-end=\"67\">\ud83c\udf83 <strong data-start=\"3\" data-end=\"65\">100 % Tekvica \u2013 pr\u00edrodn\u00e1 vitam\u00ednov\u00e1 bomba pre tvojho ps\u00edka<\/strong><\/p>\n<p data-start=\"69\" data-end=\"299\">Tekvica nie je len jesennou poch\u00fa\u0165kou pre \u013eud\u00ed, ale skuto\u010dnou <strong data-start=\"131\" data-end=\"159\">superpotravinou pre psov<\/strong>!<br data-start=\"160\" data-end=\"163\" \/>\u013dahko sa tr\u00e1vi, m\u00e1 n\u00edzky obsah kal\u00f3ri\u00ed, no pritom je bohat\u00e1 na \u017eiviny \u2013 ide\u00e1lna vo\u013eba aj pre psov s alergiami alebo citliv\u00fdm tr\u00e1ven\u00edm.<\/p>\n<p data-start=\"301\" data-end=\"477\">T\u00e1to ma\u0161krta je <strong data-start=\"317\" data-end=\"340\">bez pridan\u00fdch l\u00e1tok<\/strong>, vyroben\u00e1 v\u00fdlu\u010dne zo <strong data-start=\"362\" data-end=\"405\">100 % pr\u00edrodnej, \u0161etrne su\u0161enej tekvice<\/strong>, tak\u017ee si m\u00f4\u017ee\u0161 by\u0165 ist\u00fd, \u017ee tvoj ps\u00edk dost\u00e1va len to najlep\u0161ie. \ud83c\udf60\ud83d\udc3e<\/p>\n<p data-start=\"479\" data-end=\"950\">\ud83c\udf3f <strong data-start=\"482\" data-end=\"533\">Pre\u010do zaradi\u0165 tekvicu do jed\u00e1lni\u010dka tvojho psa?<\/strong><br data-start=\"533\" data-end=\"536\" \/>\u2714 Vysok\u00fd obsah betakarot\u00e9nu \u2013 podporuje zrak a imunitn\u00fd syst\u00e9m<br data-start=\"598\" data-end=\"601\" \/>\u2714 Bohat\u00e1 na drasl\u00edk \u2013 pom\u00e1ha udr\u017eiava\u0165 spr\u00e1vnu hydrat\u00e1ciu<br data-start=\"658\" data-end=\"661\" \/>\u2714 Zdroj vitam\u00ednu C \u2013 chr\u00e1ni bunky ako pr\u00edrodn\u00fd antioxidant<br data-start=\"719\" data-end=\"722\" \/>\u2714 Obsahuje vitam\u00edny skupiny B \u2013 prispieva k zdravej poko\u017eke a srsti<br data-start=\"789\" data-end=\"792\" \/>\u2714 Vysok\u00fd obsah vl\u00e1kniny \u2013 podporuje spr\u00e1vne tr\u00e1venie<br data-start=\"844\" data-end=\"847\" \/>\u2714 Obsahuje bielkoviny \u2013 pom\u00e1ha udr\u017eiava\u0165 svalov\u00fa hmotu<br data-start=\"901\" data-end=\"904\" \/>\u2714 A \u010do je najlep\u0161ie: psy miluj\u00fa jej chu\u0165! \ud83d\ude0b<\/p>\n<p data-start=\"952\" data-end=\"1130\">\ud83c\udfaf <strong data-start=\"955\" data-end=\"977\">Ide\u00e1lna na tr\u00e9ning<\/strong><br data-start=\"977\" data-end=\"980\" \/>Tekvicov\u00e9 k\u00fasky s\u00fa \u013eahko str\u00e1vite\u013en\u00e9, chutn\u00e9 a praktick\u00e9 \u2013 ne\u0161pinia, nedrobia sa a v\u010faka tomu s\u00fa <strong data-start=\"1077\" data-end=\"1127\">skvelou odmenou po\u010das prech\u00e1dzok alebo v\u00fdcviku<\/strong>.<\/p>\n<p data-start=\"1132\" data-end=\"1183\">\ud83c\udf31 <strong data-start=\"1135\" data-end=\"1148\">Zlo\u017eenie:<\/strong><br data-start=\"1148\" data-end=\"1151\" \/>100 % pr\u00edrodn\u00e1, su\u0161en\u00e1 tekvica<\/p>\n<p data-start=\"1185\" data-end=\"1278\"><strong data-start=\"1185\" data-end=\"1209\">Analytick\u00e9 zlo\u017eenie:<\/strong><br data-start=\"1209\" data-end=\"1212\" \/>Bielkoviny: 7,2 %<br data-start=\"1229\" data-end=\"1232\" \/>Tuky: 1,6 %<br data-start=\"1243\" data-end=\"1246\" \/>Vl\u00e1knina: 4,8 %<br data-start=\"1261\" data-end=\"1264\" \/>Popol: 5,6 %<\/p>\n<p data-start=\"1280\" data-end=\"1525\">\ud83d\udc9a <strong data-start=\"1283\" data-end=\"1316\">Pre\u010do si vybra\u0165 t\u00fato ma\u0161krtu?<\/strong><br data-start=\"1316\" data-end=\"1319\" \/>\u2705 100 % pr\u00edrodn\u00e1 a zdrav\u00e1 poch\u00fa\u0165ka<br data-start=\"1353\" data-end=\"1356\" \/>\u2705 Vhodn\u00e1 pre di\u00e9tne alebo alergick\u00e9 psy<br data-start=\"1395\" data-end=\"1398\" \/>\u2705 Podporuje leskl\u00fa srs\u0165, zdrav\u00fa poko\u017eku a dobr\u00e9 tr\u00e1venie<br data-start=\"1454\" data-end=\"1457\" \/>\u2705 Perfektn\u00e1 na tr\u00e9ning, odme\u0148ovanie alebo ka\u017edodenn\u00e9 rozmazn\u00e1vanie<\/p>\n<p data-start=\"1527\" data-end=\"1635\" data-is-last-node=\"\" data-is-only-node=\"\">Dopraj svojmu ps\u00edkovi nie\u010do skuto\u010dne prospe\u0161n\u00e9 \u2013 <strong data-start=\"1576\" data-end=\"1630\">tekvicov\u00e9 pamlsky s\u00fa nielen chutn\u00e9, ale aj zdrav\u00e9!<\/strong> \ud83c\udf83\ud83d\udc36<\/p>\n","protected":false},"excerpt":{"rendered":"<p>\ud83c\udf83 100 % Tekvica \u2013 pr\u00edrodn\u00e1 vitam\u00ednov\u00e1 bomba pre tvojho ps\u00edka Tekvica nie je len jesennou poch\u00fa\u0165kou pre \u013eud\u00ed, ale skuto\u010dnou superpotravinou pre psov!\u013dahko sa tr\u00e1vi, m\u00e1 n\u00edzky obsah kal\u00f3ri\u00ed, no pritom je bohat\u00e1 na \u017eiviny \u2013 ide\u00e1lna vo\u013eba aj pre psov s alergiami alebo citliv\u00fdm tr\u00e1ven\u00edm. T\u00e1to ma\u0161krta je bez pridan\u00fdch l\u00e1tok, vyroben\u00e1 v\u00fdlu\u010dne&#8230;<\/p>\n","protected":false},"featured_media":2305,"comment_status":"closed","ping_status":"closed","template":"","meta":{"_kad_post_transparent":"default","_kad_post_title":"","_kad_post_layout":"default","_kad_post_sidebar_id":"","_kad_post_content_style":"default","_kad_post_vertical_padding":"default","_kad_post_feature":"","_kad_post_feature_position":"","_kad_post_header":false,"_kad_post_footer":false,"_kad_post_classname":""},"product_brand":[],"product_cat":[173,74,100],"product_tag":[],"class_list":{"0":"post-2401","1":"product","2":"type-product","3":"status-publish","4":"has-post-thumbnail","6":"product_cat-pamlsky","7":"product_cat-produkty","8":"product_cat-krmivo-pre-psov","10":"first","11":"instock","12":"taxable","13":"shipping-taxable","14":"purchasable","15":"product-type-simple","16":"entry","17":"content-bg","18":"loop-entry"},"yoast_head":"<!-- This site is optimized with the Yoast SEO plugin v26.5 - https:\/\/yoast.com\/wordpress\/plugins\/seo\/ -->\n<title>\ud83c\udf83 100% Tekvica \u2013 tr\u00e9ningov\u00e1 ma\u0161krta pre psov, Barf Love (100 g) - Paworite<\/title>\n<meta name=\"robots\" content=\"index, follow, max-snippet:-1, max-image-preview:large, max-video-preview:-1\" \/>\n<link rel=\"canonical\" href=\"https:\/\/paworite.eu\/sk\/produkt\/barf-love-sutotok-trening-jutalomfalat-kutyaknak-100-g\/\" \/>\n<meta property=\"og:locale\" content=\"sk_SK\" \/>\n<meta property=\"og:type\" content=\"article\" \/>\n<meta property=\"og:title\" content=\"\ud83c\udf83 100% Tekvica \u2013 tr\u00e9ningov\u00e1 ma\u0161krta pre psov, Barf Love (100 g) - Paworite\" \/>\n<meta property=\"og:description\" content=\"\ud83c\udf83 100 % Tekvica \u2013 pr\u00edrodn\u00e1 vitam\u00ednov\u00e1 bomba pre tvojho ps\u00edka Tekvica nie je len jesennou poch\u00fa\u0165kou pre \u013eud\u00ed, ale skuto\u010dnou superpotravinou pre psov!\u013dahko sa tr\u00e1vi, m\u00e1 n\u00edzky obsah kal\u00f3ri\u00ed, no pritom je bohat\u00e1 na \u017eiviny \u2013 ide\u00e1lna vo\u013eba aj pre psov s alergiami alebo citliv\u00fdm tr\u00e1ven\u00edm. T\u00e1to ma\u0161krta je bez pridan\u00fdch l\u00e1tok, vyroben\u00e1 v\u00fdlu\u010dne...\" \/>\n<meta property=\"og:url\" content=\"https:\/\/paworite.eu\/sk\/produkt\/barf-love-sutotok-trening-jutalomfalat-kutyaknak-100-g\/\" \/>\n<meta property=\"og:site_name\" content=\"Paworite\" \/>\n<meta property=\"article:modified_time\" content=\"2025-10-17T08:36:45+00:00\" \/>\n<meta property=\"og:image\" content=\"https:\/\/paworite.eu\/wp-content\/uploads\/2025\/10\/sutotok_trening_snack.jpg.webp\" \/>\n\t<meta property=\"og:image:width\" content=\"900\" \/>\n\t<meta property=\"og:image:height\" content=\"500\" \/>\n\t<meta property=\"og:image:type\" content=\"image\/webp\" \/>\n<meta name=\"twitter:card\" content=\"summary_large_image\" \/>\n<meta name=\"twitter:label1\" content=\"Predpokladan\u00fd \u010das \u010d\u00edtania\" \/>\n\t<meta name=\"twitter:data1\" content=\"1 min\u00fata\" \/>\n<script type=\"application\/ld+json\" class=\"yoast-schema-graph\">{\"@context\":\"https:\/\/schema.org\",\"@graph\":[{\"@type\":\"WebPage\",\"@id\":\"https:\/\/paworite.eu\/sk\/produkt\/barf-love-sutotok-trening-jutalomfalat-kutyaknak-100-g\/\",\"url\":\"https:\/\/paworite.eu\/sk\/produkt\/barf-love-sutotok-trening-jutalomfalat-kutyaknak-100-g\/\",\"name\":\"\ud83c\udf83 100% Tekvica \u2013 tr\u00e9ningov\u00e1 ma\u0161krta pre psov, Barf Love (100 g) - Paworite\",\"isPartOf\":{\"@id\":\"https:\/\/paworite.eu\/#website\"},\"primaryImageOfPage\":{\"@id\":\"https:\/\/paworite.eu\/sk\/produkt\/barf-love-sutotok-trening-jutalomfalat-kutyaknak-100-g\/#primaryimage\"},\"image\":{\"@id\":\"https:\/\/paworite.eu\/sk\/produkt\/barf-love-sutotok-trening-jutalomfalat-kutyaknak-100-g\/#primaryimage\"},\"thumbnailUrl\":\"https:\/\/paworite.eu\/wp-content\/uploads\/2025\/10\/sutotok_trening_snack.jpg.webp\",\"datePublished\":\"2025-10-16T10:46:24+00:00\",\"dateModified\":\"2025-10-17T08:36:45+00:00\",\"breadcrumb\":{\"@id\":\"https:\/\/paworite.eu\/sk\/produkt\/barf-love-sutotok-trening-jutalomfalat-kutyaknak-100-g\/#breadcrumb\"},\"inLanguage\":\"sk-SK\",\"potentialAction\":[{\"@type\":\"ReadAction\",\"target\":[\"https:\/\/paworite.eu\/sk\/produkt\/barf-love-sutotok-trening-jutalomfalat-kutyaknak-100-g\/\"]}]},{\"@type\":\"ImageObject\",\"inLanguage\":\"sk-SK\",\"@id\":\"https:\/\/paworite.eu\/sk\/produkt\/barf-love-sutotok-trening-jutalomfalat-kutyaknak-100-g\/#primaryimage\",\"url\":\"https:\/\/paworite.eu\/wp-content\/uploads\/2025\/10\/sutotok_trening_snack.jpg.webp\",\"contentUrl\":\"https:\/\/paworite.eu\/wp-content\/uploads\/2025\/10\/sutotok_trening_snack.jpg.webp\",\"width\":900,\"height\":500},{\"@type\":\"BreadcrumbList\",\"@id\":\"https:\/\/paworite.eu\/sk\/produkt\/barf-love-sutotok-trening-jutalomfalat-kutyaknak-100-g\/#breadcrumb\",\"itemListElement\":[{\"@type\":\"ListItem\",\"position\":1,\"name\":\"Kezd\u0151lap\",\"item\":\"https:\/\/paworite.eu\/\"},{\"@type\":\"ListItem\",\"position\":2,\"name\":\"Shop\",\"item\":\"https:\/\/paworite.eu\/sk\/shop\/\"},{\"@type\":\"ListItem\",\"position\":3,\"name\":\"\ud83c\udf83 100% Tekvica \u2013 tr\u00e9ningov\u00e1 ma\u0161krta pre psov, Barf Love (100 g)\"}]},{\"@type\":\"WebSite\",\"@id\":\"https:\/\/paworite.eu\/#website\",\"url\":\"https:\/\/paworite.eu\/\",\"name\":\"Paworite\",\"description\":\"\",\"publisher\":{\"@id\":\"https:\/\/paworite.eu\/#organization\"},\"potentialAction\":[{\"@type\":\"SearchAction\",\"target\":{\"@type\":\"EntryPoint\",\"urlTemplate\":\"https:\/\/paworite.eu\/?s={search_term_string}\"},\"query-input\":{\"@type\":\"PropertyValueSpecification\",\"valueRequired\":true,\"valueName\":\"search_term_string\"}}],\"inLanguage\":\"sk-SK\"},{\"@type\":\"Organization\",\"@id\":\"https:\/\/paworite.eu\/#organization\",\"name\":\"Paworite\",\"url\":\"https:\/\/paworite.eu\/\",\"logo\":{\"@type\":\"ImageObject\",\"inLanguage\":\"sk-SK\",\"@id\":\"https:\/\/paworite.eu\/#\/schema\/logo\/image\/\",\"url\":\"https:\/\/paworite.eu\/wp-content\/uploads\/2024\/05\/logo-uj.png\",\"contentUrl\":\"https:\/\/paworite.eu\/wp-content\/uploads\/2024\/05\/logo-uj.png\",\"width\":800,\"height\":600,\"caption\":\"Paworite\"},\"image\":{\"@id\":\"https:\/\/paworite.eu\/#\/schema\/logo\/image\/\"}}]}<\/script>\n<!-- \/ Yoast SEO plugin. -->","yoast_head_json":{"title":"\ud83c\udf83 100% Tekvica \u2013 tr\u00e9ningov\u00e1 ma\u0161krta pre psov, Barf Love (100 g) - Paworite","robots":{"index":"index","follow":"follow","max-snippet":"max-snippet:-1","max-image-preview":"max-image-preview:large","max-video-preview":"max-video-preview:-1"},"canonical":"https:\/\/paworite.eu\/sk\/produkt\/barf-love-sutotok-trening-jutalomfalat-kutyaknak-100-g\/","og_locale":"sk_SK","og_type":"article","og_title":"\ud83c\udf83 100% Tekvica \u2013 tr\u00e9ningov\u00e1 ma\u0161krta pre psov, Barf Love (100 g) - Paworite","og_description":"\ud83c\udf83 100 % Tekvica \u2013 pr\u00edrodn\u00e1 vitam\u00ednov\u00e1 bomba pre tvojho ps\u00edka Tekvica nie je len jesennou poch\u00fa\u0165kou pre \u013eud\u00ed, ale skuto\u010dnou superpotravinou pre psov!\u013dahko sa tr\u00e1vi, m\u00e1 n\u00edzky obsah kal\u00f3ri\u00ed, no pritom je bohat\u00e1 na \u017eiviny \u2013 ide\u00e1lna vo\u013eba aj pre psov s alergiami alebo citliv\u00fdm tr\u00e1ven\u00edm. T\u00e1to ma\u0161krta je bez pridan\u00fdch l\u00e1tok, vyroben\u00e1 v\u00fdlu\u010dne...","og_url":"https:\/\/paworite.eu\/sk\/produkt\/barf-love-sutotok-trening-jutalomfalat-kutyaknak-100-g\/","og_site_name":"Paworite","article_modified_time":"2025-10-17T08:36:45+00:00","og_image":[{"width":900,"height":500,"url":"https:\/\/paworite.eu\/wp-content\/uploads\/2025\/10\/sutotok_trening_snack.jpg.webp","type":"image\/webp"}],"twitter_card":"summary_large_image","twitter_misc":{"Predpokladan\u00fd \u010das \u010d\u00edtania":"1 min\u00fata"},"schema":{"@context":"https:\/\/schema.org","@graph":[{"@type":"WebPage","@id":"https:\/\/paworite.eu\/sk\/produkt\/barf-love-sutotok-trening-jutalomfalat-kutyaknak-100-g\/","url":"https:\/\/paworite.eu\/sk\/produkt\/barf-love-sutotok-trening-jutalomfalat-kutyaknak-100-g\/","name":"\ud83c\udf83 100% Tekvica \u2013 tr\u00e9ningov\u00e1 ma\u0161krta pre psov, Barf Love (100 g) - Paworite","isPartOf":{"@id":"https:\/\/paworite.eu\/#website"},"primaryImageOfPage":{"@id":"https:\/\/paworite.eu\/sk\/produkt\/barf-love-sutotok-trening-jutalomfalat-kutyaknak-100-g\/#primaryimage"},"image":{"@id":"https:\/\/paworite.eu\/sk\/produkt\/barf-love-sutotok-trening-jutalomfalat-kutyaknak-100-g\/#primaryimage"},"thumbnailUrl":"https:\/\/paworite.eu\/wp-content\/uploads\/2025\/10\/sutotok_trening_snack.jpg.webp","datePublished":"2025-10-16T10:46:24+00:00","dateModified":"2025-10-17T08:36:45+00:00","breadcrumb":{"@id":"https:\/\/paworite.eu\/sk\/produkt\/barf-love-sutotok-trening-jutalomfalat-kutyaknak-100-g\/#breadcrumb"},"inLanguage":"sk-SK","potentialAction":[{"@type":"ReadAction","target":["https:\/\/paworite.eu\/sk\/produkt\/barf-love-sutotok-trening-jutalomfalat-kutyaknak-100-g\/"]}]},{"@type":"ImageObject","inLanguage":"sk-SK","@id":"https:\/\/paworite.eu\/sk\/produkt\/barf-love-sutotok-trening-jutalomfalat-kutyaknak-100-g\/#primaryimage","url":"https:\/\/paworite.eu\/wp-content\/uploads\/2025\/10\/sutotok_trening_snack.jpg.webp","contentUrl":"https:\/\/paworite.eu\/wp-content\/uploads\/2025\/10\/sutotok_trening_snack.jpg.webp","width":900,"height":500},{"@type":"BreadcrumbList","@id":"https:\/\/paworite.eu\/sk\/produkt\/barf-love-sutotok-trening-jutalomfalat-kutyaknak-100-g\/#breadcrumb","itemListElement":[{"@type":"ListItem","position":1,"name":"Kezd\u0151lap","item":"https:\/\/paworite.eu\/"},{"@type":"ListItem","position":2,"name":"Shop","item":"https:\/\/paworite.eu\/sk\/shop\/"},{"@type":"ListItem","position":3,"name":"\ud83c\udf83 100% Tekvica \u2013 tr\u00e9ningov\u00e1 ma\u0161krta pre psov, Barf Love (100 g)"}]},{"@type":"WebSite","@id":"https:\/\/paworite.eu\/#website","url":"https:\/\/paworite.eu\/","name":"Paworite","description":"","publisher":{"@id":"https:\/\/paworite.eu\/#organization"},"potentialAction":[{"@type":"SearchAction","target":{"@type":"EntryPoint","urlTemplate":"https:\/\/paworite.eu\/?s={search_term_string}"},"query-input":{"@type":"PropertyValueSpecification","valueRequired":true,"valueName":"search_term_string"}}],"inLanguage":"sk-SK"},{"@type":"Organization","@id":"https:\/\/paworite.eu\/#organization","name":"Paworite","url":"https:\/\/paworite.eu\/","logo":{"@type":"ImageObject","inLanguage":"sk-SK","@id":"https:\/\/paworite.eu\/#\/schema\/logo\/image\/","url":"https:\/\/paworite.eu\/wp-content\/uploads\/2024\/05\/logo-uj.png","contentUrl":"https:\/\/paworite.eu\/wp-content\/uploads\/2024\/05\/logo-uj.png","width":800,"height":600,"caption":"Paworite"},"image":{"@id":"https:\/\/paworite.eu\/#\/schema\/logo\/image\/"}}]}},"_links":{"self":[{"href":"https:\/\/paworite.eu\/sk\/wp-json\/wp\/v2\/product\/2401","targetHints":{"allow":["GET"]}}],"collection":[{"href":"https:\/\/paworite.eu\/sk\/wp-json\/wp\/v2\/product"}],"about":[{"href":"https:\/\/paworite.eu\/sk\/wp-json\/wp\/v2\/types\/product"}],"replies":[{"embeddable":true,"href":"https:\/\/paworite.eu\/sk\/wp-json\/wp\/v2\/comments?post=2401"}],"wp:featuredmedia":[{"embeddable":true,"href":"https:\/\/paworite.eu\/sk\/wp-json\/wp\/v2\/media\/2305"}],"wp:attachment":[{"href":"https:\/\/paworite.eu\/sk\/wp-json\/wp\/v2\/media?parent=2401"}],"wp:term":[{"taxonomy":"product_brand","embeddable":true,"href":"https:\/\/paworite.eu\/sk\/wp-json\/wp\/v2\/product_brand?post=2401"},{"taxonomy":"product_cat","embeddable":true,"href":"https:\/\/paworite.eu\/sk\/wp-json\/wp\/v2\/product_cat?post=2401"},{"taxonomy":"product_tag","embeddable":true,"href":"https:\/\/paworite.eu\/sk\/wp-json\/wp\/v2\/product_tag?post=2401"}],"curies":[{"name":"wp","href":"https:\/\/api.w.org\/{rel}","templated":true}]}}