{"id":2409,"date":"2025-10-15T19:21:17","date_gmt":"2025-10-15T19:21:17","guid":{"rendered":"https:\/\/paworite.eu\/product\/kendermagolaj-kutyaknak-es-macskaknak-hidegen-sajtolt-100-ml-barf-love\/"},"modified":"2025-10-17T08:51:56","modified_gmt":"2025-10-17T08:51:56","slug":"kendermagolaj-kutyaknak-es-macskaknak-hidegen-sajtolt-100-ml-barf-love","status":"publish","type":"product","link":"https:\/\/paworite.eu\/sk\/produkt\/kendermagolaj-kutyaknak-es-macskaknak-hidegen-sajtolt-100-ml-barf-love\/","title":{"rendered":"Konopn\u00fd olej pre psov a ma\u010dky \u2013 lisovan\u00fd za studena, 100 ml, BARF LOVE"},"content":{"rendered":"<h4 data-start=\"0\" data-end=\"95\">\ud83c\udf3f Lisovan\u00fd za studena olej z konopn\u00fdch semien \u2013 prirodzen\u00e1 podpora zdravia v\u00e1\u0161ho psa a ma\u010dky<\/h4>\n<p data-start=\"97\" data-end=\"383\">Lisovan\u00fd za studena olej z konopn\u00fdch semien je skuto\u010dn\u00e1 superpotravina pre v\u00e1\u0161ho mil\u00e1\u010dika \u2013 100 % pr\u00edrodn\u00fd a z\u00e1rove\u0148 mimoriadne v\u0161estrann\u00fd doplnok pre ka\u017edodenn\u00fa podporu zdravia.<br data-start=\"275\" data-end=\"278\" \/>D\u00f4le\u017eit\u00e9 je vedie\u0165, \u017ee neobsahuje THC, tak\u017ee nem\u00e1 \u017eiadne omamn\u00e9 \u00fa\u010dinky, len prospe\u0161n\u00e9 zlo\u017eky konopy. \ud83c\udf31<\/p>\n<h4 data-start=\"385\" data-end=\"417\">\ud83d\udc9a Pre\u010do ho zaradi\u0165 do stravy?<\/h4>\n<p data-start=\"419\" data-end=\"663\">Omega-3 a omega-6 mastn\u00e9 kyseliny v konopnom oleji v ide\u00e1lnom pomere podporuj\u00fa zdravie srdca, ciev a k\u013abov. Pom\u00e1haj\u00fa zmierni\u0165 z\u00e1paly, \u010di u\u017e ide o ak\u00fatne alebo chronick\u00e9 probl\u00e9my \u2013 napr\u00edklad k\u013abov\u00e9 \u0165a\u017ekosti, tr\u00e1viace probl\u00e9my alebo z\u00e1pal ko\u017ee.<\/p>\n<p data-start=\"665\" data-end=\"831\">Okrem toho zmier\u0148uje alergick\u00e9 reakcie v\u010faka siln\u00e9mu antioxida\u010dn\u00e9mu \u00fa\u010dinku.<br data-start=\"740\" data-end=\"743\" \/>Pravideln\u00e9 pou\u017e\u00edvanie prispieva k lesklej, zdravej srsti a podporuje regener\u00e1ciu ko\u017ee.<\/p>\n<h4 data-start=\"833\" data-end=\"863\">\ud83c\udf3f Pr\u00edrodn\u00e1 vitam\u00ednov\u00e1 bomba<\/h4>\n<p data-start=\"865\" data-end=\"1214\">Konopn\u00fd olej obsahuje v\u0161etky esenci\u00e1lne aminokyseliny a mno\u017estvo vitam\u00ednov, \u010d\u00edm \u00fa\u010dinne posil\u0148uje imunitn\u00fd syst\u00e9m.<br data-start=\"978\" data-end=\"981\" \/>M\u00f4\u017ee pom\u00f4c\u0165 pri nevo\u013enosti, strate chuti do jedla, strese a \u00fazkosti \u2013 napr\u00edklad ak m\u00e1 v\u00e1\u0161 mil\u00e1\u010dik probl\u00e9m s osamelos\u0165ou, cestovan\u00edm alebo nov\u00fdmi situ\u00e1ciami.<br data-start=\"1137\" data-end=\"1140\" \/>Ako doplnkov\u00e1 terapia m\u00f4\u017ee by\u0165 u\u017eito\u010dn\u00fd aj pri epileptick\u00fdch z\u00e1chvatoch.<\/p>\n<h4 data-start=\"1216\" data-end=\"1248\">\ud83d\udc3e Kedy odpor\u00fa\u010dame pou\u017e\u00edvanie?<\/h4>\n<ul data-start=\"1250\" data-end=\"1715\">\n<li data-start=\"1250\" data-end=\"1324\">\n<p data-start=\"1252\" data-end=\"1324\">Pri probl\u00e9moch s ko\u017eou a srs\u0165ou (such\u00e1, \u0161upinat\u00e1, matn\u00e1, redn\u00faca srs\u0165)<\/p>\n<\/li>\n<li data-start=\"1325\" data-end=\"1350\">\n<p data-start=\"1327\" data-end=\"1350\">Po\u010das obdobia l\u00ednania<\/p>\n<\/li>\n<li data-start=\"1351\" data-end=\"1405\">\n<p data-start=\"1353\" data-end=\"1405\">Po k\u00fare s lososov\u00fdm olejom na doplnenie vitam\u00ednu E<\/p>\n<\/li>\n<li data-start=\"1406\" data-end=\"1462\">\n<p data-start=\"1408\" data-end=\"1462\">Pri srdcovo-cievnych \u0165a\u017ekostiach alebo ako prevencia<\/p>\n<\/li>\n<li data-start=\"1463\" data-end=\"1536\">\n<p data-start=\"1465\" data-end=\"1536\">Pri ak\u00fatnych alebo chronick\u00fdch z\u00e1paloch (napr. k\u013aby, \u010drev\u00e1, pankreas)<\/p>\n<\/li>\n<li data-start=\"1537\" data-end=\"1574\">\n<p data-start=\"1539\" data-end=\"1574\">Na zmiernenie alergick\u00fdch reakci\u00ed<\/p>\n<\/li>\n<li data-start=\"1575\" data-end=\"1614\">\n<p data-start=\"1577\" data-end=\"1614\">Pri \u00fazkosti, strese alebo cestovan\u00ed<\/p>\n<\/li>\n<li data-start=\"1615\" data-end=\"1654\">\n<p data-start=\"1617\" data-end=\"1654\">Ako doplnkov\u00e1 terapia pri epilepsii<\/p>\n<\/li>\n<li data-start=\"1655\" data-end=\"1715\">\n<p data-start=\"1657\" data-end=\"1715\">Na v\u0161eobecn\u00fa podporu imunity a dlhodob\u00e9 udr\u017eanie zdravia<\/p>\n<\/li>\n<\/ul>\n<h4 data-start=\"1717\" data-end=\"1731\">\ud83e\uddf4 Zlo\u017eenie:<\/h4>\n<p data-start=\"1733\" data-end=\"1802\">100 % \u010dist\u00fd lisovan\u00fd za studena konopn\u00fd olej \u2013 bez pridan\u00fdch l\u00e1tok.<\/p>\n<h4 data-start=\"1804\" data-end=\"1831\">\ud83d\udccf Odpor\u00fa\u010dan\u00e9 d\u00e1vkovanie:<\/h4>\n<p data-start=\"1833\" data-end=\"1889\">\ud83d\udc36 Pre psov:<br data-start=\"1845\" data-end=\"1848\" \/>2,5 ml \/ 10 kg telesnej hmotnosti denne<\/p>\n<p data-start=\"1891\" data-end=\"1936\">\ud83d\udc31 Pre ma\u010dky:<br data-start=\"1904\" data-end=\"1907\" \/>cca \u00bc \u010dajovej ly\u017ei\u010dky denne<\/p>\n<p data-start=\"1938\" data-end=\"2063\">\ud83d\udca1 Tip: ak olej dost\u00e1va v\u00e1\u0161 mil\u00e1\u010dik prv\u00fdkr\u00e1t, za\u010dnite nieko\u013eko dn\u00ed len polovi\u010dnou d\u00e1vkou a postupne zvy\u0161ujte na pln\u00fa d\u00e1vku.<\/p>\n<h4 data-start=\"2065\" data-end=\"2075\">\ud83d\udd52 K\u00fara:<\/h4>\n<p data-start=\"2077\" data-end=\"2137\">Pre maxim\u00e1lny \u00fa\u010dinok odpor\u00fa\u010dame 6\u20138 t\u00fd\u017ed\u0148ov, 4-kr\u00e1t ro\u010dne.<\/p>\n<h4 data-start=\"2139\" data-end=\"2152\">\ud83c\udf3c Zhrnutie<\/h4>\n<p data-start=\"2154\" data-end=\"2437\" data-is-last-node=\"\" data-is-only-node=\"\">Konopn\u00fd olej je prirodzen\u00fd, bezpe\u010dn\u00fd a mimoriadne v\u0161estrann\u00fd doplnok stravy, ktor\u00fd podporuje organizmus v\u00e1\u0161ho mil\u00e1\u010dika zvn\u00fatra aj zvonka.<br data-start=\"2291\" data-end=\"2294\" \/>M\u00e1 protiz\u00e1palov\u00e9, imunita podporuj\u00face, v\u00fd\u017eivn\u00e9 \u00fa\u010dinky pre ko\u017eu a upokojuje stres \u2013 je nevyhnutnou s\u00fa\u010das\u0165ou v\u00fdbavy ka\u017ed\u00e9ho vedom\u00e9ho majite\u013ea. \ud83d\udc9a<\/p>\n<hr data-start=\"3069\" data-end=\"3072\" \/>\n","protected":false},"excerpt":{"rendered":"<p>\ud83c\udf3f Lisovan\u00fd za studena olej z konopn\u00fdch semien \u2013 prirodzen\u00e1 podpora zdravia v\u00e1\u0161ho psa a ma\u010dky Lisovan\u00fd za studena olej z konopn\u00fdch semien je skuto\u010dn\u00e1 superpotravina pre v\u00e1\u0161ho mil\u00e1\u010dika \u2013 100 % pr\u00edrodn\u00fd a z\u00e1rove\u0148 mimoriadne v\u0161estrann\u00fd doplnok pre ka\u017edodenn\u00fa podporu zdravia.D\u00f4le\u017eit\u00e9 je vedie\u0165, \u017ee neobsahuje THC, tak\u017ee nem\u00e1 \u017eiadne omamn\u00e9 \u00fa\u010dinky, len prospe\u0161n\u00e9 zlo\u017eky&#8230;<\/p>\n","protected":false},"featured_media":2289,"comment_status":"closed","ping_status":"closed","template":"","meta":{"_kad_post_transparent":"default","_kad_post_title":"","_kad_post_layout":"default","_kad_post_sidebar_id":"","_kad_post_content_style":"default","_kad_post_vertical_padding":"default","_kad_post_feature":"","_kad_post_feature_position":"","_kad_post_header":false,"_kad_post_footer":false,"_kad_post_classname":""},"product_brand":[],"product_cat":[174,74,100],"product_tag":[],"class_list":{"0":"post-2409","1":"product","2":"type-product","3":"status-publish","4":"has-post-thumbnail","6":"product_cat-doplnky-stravy-a-funkcne-vyrobky","7":"product_cat-produkty","8":"product_cat-krmivo-pre-psov","10":"first","11":"instock","12":"taxable","13":"shipping-taxable","14":"purchasable","15":"product-type-simple","16":"entry","17":"content-bg","18":"loop-entry"},"yoast_head":"<!-- This site is optimized with the Yoast SEO plugin v26.5 - https:\/\/yoast.com\/wordpress\/plugins\/seo\/ -->\n<title>Konopn\u00fd olej pre psov a ma\u010dky \u2013 lisovan\u00fd za studena, 100 ml, BARF LOVE - Paworite<\/title>\n<meta name=\"robots\" content=\"index, follow, max-snippet:-1, max-image-preview:large, max-video-preview:-1\" \/>\n<link rel=\"canonical\" href=\"https:\/\/paworite.eu\/sk\/produkt\/kendermagolaj-kutyaknak-es-macskaknak-hidegen-sajtolt-100-ml-barf-love\/\" \/>\n<meta property=\"og:locale\" content=\"sk_SK\" \/>\n<meta property=\"og:type\" content=\"article\" \/>\n<meta property=\"og:title\" content=\"Konopn\u00fd olej pre psov a ma\u010dky \u2013 lisovan\u00fd za studena, 100 ml, BARF LOVE - Paworite\" \/>\n<meta property=\"og:description\" content=\"\ud83c\udf3f Lisovan\u00fd za studena olej z konopn\u00fdch semien \u2013 prirodzen\u00e1 podpora zdravia v\u00e1\u0161ho psa a ma\u010dky Lisovan\u00fd za studena olej z konopn\u00fdch semien je skuto\u010dn\u00e1 superpotravina pre v\u00e1\u0161ho mil\u00e1\u010dika \u2013 100 % pr\u00edrodn\u00fd a z\u00e1rove\u0148 mimoriadne v\u0161estrann\u00fd doplnok pre ka\u017edodenn\u00fa podporu zdravia.D\u00f4le\u017eit\u00e9 je vedie\u0165, \u017ee neobsahuje THC, tak\u017ee nem\u00e1 \u017eiadne omamn\u00e9 \u00fa\u010dinky, len prospe\u0161n\u00e9 zlo\u017eky...\" \/>\n<meta property=\"og:url\" content=\"https:\/\/paworite.eu\/sk\/produkt\/kendermagolaj-kutyaknak-es-macskaknak-hidegen-sajtolt-100-ml-barf-love\/\" \/>\n<meta property=\"og:site_name\" content=\"Paworite\" \/>\n<meta property=\"article:modified_time\" content=\"2025-10-17T08:51:56+00:00\" \/>\n<meta property=\"og:image\" content=\"https:\/\/paworite.eu\/wp-content\/uploads\/2025\/10\/kendermagolaj_100ml.png.webp\" \/>\n\t<meta property=\"og:image:width\" content=\"550\" \/>\n\t<meta property=\"og:image:height\" content=\"550\" \/>\n\t<meta property=\"og:image:type\" content=\"image\/webp\" \/>\n<meta name=\"twitter:card\" content=\"summary_large_image\" \/>\n<meta name=\"twitter:label1\" content=\"Predpokladan\u00fd \u010das \u010d\u00edtania\" \/>\n\t<meta name=\"twitter:data1\" content=\"2 min\u00faty\" \/>\n<script type=\"application\/ld+json\" class=\"yoast-schema-graph\">{\"@context\":\"https:\/\/schema.org\",\"@graph\":[{\"@type\":\"WebPage\",\"@id\":\"https:\/\/paworite.eu\/sk\/produkt\/kendermagolaj-kutyaknak-es-macskaknak-hidegen-sajtolt-100-ml-barf-love\/\",\"url\":\"https:\/\/paworite.eu\/sk\/produkt\/kendermagolaj-kutyaknak-es-macskaknak-hidegen-sajtolt-100-ml-barf-love\/\",\"name\":\"Konopn\u00fd olej pre psov a ma\u010dky \u2013 lisovan\u00fd za studena, 100 ml, BARF LOVE - Paworite\",\"isPartOf\":{\"@id\":\"https:\/\/paworite.eu\/#website\"},\"primaryImageOfPage\":{\"@id\":\"https:\/\/paworite.eu\/sk\/produkt\/kendermagolaj-kutyaknak-es-macskaknak-hidegen-sajtolt-100-ml-barf-love\/#primaryimage\"},\"image\":{\"@id\":\"https:\/\/paworite.eu\/sk\/produkt\/kendermagolaj-kutyaknak-es-macskaknak-hidegen-sajtolt-100-ml-barf-love\/#primaryimage\"},\"thumbnailUrl\":\"https:\/\/paworite.eu\/wp-content\/uploads\/2025\/10\/kendermagolaj_100ml.png.webp\",\"datePublished\":\"2025-10-15T19:21:17+00:00\",\"dateModified\":\"2025-10-17T08:51:56+00:00\",\"breadcrumb\":{\"@id\":\"https:\/\/paworite.eu\/sk\/produkt\/kendermagolaj-kutyaknak-es-macskaknak-hidegen-sajtolt-100-ml-barf-love\/#breadcrumb\"},\"inLanguage\":\"sk-SK\",\"potentialAction\":[{\"@type\":\"ReadAction\",\"target\":[\"https:\/\/paworite.eu\/sk\/produkt\/kendermagolaj-kutyaknak-es-macskaknak-hidegen-sajtolt-100-ml-barf-love\/\"]}]},{\"@type\":\"ImageObject\",\"inLanguage\":\"sk-SK\",\"@id\":\"https:\/\/paworite.eu\/sk\/produkt\/kendermagolaj-kutyaknak-es-macskaknak-hidegen-sajtolt-100-ml-barf-love\/#primaryimage\",\"url\":\"https:\/\/paworite.eu\/wp-content\/uploads\/2025\/10\/kendermagolaj_100ml.png.webp\",\"contentUrl\":\"https:\/\/paworite.eu\/wp-content\/uploads\/2025\/10\/kendermagolaj_100ml.png.webp\",\"width\":550,\"height\":550},{\"@type\":\"BreadcrumbList\",\"@id\":\"https:\/\/paworite.eu\/sk\/produkt\/kendermagolaj-kutyaknak-es-macskaknak-hidegen-sajtolt-100-ml-barf-love\/#breadcrumb\",\"itemListElement\":[{\"@type\":\"ListItem\",\"position\":1,\"name\":\"Kezd\u0151lap\",\"item\":\"https:\/\/paworite.eu\/\"},{\"@type\":\"ListItem\",\"position\":2,\"name\":\"Shop\",\"item\":\"https:\/\/paworite.eu\/sk\/shop\/\"},{\"@type\":\"ListItem\",\"position\":3,\"name\":\"Konopn\u00fd olej pre psov a ma\u010dky \u2013 lisovan\u00fd za studena, 100 ml, BARF LOVE\"}]},{\"@type\":\"WebSite\",\"@id\":\"https:\/\/paworite.eu\/#website\",\"url\":\"https:\/\/paworite.eu\/\",\"name\":\"Paworite\",\"description\":\"\",\"publisher\":{\"@id\":\"https:\/\/paworite.eu\/#organization\"},\"potentialAction\":[{\"@type\":\"SearchAction\",\"target\":{\"@type\":\"EntryPoint\",\"urlTemplate\":\"https:\/\/paworite.eu\/?s={search_term_string}\"},\"query-input\":{\"@type\":\"PropertyValueSpecification\",\"valueRequired\":true,\"valueName\":\"search_term_string\"}}],\"inLanguage\":\"sk-SK\"},{\"@type\":\"Organization\",\"@id\":\"https:\/\/paworite.eu\/#organization\",\"name\":\"Paworite\",\"url\":\"https:\/\/paworite.eu\/\",\"logo\":{\"@type\":\"ImageObject\",\"inLanguage\":\"sk-SK\",\"@id\":\"https:\/\/paworite.eu\/#\/schema\/logo\/image\/\",\"url\":\"https:\/\/paworite.eu\/wp-content\/uploads\/2024\/05\/logo-uj.png\",\"contentUrl\":\"https:\/\/paworite.eu\/wp-content\/uploads\/2024\/05\/logo-uj.png\",\"width\":800,\"height\":600,\"caption\":\"Paworite\"},\"image\":{\"@id\":\"https:\/\/paworite.eu\/#\/schema\/logo\/image\/\"}}]}<\/script>\n<!-- \/ Yoast SEO plugin. -->","yoast_head_json":{"title":"Konopn\u00fd olej pre psov a ma\u010dky \u2013 lisovan\u00fd za studena, 100 ml, BARF LOVE - Paworite","robots":{"index":"index","follow":"follow","max-snippet":"max-snippet:-1","max-image-preview":"max-image-preview:large","max-video-preview":"max-video-preview:-1"},"canonical":"https:\/\/paworite.eu\/sk\/produkt\/kendermagolaj-kutyaknak-es-macskaknak-hidegen-sajtolt-100-ml-barf-love\/","og_locale":"sk_SK","og_type":"article","og_title":"Konopn\u00fd olej pre psov a ma\u010dky \u2013 lisovan\u00fd za studena, 100 ml, BARF LOVE - Paworite","og_description":"\ud83c\udf3f Lisovan\u00fd za studena olej z konopn\u00fdch semien \u2013 prirodzen\u00e1 podpora zdravia v\u00e1\u0161ho psa a ma\u010dky Lisovan\u00fd za studena olej z konopn\u00fdch semien je skuto\u010dn\u00e1 superpotravina pre v\u00e1\u0161ho mil\u00e1\u010dika \u2013 100 % pr\u00edrodn\u00fd a z\u00e1rove\u0148 mimoriadne v\u0161estrann\u00fd doplnok pre ka\u017edodenn\u00fa podporu zdravia.D\u00f4le\u017eit\u00e9 je vedie\u0165, \u017ee neobsahuje THC, tak\u017ee nem\u00e1 \u017eiadne omamn\u00e9 \u00fa\u010dinky, len prospe\u0161n\u00e9 zlo\u017eky...","og_url":"https:\/\/paworite.eu\/sk\/produkt\/kendermagolaj-kutyaknak-es-macskaknak-hidegen-sajtolt-100-ml-barf-love\/","og_site_name":"Paworite","article_modified_time":"2025-10-17T08:51:56+00:00","og_image":[{"width":550,"height":550,"url":"https:\/\/paworite.eu\/wp-content\/uploads\/2025\/10\/kendermagolaj_100ml.png.webp","type":"image\/webp"}],"twitter_card":"summary_large_image","twitter_misc":{"Predpokladan\u00fd \u010das \u010d\u00edtania":"2 min\u00faty"},"schema":{"@context":"https:\/\/schema.org","@graph":[{"@type":"WebPage","@id":"https:\/\/paworite.eu\/sk\/produkt\/kendermagolaj-kutyaknak-es-macskaknak-hidegen-sajtolt-100-ml-barf-love\/","url":"https:\/\/paworite.eu\/sk\/produkt\/kendermagolaj-kutyaknak-es-macskaknak-hidegen-sajtolt-100-ml-barf-love\/","name":"Konopn\u00fd olej pre psov a ma\u010dky \u2013 lisovan\u00fd za studena, 100 ml, BARF LOVE - Paworite","isPartOf":{"@id":"https:\/\/paworite.eu\/#website"},"primaryImageOfPage":{"@id":"https:\/\/paworite.eu\/sk\/produkt\/kendermagolaj-kutyaknak-es-macskaknak-hidegen-sajtolt-100-ml-barf-love\/#primaryimage"},"image":{"@id":"https:\/\/paworite.eu\/sk\/produkt\/kendermagolaj-kutyaknak-es-macskaknak-hidegen-sajtolt-100-ml-barf-love\/#primaryimage"},"thumbnailUrl":"https:\/\/paworite.eu\/wp-content\/uploads\/2025\/10\/kendermagolaj_100ml.png.webp","datePublished":"2025-10-15T19:21:17+00:00","dateModified":"2025-10-17T08:51:56+00:00","breadcrumb":{"@id":"https:\/\/paworite.eu\/sk\/produkt\/kendermagolaj-kutyaknak-es-macskaknak-hidegen-sajtolt-100-ml-barf-love\/#breadcrumb"},"inLanguage":"sk-SK","potentialAction":[{"@type":"ReadAction","target":["https:\/\/paworite.eu\/sk\/produkt\/kendermagolaj-kutyaknak-es-macskaknak-hidegen-sajtolt-100-ml-barf-love\/"]}]},{"@type":"ImageObject","inLanguage":"sk-SK","@id":"https:\/\/paworite.eu\/sk\/produkt\/kendermagolaj-kutyaknak-es-macskaknak-hidegen-sajtolt-100-ml-barf-love\/#primaryimage","url":"https:\/\/paworite.eu\/wp-content\/uploads\/2025\/10\/kendermagolaj_100ml.png.webp","contentUrl":"https:\/\/paworite.eu\/wp-content\/uploads\/2025\/10\/kendermagolaj_100ml.png.webp","width":550,"height":550},{"@type":"BreadcrumbList","@id":"https:\/\/paworite.eu\/sk\/produkt\/kendermagolaj-kutyaknak-es-macskaknak-hidegen-sajtolt-100-ml-barf-love\/#breadcrumb","itemListElement":[{"@type":"ListItem","position":1,"name":"Kezd\u0151lap","item":"https:\/\/paworite.eu\/"},{"@type":"ListItem","position":2,"name":"Shop","item":"https:\/\/paworite.eu\/sk\/shop\/"},{"@type":"ListItem","position":3,"name":"Konopn\u00fd olej pre psov a ma\u010dky \u2013 lisovan\u00fd za studena, 100 ml, BARF LOVE"}]},{"@type":"WebSite","@id":"https:\/\/paworite.eu\/#website","url":"https:\/\/paworite.eu\/","name":"Paworite","description":"","publisher":{"@id":"https:\/\/paworite.eu\/#organization"},"potentialAction":[{"@type":"SearchAction","target":{"@type":"EntryPoint","urlTemplate":"https:\/\/paworite.eu\/?s={search_term_string}"},"query-input":{"@type":"PropertyValueSpecification","valueRequired":true,"valueName":"search_term_string"}}],"inLanguage":"sk-SK"},{"@type":"Organization","@id":"https:\/\/paworite.eu\/#organization","name":"Paworite","url":"https:\/\/paworite.eu\/","logo":{"@type":"ImageObject","inLanguage":"sk-SK","@id":"https:\/\/paworite.eu\/#\/schema\/logo\/image\/","url":"https:\/\/paworite.eu\/wp-content\/uploads\/2024\/05\/logo-uj.png","contentUrl":"https:\/\/paworite.eu\/wp-content\/uploads\/2024\/05\/logo-uj.png","width":800,"height":600,"caption":"Paworite"},"image":{"@id":"https:\/\/paworite.eu\/#\/schema\/logo\/image\/"}}]}},"_links":{"self":[{"href":"https:\/\/paworite.eu\/sk\/wp-json\/wp\/v2\/product\/2409","targetHints":{"allow":["GET"]}}],"collection":[{"href":"https:\/\/paworite.eu\/sk\/wp-json\/wp\/v2\/product"}],"about":[{"href":"https:\/\/paworite.eu\/sk\/wp-json\/wp\/v2\/types\/product"}],"replies":[{"embeddable":true,"href":"https:\/\/paworite.eu\/sk\/wp-json\/wp\/v2\/comments?post=2409"}],"wp:featuredmedia":[{"embeddable":true,"href":"https:\/\/paworite.eu\/sk\/wp-json\/wp\/v2\/media\/2289"}],"wp:attachment":[{"href":"https:\/\/paworite.eu\/sk\/wp-json\/wp\/v2\/media?parent=2409"}],"wp:term":[{"taxonomy":"product_brand","embeddable":true,"href":"https:\/\/paworite.eu\/sk\/wp-json\/wp\/v2\/product_brand?post=2409"},{"taxonomy":"product_cat","embeddable":true,"href":"https:\/\/paworite.eu\/sk\/wp-json\/wp\/v2\/product_cat?post=2409"},{"taxonomy":"product_tag","embeddable":true,"href":"https:\/\/paworite.eu\/sk\/wp-json\/wp\/v2\/product_tag?post=2409"}],"curies":[{"name":"wp","href":"https:\/\/api.w.org\/{rel}","templated":true}]}}