{"id":2512,"date":"2025-10-25T14:52:31","date_gmt":"2025-10-25T14:52:31","guid":{"rendered":"https:\/\/paworite.eu\/product\/deep-clean-prebiotikus-kutyasampon-we-love-bark\/"},"modified":"2025-10-26T14:06:40","modified_gmt":"2025-10-26T14:06:40","slug":"deep-clean-prebiotikus-kutyasampon-we-love-bark","status":"publish","type":"product","link":"https:\/\/paworite.eu\/sk\/produkt\/deep-clean-prebiotikus-kutyasampon-we-love-bark\/","title":{"rendered":"Deep Clean Prebiotick\u00fd \u0161amp\u00f3n pre psov &#8211; We Love Bark"},"content":{"rendered":"<h5 data-start=\"129\" data-end=\"376\">Srs\u0165 a poko\u017eka tvojho psa s\u00fa \u010dasto such\u00e9, matn\u00e9, \u0165a\u017eko upravite\u013en\u00e9 a be\u017en\u00e9 \u0161amp\u00f3ny sp\u00f4sobuj\u00fa podr\u00e1\u017edenie?<br data-start=\"249\" data-end=\"252\" \/>Mnoh\u00e9 produkty nedok\u00e1\u017eu d\u00f4kladne vy\u010disti\u0165 srs\u0165, naru\u0161ia rovnov\u00e1hu ko\u017en\u00e9ho mikrobiomu a srs\u0165 tak strat\u00ed svoj lesk a pru\u017enos\u0165.<\/h5>\n<p data-start=\"378\" data-end=\"826\"><br data-start=\"391\" data-end=\"394\" \/>Prebiotick\u00fd \u0161amp\u00f3n <strong data-start=\"413\" data-end=\"440\">We Love Bark Deep Clean<\/strong> s komplexn\u00fdm, pr\u00edrodn\u00fdm zlo\u017een\u00edm jemne \u010dist\u00ed, vy\u017eivuje, regeneruje a hydratuje poko\u017eku, pri\u010dom podporuje zdrav\u00fd mikrobiom ko\u017ee.<br data-start=\"568\" data-end=\"571\" \/>Bio jojobov\u00fd a ric\u00ednov\u00fd olej, provitam\u00edn B5 a inul\u00edn vytv\u00e1raj\u00fa ochrann\u00fd film, upokojuj\u00fa poko\u017eku, zvy\u0161uj\u00fa pru\u017enos\u0165 a lesk srsti a z\u00e1rove\u0148 podporuj\u00fa rast nov\u00fdch chlpov.<br data-start=\"737\" data-end=\"740\" \/>Kokosov\u00e9 \u010distiace zlo\u017eky a prebiotik\u00e1 sa postaraj\u00fa o dokonal\u00fa \u010distotu bez podr\u00e1\u017edenia.<\/p>\n<hr data-start=\"828\" data-end=\"831\" \/>\n<h3 data-start=\"833\" data-end=\"880\"><strong data-start=\"837\" data-end=\"880\">Pre\u010do je Deep Clean \u0161amp\u00f3n tak\u00fd \u00fa\u010dinn\u00fd?<\/strong><\/h3>\n<p data-start=\"881\" data-end=\"1295\">\u2022 100 % lisovan\u00e9, nerafinovan\u00e9 oleje (bio jojoba, ric\u00ednov\u00fd)<br data-start=\"940\" data-end=\"943\" \/>\u2022 Bez chemik\u00e1li\u00ed, hypoalerg\u00e9nny a bez mydla<br data-start=\"986\" data-end=\"989\" \/>\u2022 Obohaten\u00fd o prebiotik\u00e1 na obnovu mikrobiomu poko\u017eky<br data-start=\"1042\" data-end=\"1045\" \/>\u2022 Obsahuje organick\u00e9 mastn\u00e9 kyseliny a jemn\u00e9, poko\u017eke priate\u013esk\u00e9 penidl\u00e1<br data-start=\"1117\" data-end=\"1120\" \/>\u2022 Akt\u00edvna pena \u2013 d\u00f4kladne \u010dist\u00ed, no nevysu\u0161uje<br data-start=\"1166\" data-end=\"1169\" \/>\u2022 Optimalizovan\u00e9 pH, s pr\u00edrodn\u00fdmi antioxidantmi<br data-start=\"1216\" data-end=\"1219\" \/>\u2022 Bez silik\u00f3nov, sulf\u00e1tov, parab\u00e9nov, ftal\u00e1tov, ropn\u00fdch a palmov\u00fdch olejov<\/p>\n<hr data-start=\"1297\" data-end=\"1300\" \/>\n<h3 data-start=\"1302\" data-end=\"1319\"><strong data-start=\"1306\" data-end=\"1319\">Pou\u017eitie:<\/strong><\/h3>\n<ol data-start=\"1320\" data-end=\"1658\">\n<li data-start=\"1320\" data-end=\"1356\">\n<p data-start=\"1323\" data-end=\"1356\">Pred pou\u017eit\u00edm pretrep \u0161amp\u00f3n \ud83d\ude09<\/p>\n<\/li>\n<li data-start=\"1357\" data-end=\"1388\">\n<p data-start=\"1360\" data-end=\"1388\">Navlh\u010di srs\u0165 vla\u017enou vodou<\/p>\n<\/li>\n<li data-start=\"1389\" data-end=\"1426\">\n<p data-start=\"1392\" data-end=\"1426\">Naneste \u0161amp\u00f3n od krku po chvost<\/p>\n<\/li>\n<li data-start=\"1427\" data-end=\"1481\">\n<p data-start=\"1430\" data-end=\"1481\">Napente, jemne vmas\u00edruj a nechaj p\u00f4sobi\u0165 3 min\u00faty<\/p>\n<\/li>\n<li data-start=\"1482\" data-end=\"1504\">\n<p data-start=\"1485\" data-end=\"1504\">D\u00f4kladne opl\u00e1chni<\/p>\n<\/li>\n<li data-start=\"1505\" data-end=\"1573\">\n<p data-start=\"1508\" data-end=\"1573\">Volite\u013ene pou\u017ei <strong data-start=\"1524\" data-end=\"1549\">Keratin Repair balzam<\/strong>, potom znovu opl\u00e1chni<\/p>\n<\/li>\n<li data-start=\"1574\" data-end=\"1596\">\n<p data-start=\"1577\" data-end=\"1596\">Utri a vysu\u0161 srs\u0165<\/p>\n<\/li>\n<li data-start=\"1597\" data-end=\"1658\">\n<p data-start=\"1600\" data-end=\"1658\">Te\u0161 sa z lesklej, hebkej a zdravej srsti tvojho mil\u00e1\u010dika<\/p>\n<\/li>\n<\/ol>\n<hr data-start=\"1660\" data-end=\"1663\" \/>\n<h3 data-start=\"1665\" data-end=\"1690\"><strong data-start=\"1669\" data-end=\"1690\">\u00dadaje o produkte:<\/strong><\/h3>\n<p data-start=\"1691\" data-end=\"2010\">\u2022 Objem: 250 ml, uzatv\u00e1rate\u013en\u00fd uz\u00e1ver<br data-start=\"1728\" data-end=\"1731\" \/>\u2022 Vhodn\u00fd: od \u0161te\u0148acieho veku<br data-start=\"1759\" data-end=\"1762\" \/>\u2022 Trvanlivos\u0165: pribli\u017ene 1 rok<br data-start=\"1792\" data-end=\"1795\" \/>\u2022 V\u00f4\u0148a: Pumpkin Pie (tekvicov\u00fd kol\u00e1\u010d)<br data-start=\"1832\" data-end=\"1835\" \/>\u2022 Riedenie: pod\u013ea potreby a\u017e do pomeru 1:5 \u2013 \u00fasporn\u00e9 pou\u017eitie<br data-start=\"1896\" data-end=\"1899\" \/>\u2022 Lisovan\u00e9 oleje: bio jojobov\u00fd a ric\u00ednov\u00fd olej<br data-start=\"1945\" data-end=\"1948\" \/>\u2022 Akt\u00edvna zlo\u017eka: provitam\u00edn B5<br data-start=\"1979\" data-end=\"1982\" \/>\u2022 \u0160peci\u00e1lna zlo\u017eka: inul\u00edn<\/p>\n<hr data-start=\"2012\" data-end=\"2015\" \/>\n<h3 data-start=\"2017\" data-end=\"2043\"><strong data-start=\"2021\" data-end=\"2041\">Zlo\u017eenie (INCI):<\/strong><\/h3>\n<p data-start=\"2044\" data-end=\"2257\">Aqua, Coco-Glucoside, Cocamidopropyl Betaine, Glyceryl Oleate, Panthenol, Ricinus Communis Seed Oil (Bio), Simmondsia Chinensis Seed Oil (Bio), Inulin, Xanthan Gum, Triethyl Citrate, Citric Acid, Cosgard, Parfum<\/p>\n<p data-start=\"2259\" data-end=\"2380\"><strong data-start=\"2259\" data-end=\"2275\">Skladovanie:<\/strong> pri izbovej teplote, chr\u00e1nen\u00e9 pred slne\u010dn\u00fdm \u017eiaren\u00edm<br data-start=\"2328\" data-end=\"2331\" \/><strong data-start=\"2331\" data-end=\"2353\">Registra\u010dn\u00e9 \u010d\u00edslo:<\/strong> 1760\/1\/NM\/2020 N\u00c9BIH \u00c1TI<\/p>\n<h5 data-start=\"2387\" data-end=\"2622\">\u00a0<strong data-start=\"2390\" data-end=\"2403\">Zhrnutie:<\/strong><\/h5>\n<p data-start=\"2387\" data-end=\"2622\"><strong data-start=\"2406\" data-end=\"2427\">Deep Clean \u0161amp\u00f3n<\/strong> d\u00f4kladne \u010dist\u00ed, vy\u017eivuje a regeneruje, pri\u010dom podporuje mikrobiom poko\u017eky.<br data-start=\"2502\" data-end=\"2505\" \/>Zanech\u00e1va srs\u0165 leskl\u00fa, pru\u017en\u00fa a chr\u00e1ni poko\u017eku tvojho psa pred vysu\u0161en\u00edm a podr\u00e1\u017eden\u00edm \u2013 dlhodobo a \u00faplne prirodzene.<\/p>\n<hr data-start=\"2624\" data-end=\"2627\" \/>\n","protected":false},"excerpt":{"rendered":"<p>Srs\u0165 a poko\u017eka tvojho psa s\u00fa \u010dasto such\u00e9, matn\u00e9, \u0165a\u017eko upravite\u013en\u00e9 a be\u017en\u00e9 \u0161amp\u00f3ny sp\u00f4sobuj\u00fa podr\u00e1\u017edenie?Mnoh\u00e9 produkty nedok\u00e1\u017eu d\u00f4kladne vy\u010disti\u0165 srs\u0165, naru\u0161ia rovnov\u00e1hu ko\u017en\u00e9ho mikrobiomu a srs\u0165 tak strat\u00ed svoj lesk a pru\u017enos\u0165. Prebiotick\u00fd \u0161amp\u00f3n We Love Bark Deep Clean s komplexn\u00fdm, pr\u00edrodn\u00fdm zlo\u017een\u00edm jemne \u010dist\u00ed, vy\u017eivuje, regeneruje a hydratuje poko\u017eku, pri\u010dom podporuje zdrav\u00fd mikrobiom&#8230;<\/p>\n","protected":false},"featured_media":2509,"comment_status":"closed","ping_status":"closed","template":"","meta":{"_kad_post_transparent":"default","_kad_post_title":"","_kad_post_layout":"default","_kad_post_sidebar_id":"","_kad_post_content_style":"default","_kad_post_vertical_padding":"default","_kad_post_feature":"","_kad_post_feature_position":"","_kad_post_header":false,"_kad_post_footer":false,"_kad_post_classname":""},"product_brand":[],"product_cat":[74,188,185],"product_tag":[],"class_list":{"0":"post-2512","1":"product","2":"type-product","3":"status-publish","4":"has-post-thumbnail","6":"product_cat-produkty","7":"product_cat-sampony-pre-psov","8":"product_cat-starostlivost-a-kupanie","10":"first","11":"instock","12":"taxable","13":"shipping-taxable","14":"purchasable","15":"product-type-simple","16":"entry","17":"content-bg","18":"loop-entry"},"yoast_head":"<!-- This site is optimized with the Yoast SEO plugin v26.5 - https:\/\/yoast.com\/wordpress\/plugins\/seo\/ -->\n<title>Deep Clean Prebiotick\u00fd \u0161amp\u00f3n pre psov - We Love Bark - Paworite<\/title>\n<meta name=\"robots\" content=\"index, follow, max-snippet:-1, max-image-preview:large, max-video-preview:-1\" \/>\n<link rel=\"canonical\" href=\"https:\/\/paworite.eu\/sk\/produkt\/deep-clean-prebiotikus-kutyasampon-we-love-bark\/\" \/>\n<meta property=\"og:locale\" content=\"sk_SK\" \/>\n<meta property=\"og:type\" content=\"article\" \/>\n<meta property=\"og:title\" content=\"Deep Clean Prebiotick\u00fd \u0161amp\u00f3n pre psov - We Love Bark - Paworite\" \/>\n<meta property=\"og:description\" content=\"Srs\u0165 a poko\u017eka tvojho psa s\u00fa \u010dasto such\u00e9, matn\u00e9, \u0165a\u017eko upravite\u013en\u00e9 a be\u017en\u00e9 \u0161amp\u00f3ny sp\u00f4sobuj\u00fa podr\u00e1\u017edenie?Mnoh\u00e9 produkty nedok\u00e1\u017eu d\u00f4kladne vy\u010disti\u0165 srs\u0165, naru\u0161ia rovnov\u00e1hu ko\u017en\u00e9ho mikrobiomu a srs\u0165 tak strat\u00ed svoj lesk a pru\u017enos\u0165. Prebiotick\u00fd \u0161amp\u00f3n We Love Bark Deep Clean s komplexn\u00fdm, pr\u00edrodn\u00fdm zlo\u017een\u00edm jemne \u010dist\u00ed, vy\u017eivuje, regeneruje a hydratuje poko\u017eku, pri\u010dom podporuje zdrav\u00fd mikrobiom...\" \/>\n<meta property=\"og:url\" content=\"https:\/\/paworite.eu\/sk\/produkt\/deep-clean-prebiotikus-kutyasampon-we-love-bark\/\" \/>\n<meta property=\"og:site_name\" content=\"Paworite\" \/>\n<meta property=\"article:modified_time\" content=\"2025-10-26T14:06:40+00:00\" \/>\n<meta property=\"og:image\" content=\"https:\/\/paworite.eu\/wp-content\/uploads\/2025\/10\/deep-clean-sampon.webp\" \/>\n\t<meta property=\"og:image:width\" content=\"1500\" \/>\n\t<meta property=\"og:image:height\" content=\"1500\" \/>\n\t<meta property=\"og:image:type\" content=\"image\/webp\" \/>\n<meta name=\"twitter:card\" content=\"summary_large_image\" \/>\n<meta name=\"twitter:label1\" content=\"Predpokladan\u00fd \u010das \u010d\u00edtania\" \/>\n\t<meta name=\"twitter:data1\" content=\"2 min\u00faty\" \/>\n<script type=\"application\/ld+json\" class=\"yoast-schema-graph\">{\"@context\":\"https:\/\/schema.org\",\"@graph\":[{\"@type\":\"WebPage\",\"@id\":\"https:\/\/paworite.eu\/sk\/produkt\/deep-clean-prebiotikus-kutyasampon-we-love-bark\/\",\"url\":\"https:\/\/paworite.eu\/sk\/produkt\/deep-clean-prebiotikus-kutyasampon-we-love-bark\/\",\"name\":\"Deep Clean Prebiotick\u00fd \u0161amp\u00f3n pre psov - We Love Bark - Paworite\",\"isPartOf\":{\"@id\":\"https:\/\/paworite.eu\/#website\"},\"primaryImageOfPage\":{\"@id\":\"https:\/\/paworite.eu\/sk\/produkt\/deep-clean-prebiotikus-kutyasampon-we-love-bark\/#primaryimage\"},\"image\":{\"@id\":\"https:\/\/paworite.eu\/sk\/produkt\/deep-clean-prebiotikus-kutyasampon-we-love-bark\/#primaryimage\"},\"thumbnailUrl\":\"https:\/\/paworite.eu\/wp-content\/uploads\/2025\/10\/deep-clean-sampon.webp\",\"datePublished\":\"2025-10-25T14:52:31+00:00\",\"dateModified\":\"2025-10-26T14:06:40+00:00\",\"breadcrumb\":{\"@id\":\"https:\/\/paworite.eu\/sk\/produkt\/deep-clean-prebiotikus-kutyasampon-we-love-bark\/#breadcrumb\"},\"inLanguage\":\"sk-SK\",\"potentialAction\":[{\"@type\":\"ReadAction\",\"target\":[\"https:\/\/paworite.eu\/sk\/produkt\/deep-clean-prebiotikus-kutyasampon-we-love-bark\/\"]}]},{\"@type\":\"ImageObject\",\"inLanguage\":\"sk-SK\",\"@id\":\"https:\/\/paworite.eu\/sk\/produkt\/deep-clean-prebiotikus-kutyasampon-we-love-bark\/#primaryimage\",\"url\":\"https:\/\/paworite.eu\/wp-content\/uploads\/2025\/10\/deep-clean-sampon.webp\",\"contentUrl\":\"https:\/\/paworite.eu\/wp-content\/uploads\/2025\/10\/deep-clean-sampon.webp\",\"width\":1500,\"height\":1500},{\"@type\":\"BreadcrumbList\",\"@id\":\"https:\/\/paworite.eu\/sk\/produkt\/deep-clean-prebiotikus-kutyasampon-we-love-bark\/#breadcrumb\",\"itemListElement\":[{\"@type\":\"ListItem\",\"position\":1,\"name\":\"Kezd\u0151lap\",\"item\":\"https:\/\/paworite.eu\/\"},{\"@type\":\"ListItem\",\"position\":2,\"name\":\"Shop\",\"item\":\"https:\/\/paworite.eu\/sk\/shop\/\"},{\"@type\":\"ListItem\",\"position\":3,\"name\":\"Deep Clean Prebiotick\u00fd \u0161amp\u00f3n pre psov &#8211; We Love Bark\"}]},{\"@type\":\"WebSite\",\"@id\":\"https:\/\/paworite.eu\/#website\",\"url\":\"https:\/\/paworite.eu\/\",\"name\":\"Paworite\",\"description\":\"\",\"publisher\":{\"@id\":\"https:\/\/paworite.eu\/#organization\"},\"potentialAction\":[{\"@type\":\"SearchAction\",\"target\":{\"@type\":\"EntryPoint\",\"urlTemplate\":\"https:\/\/paworite.eu\/?s={search_term_string}\"},\"query-input\":{\"@type\":\"PropertyValueSpecification\",\"valueRequired\":true,\"valueName\":\"search_term_string\"}}],\"inLanguage\":\"sk-SK\"},{\"@type\":\"Organization\",\"@id\":\"https:\/\/paworite.eu\/#organization\",\"name\":\"Paworite\",\"url\":\"https:\/\/paworite.eu\/\",\"logo\":{\"@type\":\"ImageObject\",\"inLanguage\":\"sk-SK\",\"@id\":\"https:\/\/paworite.eu\/#\/schema\/logo\/image\/\",\"url\":\"https:\/\/paworite.eu\/wp-content\/uploads\/2024\/05\/logo-uj.png\",\"contentUrl\":\"https:\/\/paworite.eu\/wp-content\/uploads\/2024\/05\/logo-uj.png\",\"width\":800,\"height\":600,\"caption\":\"Paworite\"},\"image\":{\"@id\":\"https:\/\/paworite.eu\/#\/schema\/logo\/image\/\"}}]}<\/script>\n<!-- \/ Yoast SEO plugin. -->","yoast_head_json":{"title":"Deep Clean Prebiotick\u00fd \u0161amp\u00f3n pre psov - We Love Bark - Paworite","robots":{"index":"index","follow":"follow","max-snippet":"max-snippet:-1","max-image-preview":"max-image-preview:large","max-video-preview":"max-video-preview:-1"},"canonical":"https:\/\/paworite.eu\/sk\/produkt\/deep-clean-prebiotikus-kutyasampon-we-love-bark\/","og_locale":"sk_SK","og_type":"article","og_title":"Deep Clean Prebiotick\u00fd \u0161amp\u00f3n pre psov - We Love Bark - Paworite","og_description":"Srs\u0165 a poko\u017eka tvojho psa s\u00fa \u010dasto such\u00e9, matn\u00e9, \u0165a\u017eko upravite\u013en\u00e9 a be\u017en\u00e9 \u0161amp\u00f3ny sp\u00f4sobuj\u00fa podr\u00e1\u017edenie?Mnoh\u00e9 produkty nedok\u00e1\u017eu d\u00f4kladne vy\u010disti\u0165 srs\u0165, naru\u0161ia rovnov\u00e1hu ko\u017en\u00e9ho mikrobiomu a srs\u0165 tak strat\u00ed svoj lesk a pru\u017enos\u0165. Prebiotick\u00fd \u0161amp\u00f3n We Love Bark Deep Clean s komplexn\u00fdm, pr\u00edrodn\u00fdm zlo\u017een\u00edm jemne \u010dist\u00ed, vy\u017eivuje, regeneruje a hydratuje poko\u017eku, pri\u010dom podporuje zdrav\u00fd mikrobiom...","og_url":"https:\/\/paworite.eu\/sk\/produkt\/deep-clean-prebiotikus-kutyasampon-we-love-bark\/","og_site_name":"Paworite","article_modified_time":"2025-10-26T14:06:40+00:00","og_image":[{"width":1500,"height":1500,"url":"https:\/\/paworite.eu\/wp-content\/uploads\/2025\/10\/deep-clean-sampon.webp","type":"image\/webp"}],"twitter_card":"summary_large_image","twitter_misc":{"Predpokladan\u00fd \u010das \u010d\u00edtania":"2 min\u00faty"},"schema":{"@context":"https:\/\/schema.org","@graph":[{"@type":"WebPage","@id":"https:\/\/paworite.eu\/sk\/produkt\/deep-clean-prebiotikus-kutyasampon-we-love-bark\/","url":"https:\/\/paworite.eu\/sk\/produkt\/deep-clean-prebiotikus-kutyasampon-we-love-bark\/","name":"Deep Clean Prebiotick\u00fd \u0161amp\u00f3n pre psov - We Love Bark - Paworite","isPartOf":{"@id":"https:\/\/paworite.eu\/#website"},"primaryImageOfPage":{"@id":"https:\/\/paworite.eu\/sk\/produkt\/deep-clean-prebiotikus-kutyasampon-we-love-bark\/#primaryimage"},"image":{"@id":"https:\/\/paworite.eu\/sk\/produkt\/deep-clean-prebiotikus-kutyasampon-we-love-bark\/#primaryimage"},"thumbnailUrl":"https:\/\/paworite.eu\/wp-content\/uploads\/2025\/10\/deep-clean-sampon.webp","datePublished":"2025-10-25T14:52:31+00:00","dateModified":"2025-10-26T14:06:40+00:00","breadcrumb":{"@id":"https:\/\/paworite.eu\/sk\/produkt\/deep-clean-prebiotikus-kutyasampon-we-love-bark\/#breadcrumb"},"inLanguage":"sk-SK","potentialAction":[{"@type":"ReadAction","target":["https:\/\/paworite.eu\/sk\/produkt\/deep-clean-prebiotikus-kutyasampon-we-love-bark\/"]}]},{"@type":"ImageObject","inLanguage":"sk-SK","@id":"https:\/\/paworite.eu\/sk\/produkt\/deep-clean-prebiotikus-kutyasampon-we-love-bark\/#primaryimage","url":"https:\/\/paworite.eu\/wp-content\/uploads\/2025\/10\/deep-clean-sampon.webp","contentUrl":"https:\/\/paworite.eu\/wp-content\/uploads\/2025\/10\/deep-clean-sampon.webp","width":1500,"height":1500},{"@type":"BreadcrumbList","@id":"https:\/\/paworite.eu\/sk\/produkt\/deep-clean-prebiotikus-kutyasampon-we-love-bark\/#breadcrumb","itemListElement":[{"@type":"ListItem","position":1,"name":"Kezd\u0151lap","item":"https:\/\/paworite.eu\/"},{"@type":"ListItem","position":2,"name":"Shop","item":"https:\/\/paworite.eu\/sk\/shop\/"},{"@type":"ListItem","position":3,"name":"Deep Clean Prebiotick\u00fd \u0161amp\u00f3n pre psov &#8211; We Love Bark"}]},{"@type":"WebSite","@id":"https:\/\/paworite.eu\/#website","url":"https:\/\/paworite.eu\/","name":"Paworite","description":"","publisher":{"@id":"https:\/\/paworite.eu\/#organization"},"potentialAction":[{"@type":"SearchAction","target":{"@type":"EntryPoint","urlTemplate":"https:\/\/paworite.eu\/?s={search_term_string}"},"query-input":{"@type":"PropertyValueSpecification","valueRequired":true,"valueName":"search_term_string"}}],"inLanguage":"sk-SK"},{"@type":"Organization","@id":"https:\/\/paworite.eu\/#organization","name":"Paworite","url":"https:\/\/paworite.eu\/","logo":{"@type":"ImageObject","inLanguage":"sk-SK","@id":"https:\/\/paworite.eu\/#\/schema\/logo\/image\/","url":"https:\/\/paworite.eu\/wp-content\/uploads\/2024\/05\/logo-uj.png","contentUrl":"https:\/\/paworite.eu\/wp-content\/uploads\/2024\/05\/logo-uj.png","width":800,"height":600,"caption":"Paworite"},"image":{"@id":"https:\/\/paworite.eu\/#\/schema\/logo\/image\/"}}]}},"_links":{"self":[{"href":"https:\/\/paworite.eu\/sk\/wp-json\/wp\/v2\/product\/2512","targetHints":{"allow":["GET"]}}],"collection":[{"href":"https:\/\/paworite.eu\/sk\/wp-json\/wp\/v2\/product"}],"about":[{"href":"https:\/\/paworite.eu\/sk\/wp-json\/wp\/v2\/types\/product"}],"replies":[{"embeddable":true,"href":"https:\/\/paworite.eu\/sk\/wp-json\/wp\/v2\/comments?post=2512"}],"wp:featuredmedia":[{"embeddable":true,"href":"https:\/\/paworite.eu\/sk\/wp-json\/wp\/v2\/media\/2509"}],"wp:attachment":[{"href":"https:\/\/paworite.eu\/sk\/wp-json\/wp\/v2\/media?parent=2512"}],"wp:term":[{"taxonomy":"product_brand","embeddable":true,"href":"https:\/\/paworite.eu\/sk\/wp-json\/wp\/v2\/product_brand?post=2512"},{"taxonomy":"product_cat","embeddable":true,"href":"https:\/\/paworite.eu\/sk\/wp-json\/wp\/v2\/product_cat?post=2512"},{"taxonomy":"product_tag","embeddable":true,"href":"https:\/\/paworite.eu\/sk\/wp-json\/wp\/v2\/product_tag?post=2512"}],"curies":[{"name":"wp","href":"https:\/\/api.w.org\/{rel}","templated":true}]}}