{"id":2547,"date":"2025-11-02T07:42:30","date_gmt":"2025-11-02T07:42:30","guid":{"rendered":"https:\/\/paworite.eu\/product\/apritott-szaritott-sertesful-160g-petpincer\/"},"modified":"2025-11-02T07:45:44","modified_gmt":"2025-11-02T07:45:44","slug":"apritott-szaritott-sertesful-160g-petpincer","status":"publish","type":"product","link":"https:\/\/paworite.eu\/sk\/produkt\/apritott-szaritott-sertesful-160g-petpincer\/","title":{"rendered":"Nasekan\u00e9 su\u0161en\u00e9 brav\u010dov\u00e9 ucho 160g &#8211; PetPinc\u00e9r"},"content":{"rendered":"<h2 data-start=\"167\" data-end=\"260\">\ud83d\udc3e PetPinc\u00e9r Nasekan\u00e9 su\u0161en\u00e9 brav\u010dov\u00e9 ucho \u2013 pr\u00edrodn\u00e1 ma\u0161krta pre psov na \u010distenie zubov<\/h2>\n<p data-start=\"262\" data-end=\"628\">Doprajte svojmu psovi zdrav\u00fa, chrumkav\u00fa a 100 % pr\u00edrodn\u00fa odmenu!<br data-start=\"326\" data-end=\"329\" \/><strong data-start=\"329\" data-end=\"372\">PetPinc\u00e9r Nasekan\u00e9 su\u0161en\u00e9 brav\u010dov\u00e9 ucho<\/strong> je <strong data-start=\"376\" data-end=\"405\">pr\u00edrodn\u00e1 ma\u0161krta pre psov<\/strong>, ktor\u00e1 nielen v\u00fdborne chut\u00ed, ale aj <strong data-start=\"442\" data-end=\"474\">\u010dist\u00ed zuby a posil\u0148uje \u010fasn\u00e1<\/strong>. V\u010faka vysokej kvalite a prirodzenej \u0161trukt\u00fare poskytuje v\u00e1\u0161mu ps\u00edkovi dlh\u00fd \u017euvac\u00ed z\u00e1\u017eitok \u2013 ide\u00e1lny na tr\u00e9ning, odme\u0148ovanie alebo len tak, pre rados\u0165.<\/p>\n<hr data-start=\"630\" data-end=\"633\" \/>\n<h3 data-start=\"635\" data-end=\"688\">\ud83e\uddb4 Pre\u010do si vybra\u0165 PetPinc\u00e9r su\u0161en\u00e9 brav\u010dov\u00e9 ucho<\/h3>\n<ul data-start=\"689\" data-end=\"1045\">\n<li data-start=\"689\" data-end=\"791\">\n<p data-start=\"691\" data-end=\"791\"><strong data-start=\"691\" data-end=\"722\">Podporuje dent\u00e1lnu hygienu:<\/strong> Pri \u017euvan\u00ed odstra\u0148uje zubn\u00fd povlak a zubn\u00fd kame\u0148, posil\u0148uje \u010fasn\u00e1.<\/p>\n<\/li>\n<li data-start=\"792\" data-end=\"867\">\n<p data-start=\"794\" data-end=\"867\"><strong data-start=\"794\" data-end=\"822\">100 % pr\u00edrodn\u00e9 zlo\u017eenie:<\/strong> Bez umel\u00fdch pr\u00edsad, konzervantov a farb\u00edv.<\/p>\n<\/li>\n<li data-start=\"868\" data-end=\"960\">\n<p data-start=\"870\" data-end=\"960\"><strong data-start=\"870\" data-end=\"894\">Dlh\u00fd \u017euvac\u00ed z\u00e1\u017eitok:<\/strong> Uspokoj\u00ed prirodzen\u00fa potrebu hryzenia a pom\u00e1ha predch\u00e1dza\u0165 nude.<\/p>\n<\/li>\n<li data-start=\"961\" data-end=\"1045\">\n<p data-start=\"963\" data-end=\"1045\"><strong data-start=\"963\" data-end=\"993\">Vhodn\u00e9 aj pre citliv\u00e9 psy:<\/strong> Bezlepkov\u00e9, bez konzervantov a \u013eahko str\u00e1vite\u013en\u00e9.<\/p>\n<\/li>\n<\/ul>\n<hr data-start=\"1047\" data-end=\"1050\" \/>\n<h3 data-start=\"1052\" data-end=\"1080\">\ud83d\udce6 Produktov\u00e9 inform\u00e1cie<\/h3>\n<ul data-start=\"1081\" data-end=\"1315\">\n<li data-start=\"1081\" data-end=\"1138\">\n<p data-start=\"1083\" data-end=\"1138\"><strong data-start=\"1083\" data-end=\"1095\">Balenie:<\/strong> 160 g nasekan\u00fdch su\u0161en\u00fdch brav\u010dov\u00fdch u\u0161\u00ed<\/p>\n<\/li>\n<li data-start=\"1139\" data-end=\"1215\">\n<p data-start=\"1141\" data-end=\"1215\"><strong data-start=\"1141\" data-end=\"1167\">Odpor\u00fa\u010dan\u00e9 d\u00e1vkovanie:<\/strong> 1\u20132 k\u00fasky denne pre psy star\u0161ie ako 2 mesiace<\/p>\n<\/li>\n<li data-start=\"1216\" data-end=\"1315\">\n<p data-start=\"1218\" data-end=\"1315\"><strong data-start=\"1218\" data-end=\"1234\">Skladovanie:<\/strong> Uchov\u00e1vajte na suchom, chladnom mieste. Po otvoren\u00ed spotrebujte do 3 mesiacov.<\/p>\n<\/li>\n<\/ul>\n<hr data-start=\"1317\" data-end=\"1320\" \/>\n<h3 data-start=\"1322\" data-end=\"1355\">\ud83e\uddea V\u00fd\u017eivov\u00e9 hodnoty (v 160 g)<\/h3>\n<ul data-start=\"1356\" data-end=\"1446\">\n<li data-start=\"1356\" data-end=\"1382\">\n<p data-start=\"1358\" data-end=\"1382\"><strong data-start=\"1358\" data-end=\"1373\">Bielkoviny:<\/strong> 69,3 %<\/p>\n<\/li>\n<li data-start=\"1383\" data-end=\"1402\">\n<p data-start=\"1385\" data-end=\"1402\"><strong data-start=\"1385\" data-end=\"1393\">Tuk:<\/strong> 25,2 %<\/p>\n<\/li>\n<li data-start=\"1403\" data-end=\"1425\">\n<p data-start=\"1405\" data-end=\"1425\"><strong data-start=\"1405\" data-end=\"1417\">Vlhkos\u0165:<\/strong> 5,2 %<\/p>\n<\/li>\n<li data-start=\"1426\" data-end=\"1446\">\n<p data-start=\"1428\" data-end=\"1446\"><strong data-start=\"1428\" data-end=\"1438\">Popol:<\/strong> 2,6 %<\/p>\n<\/li>\n<\/ul>\n<hr data-start=\"1448\" data-end=\"1451\" \/>\n<h3 data-start=\"1453\" data-end=\"1500\">\u2764\ufe0f Zdrav\u00e1 odmena, ktor\u00fa si v\u00e1\u0161 pes zamiluje<\/h3>\n<p data-start=\"1501\" data-end=\"1720\">Su\u0161en\u00e9 brav\u010dov\u00e9 ucho je skvelou vo\u013ebou pre ka\u017ed\u00e9ho psa \u2013 mal\u00e9 aj ve\u013ek\u00e9 plemen\u00e1 ocenia jeho chu\u0165, prirodzen\u00fa v\u00f4\u0148u a v\u00fd\u017eivn\u00e9 zlo\u017eenie.<br data-start=\"1633\" data-end=\"1636\" \/>Podporte zdravie svojho psa <strong data-start=\"1664\" data-end=\"1678\">bez ch\u00e9mie<\/strong> a s <strong data-start=\"1683\" data-end=\"1718\">\u010distou pr\u00edrodou v ka\u017edom s\u00faste!<\/strong><\/p>\n<p data-start=\"1722\" data-end=\"1784\">\ud83d\udc49 <strong data-start=\"1725\" data-end=\"1784\">PetPinc\u00e9r \u2013 pr\u00edrodn\u00e1 rados\u0165 pre psov s ve\u013ek\u00fdm apet\u00edtom!<\/strong><\/p>\n","protected":false},"excerpt":{"rendered":"<p>\ud83d\udc3e PetPinc\u00e9r Nasekan\u00e9 su\u0161en\u00e9 brav\u010dov\u00e9 ucho \u2013 pr\u00edrodn\u00e1 ma\u0161krta pre psov na \u010distenie zubov Doprajte svojmu psovi zdrav\u00fa, chrumkav\u00fa a 100 % pr\u00edrodn\u00fa odmenu!PetPinc\u00e9r Nasekan\u00e9 su\u0161en\u00e9 brav\u010dov\u00e9 ucho je pr\u00edrodn\u00e1 ma\u0161krta pre psov, ktor\u00e1 nielen v\u00fdborne chut\u00ed, ale aj \u010dist\u00ed zuby a posil\u0148uje \u010fasn\u00e1. V\u010faka vysokej kvalite a prirodzenej \u0161trukt\u00fare poskytuje v\u00e1\u0161mu ps\u00edkovi dlh\u00fd \u017euvac\u00ed&#8230;<\/p>\n","protected":false},"featured_media":2545,"comment_status":"closed","ping_status":"closed","template":"","meta":{"_kad_post_transparent":"default","_kad_post_title":"","_kad_post_layout":"default","_kad_post_sidebar_id":"","_kad_post_content_style":"default","_kad_post_vertical_padding":"default","_kad_post_feature":"","_kad_post_feature_position":"","_kad_post_header":false,"_kad_post_footer":false,"_kad_post_classname":""},"product_brand":[],"product_cat":[173,74],"product_tag":[],"class_list":{"0":"post-2547","1":"product","2":"type-product","3":"status-publish","4":"has-post-thumbnail","6":"product_cat-pamlsky","7":"product_cat-produkty","9":"first","10":"outofstock","11":"taxable","12":"shipping-taxable","13":"purchasable","14":"product-type-simple","15":"entry","16":"content-bg","17":"loop-entry"},"yoast_head":"<!-- This site is optimized with the Yoast SEO plugin v26.5 - https:\/\/yoast.com\/wordpress\/plugins\/seo\/ -->\n<title>Nasekan\u00e9 su\u0161en\u00e9 brav\u010dov\u00e9 ucho 160g - PetPinc\u00e9r - Paworite<\/title>\n<meta name=\"robots\" content=\"index, follow, max-snippet:-1, max-image-preview:large, max-video-preview:-1\" \/>\n<link rel=\"canonical\" href=\"https:\/\/paworite.eu\/sk\/produkt\/apritott-szaritott-sertesful-160g-petpincer\/\" \/>\n<meta property=\"og:locale\" content=\"sk_SK\" \/>\n<meta property=\"og:type\" content=\"article\" \/>\n<meta property=\"og:title\" content=\"Nasekan\u00e9 su\u0161en\u00e9 brav\u010dov\u00e9 ucho 160g - PetPinc\u00e9r - Paworite\" \/>\n<meta property=\"og:description\" content=\"\ud83d\udc3e PetPinc\u00e9r Nasekan\u00e9 su\u0161en\u00e9 brav\u010dov\u00e9 ucho \u2013 pr\u00edrodn\u00e1 ma\u0161krta pre psov na \u010distenie zubov Doprajte svojmu psovi zdrav\u00fa, chrumkav\u00fa a 100 % pr\u00edrodn\u00fa odmenu!PetPinc\u00e9r Nasekan\u00e9 su\u0161en\u00e9 brav\u010dov\u00e9 ucho je pr\u00edrodn\u00e1 ma\u0161krta pre psov, ktor\u00e1 nielen v\u00fdborne chut\u00ed, ale aj \u010dist\u00ed zuby a posil\u0148uje \u010fasn\u00e1. V\u010faka vysokej kvalite a prirodzenej \u0161trukt\u00fare poskytuje v\u00e1\u0161mu ps\u00edkovi dlh\u00fd \u017euvac\u00ed...\" \/>\n<meta property=\"og:url\" content=\"https:\/\/paworite.eu\/sk\/produkt\/apritott-szaritott-sertesful-160g-petpincer\/\" \/>\n<meta property=\"og:site_name\" content=\"Paworite\" \/>\n<meta property=\"article:modified_time\" content=\"2025-11-02T07:45:44+00:00\" \/>\n<meta property=\"og:image\" content=\"https:\/\/paworite.eu\/wp-content\/uploads\/2025\/11\/jutalomfalat-sertesful-20241015120020-crop.jpg\" \/>\n\t<meta property=\"og:image:width\" content=\"1000\" \/>\n\t<meta property=\"og:image:height\" content=\"1000\" \/>\n\t<meta property=\"og:image:type\" content=\"image\/jpeg\" \/>\n<meta name=\"twitter:card\" content=\"summary_large_image\" \/>\n<meta name=\"twitter:label1\" content=\"Predpokladan\u00fd \u010das \u010d\u00edtania\" \/>\n\t<meta name=\"twitter:data1\" content=\"1 min\u00fata\" \/>\n<script type=\"application\/ld+json\" class=\"yoast-schema-graph\">{\"@context\":\"https:\/\/schema.org\",\"@graph\":[{\"@type\":\"WebPage\",\"@id\":\"https:\/\/paworite.eu\/sk\/produkt\/apritott-szaritott-sertesful-160g-petpincer\/\",\"url\":\"https:\/\/paworite.eu\/sk\/produkt\/apritott-szaritott-sertesful-160g-petpincer\/\",\"name\":\"Nasekan\u00e9 su\u0161en\u00e9 brav\u010dov\u00e9 ucho 160g - PetPinc\u00e9r - Paworite\",\"isPartOf\":{\"@id\":\"https:\/\/paworite.eu\/#website\"},\"primaryImageOfPage\":{\"@id\":\"https:\/\/paworite.eu\/sk\/produkt\/apritott-szaritott-sertesful-160g-petpincer\/#primaryimage\"},\"image\":{\"@id\":\"https:\/\/paworite.eu\/sk\/produkt\/apritott-szaritott-sertesful-160g-petpincer\/#primaryimage\"},\"thumbnailUrl\":\"https:\/\/paworite.eu\/wp-content\/uploads\/2025\/11\/jutalomfalat-sertesful-20241015120020-crop.jpg\",\"datePublished\":\"2025-11-02T07:42:30+00:00\",\"dateModified\":\"2025-11-02T07:45:44+00:00\",\"breadcrumb\":{\"@id\":\"https:\/\/paworite.eu\/sk\/produkt\/apritott-szaritott-sertesful-160g-petpincer\/#breadcrumb\"},\"inLanguage\":\"sk-SK\",\"potentialAction\":[{\"@type\":\"ReadAction\",\"target\":[\"https:\/\/paworite.eu\/sk\/produkt\/apritott-szaritott-sertesful-160g-petpincer\/\"]}]},{\"@type\":\"ImageObject\",\"inLanguage\":\"sk-SK\",\"@id\":\"https:\/\/paworite.eu\/sk\/produkt\/apritott-szaritott-sertesful-160g-petpincer\/#primaryimage\",\"url\":\"https:\/\/paworite.eu\/wp-content\/uploads\/2025\/11\/jutalomfalat-sertesful-20241015120020-crop.jpg\",\"contentUrl\":\"https:\/\/paworite.eu\/wp-content\/uploads\/2025\/11\/jutalomfalat-sertesful-20241015120020-crop.jpg\",\"width\":1000,\"height\":1000},{\"@type\":\"BreadcrumbList\",\"@id\":\"https:\/\/paworite.eu\/sk\/produkt\/apritott-szaritott-sertesful-160g-petpincer\/#breadcrumb\",\"itemListElement\":[{\"@type\":\"ListItem\",\"position\":1,\"name\":\"Kezd\u0151lap\",\"item\":\"https:\/\/paworite.eu\/\"},{\"@type\":\"ListItem\",\"position\":2,\"name\":\"Shop\",\"item\":\"https:\/\/paworite.eu\/sk\/shop\/\"},{\"@type\":\"ListItem\",\"position\":3,\"name\":\"Nasekan\u00e9 su\u0161en\u00e9 brav\u010dov\u00e9 ucho 160g &#8211; PetPinc\u00e9r\"}]},{\"@type\":\"WebSite\",\"@id\":\"https:\/\/paworite.eu\/#website\",\"url\":\"https:\/\/paworite.eu\/\",\"name\":\"Paworite\",\"description\":\"\",\"publisher\":{\"@id\":\"https:\/\/paworite.eu\/#organization\"},\"potentialAction\":[{\"@type\":\"SearchAction\",\"target\":{\"@type\":\"EntryPoint\",\"urlTemplate\":\"https:\/\/paworite.eu\/?s={search_term_string}\"},\"query-input\":{\"@type\":\"PropertyValueSpecification\",\"valueRequired\":true,\"valueName\":\"search_term_string\"}}],\"inLanguage\":\"sk-SK\"},{\"@type\":\"Organization\",\"@id\":\"https:\/\/paworite.eu\/#organization\",\"name\":\"Paworite\",\"url\":\"https:\/\/paworite.eu\/\",\"logo\":{\"@type\":\"ImageObject\",\"inLanguage\":\"sk-SK\",\"@id\":\"https:\/\/paworite.eu\/#\/schema\/logo\/image\/\",\"url\":\"https:\/\/paworite.eu\/wp-content\/uploads\/2024\/05\/logo-uj.png\",\"contentUrl\":\"https:\/\/paworite.eu\/wp-content\/uploads\/2024\/05\/logo-uj.png\",\"width\":800,\"height\":600,\"caption\":\"Paworite\"},\"image\":{\"@id\":\"https:\/\/paworite.eu\/#\/schema\/logo\/image\/\"}}]}<\/script>\n<!-- \/ Yoast SEO plugin. -->","yoast_head_json":{"title":"Nasekan\u00e9 su\u0161en\u00e9 brav\u010dov\u00e9 ucho 160g - PetPinc\u00e9r - Paworite","robots":{"index":"index","follow":"follow","max-snippet":"max-snippet:-1","max-image-preview":"max-image-preview:large","max-video-preview":"max-video-preview:-1"},"canonical":"https:\/\/paworite.eu\/sk\/produkt\/apritott-szaritott-sertesful-160g-petpincer\/","og_locale":"sk_SK","og_type":"article","og_title":"Nasekan\u00e9 su\u0161en\u00e9 brav\u010dov\u00e9 ucho 160g - PetPinc\u00e9r - Paworite","og_description":"\ud83d\udc3e PetPinc\u00e9r Nasekan\u00e9 su\u0161en\u00e9 brav\u010dov\u00e9 ucho \u2013 pr\u00edrodn\u00e1 ma\u0161krta pre psov na \u010distenie zubov Doprajte svojmu psovi zdrav\u00fa, chrumkav\u00fa a 100 % pr\u00edrodn\u00fa odmenu!PetPinc\u00e9r Nasekan\u00e9 su\u0161en\u00e9 brav\u010dov\u00e9 ucho je pr\u00edrodn\u00e1 ma\u0161krta pre psov, ktor\u00e1 nielen v\u00fdborne chut\u00ed, ale aj \u010dist\u00ed zuby a posil\u0148uje \u010fasn\u00e1. V\u010faka vysokej kvalite a prirodzenej \u0161trukt\u00fare poskytuje v\u00e1\u0161mu ps\u00edkovi dlh\u00fd \u017euvac\u00ed...","og_url":"https:\/\/paworite.eu\/sk\/produkt\/apritott-szaritott-sertesful-160g-petpincer\/","og_site_name":"Paworite","article_modified_time":"2025-11-02T07:45:44+00:00","og_image":[{"width":1000,"height":1000,"url":"https:\/\/paworite.eu\/wp-content\/uploads\/2025\/11\/jutalomfalat-sertesful-20241015120020-crop.jpg","type":"image\/jpeg"}],"twitter_card":"summary_large_image","twitter_misc":{"Predpokladan\u00fd \u010das \u010d\u00edtania":"1 min\u00fata"},"schema":{"@context":"https:\/\/schema.org","@graph":[{"@type":"WebPage","@id":"https:\/\/paworite.eu\/sk\/produkt\/apritott-szaritott-sertesful-160g-petpincer\/","url":"https:\/\/paworite.eu\/sk\/produkt\/apritott-szaritott-sertesful-160g-petpincer\/","name":"Nasekan\u00e9 su\u0161en\u00e9 brav\u010dov\u00e9 ucho 160g - PetPinc\u00e9r - Paworite","isPartOf":{"@id":"https:\/\/paworite.eu\/#website"},"primaryImageOfPage":{"@id":"https:\/\/paworite.eu\/sk\/produkt\/apritott-szaritott-sertesful-160g-petpincer\/#primaryimage"},"image":{"@id":"https:\/\/paworite.eu\/sk\/produkt\/apritott-szaritott-sertesful-160g-petpincer\/#primaryimage"},"thumbnailUrl":"https:\/\/paworite.eu\/wp-content\/uploads\/2025\/11\/jutalomfalat-sertesful-20241015120020-crop.jpg","datePublished":"2025-11-02T07:42:30+00:00","dateModified":"2025-11-02T07:45:44+00:00","breadcrumb":{"@id":"https:\/\/paworite.eu\/sk\/produkt\/apritott-szaritott-sertesful-160g-petpincer\/#breadcrumb"},"inLanguage":"sk-SK","potentialAction":[{"@type":"ReadAction","target":["https:\/\/paworite.eu\/sk\/produkt\/apritott-szaritott-sertesful-160g-petpincer\/"]}]},{"@type":"ImageObject","inLanguage":"sk-SK","@id":"https:\/\/paworite.eu\/sk\/produkt\/apritott-szaritott-sertesful-160g-petpincer\/#primaryimage","url":"https:\/\/paworite.eu\/wp-content\/uploads\/2025\/11\/jutalomfalat-sertesful-20241015120020-crop.jpg","contentUrl":"https:\/\/paworite.eu\/wp-content\/uploads\/2025\/11\/jutalomfalat-sertesful-20241015120020-crop.jpg","width":1000,"height":1000},{"@type":"BreadcrumbList","@id":"https:\/\/paworite.eu\/sk\/produkt\/apritott-szaritott-sertesful-160g-petpincer\/#breadcrumb","itemListElement":[{"@type":"ListItem","position":1,"name":"Kezd\u0151lap","item":"https:\/\/paworite.eu\/"},{"@type":"ListItem","position":2,"name":"Shop","item":"https:\/\/paworite.eu\/sk\/shop\/"},{"@type":"ListItem","position":3,"name":"Nasekan\u00e9 su\u0161en\u00e9 brav\u010dov\u00e9 ucho 160g &#8211; PetPinc\u00e9r"}]},{"@type":"WebSite","@id":"https:\/\/paworite.eu\/#website","url":"https:\/\/paworite.eu\/","name":"Paworite","description":"","publisher":{"@id":"https:\/\/paworite.eu\/#organization"},"potentialAction":[{"@type":"SearchAction","target":{"@type":"EntryPoint","urlTemplate":"https:\/\/paworite.eu\/?s={search_term_string}"},"query-input":{"@type":"PropertyValueSpecification","valueRequired":true,"valueName":"search_term_string"}}],"inLanguage":"sk-SK"},{"@type":"Organization","@id":"https:\/\/paworite.eu\/#organization","name":"Paworite","url":"https:\/\/paworite.eu\/","logo":{"@type":"ImageObject","inLanguage":"sk-SK","@id":"https:\/\/paworite.eu\/#\/schema\/logo\/image\/","url":"https:\/\/paworite.eu\/wp-content\/uploads\/2024\/05\/logo-uj.png","contentUrl":"https:\/\/paworite.eu\/wp-content\/uploads\/2024\/05\/logo-uj.png","width":800,"height":600,"caption":"Paworite"},"image":{"@id":"https:\/\/paworite.eu\/#\/schema\/logo\/image\/"}}]}},"_links":{"self":[{"href":"https:\/\/paworite.eu\/sk\/wp-json\/wp\/v2\/product\/2547","targetHints":{"allow":["GET"]}}],"collection":[{"href":"https:\/\/paworite.eu\/sk\/wp-json\/wp\/v2\/product"}],"about":[{"href":"https:\/\/paworite.eu\/sk\/wp-json\/wp\/v2\/types\/product"}],"replies":[{"embeddable":true,"href":"https:\/\/paworite.eu\/sk\/wp-json\/wp\/v2\/comments?post=2547"}],"wp:featuredmedia":[{"embeddable":true,"href":"https:\/\/paworite.eu\/sk\/wp-json\/wp\/v2\/media\/2545"}],"wp:attachment":[{"href":"https:\/\/paworite.eu\/sk\/wp-json\/wp\/v2\/media?parent=2547"}],"wp:term":[{"taxonomy":"product_brand","embeddable":true,"href":"https:\/\/paworite.eu\/sk\/wp-json\/wp\/v2\/product_brand?post=2547"},{"taxonomy":"product_cat","embeddable":true,"href":"https:\/\/paworite.eu\/sk\/wp-json\/wp\/v2\/product_cat?post=2547"},{"taxonomy":"product_tag","embeddable":true,"href":"https:\/\/paworite.eu\/sk\/wp-json\/wp\/v2\/product_tag?post=2547"}],"curies":[{"name":"wp","href":"https:\/\/api.w.org\/{rel}","templated":true}]}}