{"id":2570,"date":"2025-11-02T08:12:26","date_gmt":"2025-11-02T08:12:26","guid":{"rendered":"https:\/\/paworite.eu\/product\/kacsa-zuza-petpincer\/"},"modified":"2025-11-02T08:14:25","modified_gmt":"2025-11-02T08:14:25","slug":"kacsa-zuza-petpincer","status":"publish","type":"product","link":"https:\/\/paworite.eu\/sk\/produkt\/kacsa-zuza-petpincer\/","title":{"rendered":"Ka\u010dacie Drven\u00e9 Srdce &#8211; PetPinc\u00e9r"},"content":{"rendered":"<h2 data-start=\"181\" data-end=\"253\">\ud83d\udc3e PetPinc\u00e9r Ka\u010dacie Drven\u00e9 Srdce \u2013 100 % pr\u00edrodn\u00e1 ma\u0161krta pre psov<\/h2>\n<p data-start=\"255\" data-end=\"553\">Doprajte svojmu ps\u00edkovi <strong data-start=\"279\" data-end=\"324\">v\u00fd\u017eivn\u00fa, chutn\u00fa a \u00faplne prirodzen\u00fa odmenu<\/strong>!<br data-start=\"325\" data-end=\"328\" \/><strong data-start=\"328\" data-end=\"362\">PetPinc\u00e9r Ka\u010dacie Drven\u00e9 Srdce<\/strong> je 100 % <strong data-start=\"372\" data-end=\"396\">su\u0161en\u00e9 ka\u010dacie srdce<\/strong>, pripraven\u00e9 <strong data-start=\"409\" data-end=\"454\">bez umel\u00fdch pr\u00edsad, farb\u00edv a konzervantov<\/strong>.<br data-start=\"455\" data-end=\"458\" \/>Je bohat\u00e9 na bielkoviny a podporuje <strong data-start=\"494\" data-end=\"550\">zdravie svalov, celkov\u00fa vitalitu psa a \u00fastnu hygienu<\/strong>.<\/p>\n<hr data-start=\"555\" data-end=\"558\" \/>\n<h3 data-start=\"560\" data-end=\"613\">\ud83e\uddb4 Pre\u010do si vybra\u0165 PetPinc\u00e9r Ka\u010dacie Drven\u00e9 Srdce<\/h3>\n<ul data-start=\"614\" data-end=\"958\">\n<li data-start=\"614\" data-end=\"721\">\n<p data-start=\"616\" data-end=\"721\"><strong data-start=\"616\" data-end=\"646\">Prirodzen\u00e9 \u010distenie zubov:<\/strong> \u017duvanie pom\u00e1ha odstra\u0148ova\u0165 povlak a zubn\u00fd kame\u0148, podporuje zdrav\u00e9 \u010fasn\u00e1.<\/p>\n<\/li>\n<li data-start=\"722\" data-end=\"800\">\n<p data-start=\"724\" data-end=\"800\"><strong data-start=\"724\" data-end=\"751\">Vysok\u00fd obsah bielkov\u00edn:<\/strong> Podporuje svalov\u00fd tonus a celkov\u00e9 zdravie psa.<\/p>\n<\/li>\n<li data-start=\"801\" data-end=\"888\">\n<p data-start=\"803\" data-end=\"888\"><strong data-start=\"803\" data-end=\"827\">Dlh\u00fd \u017euvac\u00ed z\u00e1\u017eitok:<\/strong> Chrumkav\u00e1 text\u00fara uspokoj\u00ed prirodzen\u00fd \u017euvac\u00ed in\u0161tinkt psa.<\/p>\n<\/li>\n<li data-start=\"889\" data-end=\"958\">\n<p data-start=\"891\" data-end=\"958\"><strong data-start=\"891\" data-end=\"919\">Bezlepkov\u00e9 a bez adit\u00edv:<\/strong> Ide\u00e1lna vo\u013eba aj pre citliv\u00fdch psov.<\/p>\n<\/li>\n<\/ul>\n<hr data-start=\"960\" data-end=\"963\" \/>\n<h3 data-start=\"965\" data-end=\"991\">\ud83d\udce6 Odpor\u00fa\u010dan\u00e9 pou\u017eitie<\/h3>\n<ul data-start=\"992\" data-end=\"1238\">\n<li data-start=\"992\" data-end=\"1081\">\n<p data-start=\"994\" data-end=\"1081\"><strong data-start=\"994\" data-end=\"1009\">D\u00e1vkovanie:<\/strong> 5\u201310 k\u00faskov denne ako doplnkov\u00e1 odmena pre psy star\u0161ie ako 2 mesiace.<\/p>\n<\/li>\n<li data-start=\"1082\" data-end=\"1142\">\n<p data-start=\"1084\" data-end=\"1142\"><strong data-start=\"1084\" data-end=\"1101\">\u010cerstv\u00e1 voda:<\/strong> V\u017edy zabezpe\u010dte pr\u00edstup k pitnej vode.<\/p>\n<\/li>\n<li data-start=\"1143\" data-end=\"1238\">\n<p data-start=\"1145\" data-end=\"1238\"><strong data-start=\"1145\" data-end=\"1165\">\u013dahko delite\u013en\u00e9:<\/strong> Produkt sa d\u00e1 kr\u00e1ja\u0165 na men\u0161ie k\u00fasky, vhodn\u00fd pre v\u0161etky ve\u013ekosti psov.<\/p>\n<\/li>\n<\/ul>\n<hr data-start=\"1240\" data-end=\"1243\" \/>\n<h3 data-start=\"1245\" data-end=\"1287\">\ud83e\uddea Zlo\u017eenie a v\u00fd\u017eivov\u00e9 hodnoty (100 g)<\/h3>\n<p data-start=\"1288\" data-end=\"1330\"><strong data-start=\"1288\" data-end=\"1301\">Zlo\u017eenie:<\/strong> 100 % su\u0161en\u00e9 ka\u010dacie srdce<\/p>\n<ul data-start=\"1331\" data-end=\"1420\">\n<li data-start=\"1331\" data-end=\"1357\">\n<p data-start=\"1333\" data-end=\"1357\"><strong data-start=\"1333\" data-end=\"1348\">Bielkoviny:<\/strong> 18,4 %<\/p>\n<\/li>\n<li data-start=\"1358\" data-end=\"1377\">\n<p data-start=\"1360\" data-end=\"1377\"><strong data-start=\"1360\" data-end=\"1368\">Tuk:<\/strong> 1,02 %<\/p>\n<\/li>\n<li data-start=\"1378\" data-end=\"1399\">\n<p data-start=\"1380\" data-end=\"1399\"><strong data-start=\"1380\" data-end=\"1392\">Vlhkos\u0165:<\/strong> 71 %<\/p>\n<\/li>\n<li data-start=\"1400\" data-end=\"1420\">\n<p data-start=\"1402\" data-end=\"1420\"><strong data-start=\"1402\" data-end=\"1412\">Popol:<\/strong> 1,2 %<\/p>\n<\/li>\n<\/ul>\n<hr data-start=\"1422\" data-end=\"1425\" \/>\n<h3 data-start=\"1427\" data-end=\"1445\">\ud83d\udc15 Skladovanie<\/h3>\n<p data-start=\"1446\" data-end=\"1575\">Uchov\u00e1vajte na <strong data-start=\"1461\" data-end=\"1489\">suchom a chladnom mieste<\/strong>, mimo vlhkosti.<br data-start=\"1505\" data-end=\"1508\" \/>Po otvoren\u00ed si produkt zachov\u00e1 \u010derstvos\u0165 pribli\u017ene <strong data-start=\"1559\" data-end=\"1572\">3 mesiace<\/strong>.<\/p>\n<hr data-start=\"1577\" data-end=\"1580\" \/>\n<h3 data-start=\"1582\" data-end=\"1623\">\u2764\ufe0f Prirodzen\u00e1, zdrav\u00e1 a chutn\u00e1 odmena<\/h3>\n<p data-start=\"1624\" data-end=\"1876\"><strong data-start=\"1624\" data-end=\"1658\">PetPinc\u00e9r Ka\u010dacie Drven\u00e9 Srdce<\/strong> je ide\u00e1lna pre ka\u017ed\u00e9ho psa, ktor\u00fd potrebuje <strong data-start=\"1703\" data-end=\"1740\">pr\u00edrodn\u00fa, zdrav\u00fa a chutn\u00fa ma\u0161krtu<\/strong>.<br data-start=\"1741\" data-end=\"1744\" \/>Podporuje <strong data-start=\"1754\" data-end=\"1809\">\u00fastnu hygienu, zdravie \u010fasien a dlh\u00fd \u017euvac\u00ed z\u00e1\u017eitok<\/strong>.<br data-start=\"1810\" data-end=\"1813\" \/>Bezlepkov\u00e1 a bez adit\u00edv \u2013 <strong data-start=\"1839\" data-end=\"1873\">bezpe\u010dn\u00e1 aj pre citliv\u00fdch psov<\/strong>.<\/p>\n<p data-start=\"1878\" data-end=\"1945\">\ud83d\udc49 <strong data-start=\"1881\" data-end=\"1943\">PetPinc\u00e9r \u2013 pr\u00edrodn\u00e1 rados\u0165 pre zdrav\u00fdch a \u0161\u0165astn\u00fdch psov!<\/strong><\/p>\n","protected":false},"excerpt":{"rendered":"<p>\ud83d\udc3e PetPinc\u00e9r Ka\u010dacie Drven\u00e9 Srdce \u2013 100 % pr\u00edrodn\u00e1 ma\u0161krta pre psov Doprajte svojmu ps\u00edkovi v\u00fd\u017eivn\u00fa, chutn\u00fa a \u00faplne prirodzen\u00fa odmenu!PetPinc\u00e9r Ka\u010dacie Drven\u00e9 Srdce je 100 % su\u0161en\u00e9 ka\u010dacie srdce, pripraven\u00e9 bez umel\u00fdch pr\u00edsad, farb\u00edv a konzervantov.Je bohat\u00e9 na bielkoviny a podporuje zdravie svalov, celkov\u00fa vitalitu psa a \u00fastnu hygienu. \ud83e\uddb4 Pre\u010do si vybra\u0165 PetPinc\u00e9r&#8230;<\/p>\n","protected":false},"featured_media":2568,"comment_status":"closed","ping_status":"closed","template":"","meta":{"_kad_post_transparent":"default","_kad_post_title":"","_kad_post_layout":"default","_kad_post_sidebar_id":"","_kad_post_content_style":"default","_kad_post_vertical_padding":"default","_kad_post_feature":"","_kad_post_feature_position":"","_kad_post_header":false,"_kad_post_footer":false,"_kad_post_classname":""},"product_brand":[],"product_cat":[135,74],"product_tag":[],"class_list":{"0":"post-2570","1":"product","2":"type-product","3":"status-publish","4":"has-post-thumbnail","6":"product_cat-odmeny","7":"product_cat-produkty","9":"first","10":"outofstock","11":"taxable","12":"shipping-taxable","13":"purchasable","14":"product-type-simple","15":"entry","16":"content-bg","17":"loop-entry"},"yoast_head":"<!-- This site is optimized with the Yoast SEO plugin v26.5 - https:\/\/yoast.com\/wordpress\/plugins\/seo\/ -->\n<title>Ka\u010dacie Drven\u00e9 Srdce - PetPinc\u00e9r - Paworite<\/title>\n<meta name=\"robots\" content=\"index, follow, max-snippet:-1, max-image-preview:large, max-video-preview:-1\" \/>\n<link rel=\"canonical\" href=\"https:\/\/paworite.eu\/sk\/produkt\/kacsa-zuza-petpincer\/\" \/>\n<meta property=\"og:locale\" content=\"sk_SK\" \/>\n<meta property=\"og:type\" content=\"article\" \/>\n<meta property=\"og:title\" content=\"Ka\u010dacie Drven\u00e9 Srdce - PetPinc\u00e9r - Paworite\" \/>\n<meta property=\"og:description\" content=\"\ud83d\udc3e PetPinc\u00e9r Ka\u010dacie Drven\u00e9 Srdce \u2013 100 % pr\u00edrodn\u00e1 ma\u0161krta pre psov Doprajte svojmu ps\u00edkovi v\u00fd\u017eivn\u00fa, chutn\u00fa a \u00faplne prirodzen\u00fa odmenu!PetPinc\u00e9r Ka\u010dacie Drven\u00e9 Srdce je 100 % su\u0161en\u00e9 ka\u010dacie srdce, pripraven\u00e9 bez umel\u00fdch pr\u00edsad, farb\u00edv a konzervantov.Je bohat\u00e9 na bielkoviny a podporuje zdravie svalov, celkov\u00fa vitalitu psa a \u00fastnu hygienu. \ud83e\uddb4 Pre\u010do si vybra\u0165 PetPinc\u00e9r...\" \/>\n<meta property=\"og:url\" content=\"https:\/\/paworite.eu\/sk\/produkt\/kacsa-zuza-petpincer\/\" \/>\n<meta property=\"og:site_name\" content=\"Paworite\" \/>\n<meta property=\"article:modified_time\" content=\"2025-11-02T08:14:25+00:00\" \/>\n<meta property=\"og:image\" content=\"https:\/\/paworite.eu\/wp-content\/uploads\/2025\/11\/jutalomfalat-kacsa-zuza-20241015113547-crop.jpg\" \/>\n\t<meta property=\"og:image:width\" content=\"1000\" \/>\n\t<meta property=\"og:image:height\" content=\"1000\" \/>\n\t<meta property=\"og:image:type\" content=\"image\/jpeg\" \/>\n<meta name=\"twitter:card\" content=\"summary_large_image\" \/>\n<meta name=\"twitter:label1\" content=\"Predpokladan\u00fd \u010das \u010d\u00edtania\" \/>\n\t<meta name=\"twitter:data1\" content=\"1 min\u00fata\" \/>\n<script type=\"application\/ld+json\" class=\"yoast-schema-graph\">{\"@context\":\"https:\/\/schema.org\",\"@graph\":[{\"@type\":\"WebPage\",\"@id\":\"https:\/\/paworite.eu\/sk\/produkt\/kacsa-zuza-petpincer\/\",\"url\":\"https:\/\/paworite.eu\/sk\/produkt\/kacsa-zuza-petpincer\/\",\"name\":\"Ka\u010dacie Drven\u00e9 Srdce - PetPinc\u00e9r - Paworite\",\"isPartOf\":{\"@id\":\"https:\/\/paworite.eu\/#website\"},\"primaryImageOfPage\":{\"@id\":\"https:\/\/paworite.eu\/sk\/produkt\/kacsa-zuza-petpincer\/#primaryimage\"},\"image\":{\"@id\":\"https:\/\/paworite.eu\/sk\/produkt\/kacsa-zuza-petpincer\/#primaryimage\"},\"thumbnailUrl\":\"https:\/\/paworite.eu\/wp-content\/uploads\/2025\/11\/jutalomfalat-kacsa-zuza-20241015113547-crop.jpg\",\"datePublished\":\"2025-11-02T08:12:26+00:00\",\"dateModified\":\"2025-11-02T08:14:25+00:00\",\"breadcrumb\":{\"@id\":\"https:\/\/paworite.eu\/sk\/produkt\/kacsa-zuza-petpincer\/#breadcrumb\"},\"inLanguage\":\"sk-SK\",\"potentialAction\":[{\"@type\":\"ReadAction\",\"target\":[\"https:\/\/paworite.eu\/sk\/produkt\/kacsa-zuza-petpincer\/\"]}]},{\"@type\":\"ImageObject\",\"inLanguage\":\"sk-SK\",\"@id\":\"https:\/\/paworite.eu\/sk\/produkt\/kacsa-zuza-petpincer\/#primaryimage\",\"url\":\"https:\/\/paworite.eu\/wp-content\/uploads\/2025\/11\/jutalomfalat-kacsa-zuza-20241015113547-crop.jpg\",\"contentUrl\":\"https:\/\/paworite.eu\/wp-content\/uploads\/2025\/11\/jutalomfalat-kacsa-zuza-20241015113547-crop.jpg\",\"width\":1000,\"height\":1000},{\"@type\":\"BreadcrumbList\",\"@id\":\"https:\/\/paworite.eu\/sk\/produkt\/kacsa-zuza-petpincer\/#breadcrumb\",\"itemListElement\":[{\"@type\":\"ListItem\",\"position\":1,\"name\":\"Kezd\u0151lap\",\"item\":\"https:\/\/paworite.eu\/\"},{\"@type\":\"ListItem\",\"position\":2,\"name\":\"Shop\",\"item\":\"https:\/\/paworite.eu\/sk\/shop\/\"},{\"@type\":\"ListItem\",\"position\":3,\"name\":\"Ka\u010dacie Drven\u00e9 Srdce &#8211; PetPinc\u00e9r\"}]},{\"@type\":\"WebSite\",\"@id\":\"https:\/\/paworite.eu\/#website\",\"url\":\"https:\/\/paworite.eu\/\",\"name\":\"Paworite\",\"description\":\"\",\"publisher\":{\"@id\":\"https:\/\/paworite.eu\/#organization\"},\"potentialAction\":[{\"@type\":\"SearchAction\",\"target\":{\"@type\":\"EntryPoint\",\"urlTemplate\":\"https:\/\/paworite.eu\/?s={search_term_string}\"},\"query-input\":{\"@type\":\"PropertyValueSpecification\",\"valueRequired\":true,\"valueName\":\"search_term_string\"}}],\"inLanguage\":\"sk-SK\"},{\"@type\":\"Organization\",\"@id\":\"https:\/\/paworite.eu\/#organization\",\"name\":\"Paworite\",\"url\":\"https:\/\/paworite.eu\/\",\"logo\":{\"@type\":\"ImageObject\",\"inLanguage\":\"sk-SK\",\"@id\":\"https:\/\/paworite.eu\/#\/schema\/logo\/image\/\",\"url\":\"https:\/\/paworite.eu\/wp-content\/uploads\/2024\/05\/logo-uj.png\",\"contentUrl\":\"https:\/\/paworite.eu\/wp-content\/uploads\/2024\/05\/logo-uj.png\",\"width\":800,\"height\":600,\"caption\":\"Paworite\"},\"image\":{\"@id\":\"https:\/\/paworite.eu\/#\/schema\/logo\/image\/\"}}]}<\/script>\n<!-- \/ Yoast SEO plugin. -->","yoast_head_json":{"title":"Ka\u010dacie Drven\u00e9 Srdce - PetPinc\u00e9r - Paworite","robots":{"index":"index","follow":"follow","max-snippet":"max-snippet:-1","max-image-preview":"max-image-preview:large","max-video-preview":"max-video-preview:-1"},"canonical":"https:\/\/paworite.eu\/sk\/produkt\/kacsa-zuza-petpincer\/","og_locale":"sk_SK","og_type":"article","og_title":"Ka\u010dacie Drven\u00e9 Srdce - PetPinc\u00e9r - Paworite","og_description":"\ud83d\udc3e PetPinc\u00e9r Ka\u010dacie Drven\u00e9 Srdce \u2013 100 % pr\u00edrodn\u00e1 ma\u0161krta pre psov Doprajte svojmu ps\u00edkovi v\u00fd\u017eivn\u00fa, chutn\u00fa a \u00faplne prirodzen\u00fa odmenu!PetPinc\u00e9r Ka\u010dacie Drven\u00e9 Srdce je 100 % su\u0161en\u00e9 ka\u010dacie srdce, pripraven\u00e9 bez umel\u00fdch pr\u00edsad, farb\u00edv a konzervantov.Je bohat\u00e9 na bielkoviny a podporuje zdravie svalov, celkov\u00fa vitalitu psa a \u00fastnu hygienu. \ud83e\uddb4 Pre\u010do si vybra\u0165 PetPinc\u00e9r...","og_url":"https:\/\/paworite.eu\/sk\/produkt\/kacsa-zuza-petpincer\/","og_site_name":"Paworite","article_modified_time":"2025-11-02T08:14:25+00:00","og_image":[{"width":1000,"height":1000,"url":"https:\/\/paworite.eu\/wp-content\/uploads\/2025\/11\/jutalomfalat-kacsa-zuza-20241015113547-crop.jpg","type":"image\/jpeg"}],"twitter_card":"summary_large_image","twitter_misc":{"Predpokladan\u00fd \u010das \u010d\u00edtania":"1 min\u00fata"},"schema":{"@context":"https:\/\/schema.org","@graph":[{"@type":"WebPage","@id":"https:\/\/paworite.eu\/sk\/produkt\/kacsa-zuza-petpincer\/","url":"https:\/\/paworite.eu\/sk\/produkt\/kacsa-zuza-petpincer\/","name":"Ka\u010dacie Drven\u00e9 Srdce - PetPinc\u00e9r - Paworite","isPartOf":{"@id":"https:\/\/paworite.eu\/#website"},"primaryImageOfPage":{"@id":"https:\/\/paworite.eu\/sk\/produkt\/kacsa-zuza-petpincer\/#primaryimage"},"image":{"@id":"https:\/\/paworite.eu\/sk\/produkt\/kacsa-zuza-petpincer\/#primaryimage"},"thumbnailUrl":"https:\/\/paworite.eu\/wp-content\/uploads\/2025\/11\/jutalomfalat-kacsa-zuza-20241015113547-crop.jpg","datePublished":"2025-11-02T08:12:26+00:00","dateModified":"2025-11-02T08:14:25+00:00","breadcrumb":{"@id":"https:\/\/paworite.eu\/sk\/produkt\/kacsa-zuza-petpincer\/#breadcrumb"},"inLanguage":"sk-SK","potentialAction":[{"@type":"ReadAction","target":["https:\/\/paworite.eu\/sk\/produkt\/kacsa-zuza-petpincer\/"]}]},{"@type":"ImageObject","inLanguage":"sk-SK","@id":"https:\/\/paworite.eu\/sk\/produkt\/kacsa-zuza-petpincer\/#primaryimage","url":"https:\/\/paworite.eu\/wp-content\/uploads\/2025\/11\/jutalomfalat-kacsa-zuza-20241015113547-crop.jpg","contentUrl":"https:\/\/paworite.eu\/wp-content\/uploads\/2025\/11\/jutalomfalat-kacsa-zuza-20241015113547-crop.jpg","width":1000,"height":1000},{"@type":"BreadcrumbList","@id":"https:\/\/paworite.eu\/sk\/produkt\/kacsa-zuza-petpincer\/#breadcrumb","itemListElement":[{"@type":"ListItem","position":1,"name":"Kezd\u0151lap","item":"https:\/\/paworite.eu\/"},{"@type":"ListItem","position":2,"name":"Shop","item":"https:\/\/paworite.eu\/sk\/shop\/"},{"@type":"ListItem","position":3,"name":"Ka\u010dacie Drven\u00e9 Srdce &#8211; PetPinc\u00e9r"}]},{"@type":"WebSite","@id":"https:\/\/paworite.eu\/#website","url":"https:\/\/paworite.eu\/","name":"Paworite","description":"","publisher":{"@id":"https:\/\/paworite.eu\/#organization"},"potentialAction":[{"@type":"SearchAction","target":{"@type":"EntryPoint","urlTemplate":"https:\/\/paworite.eu\/?s={search_term_string}"},"query-input":{"@type":"PropertyValueSpecification","valueRequired":true,"valueName":"search_term_string"}}],"inLanguage":"sk-SK"},{"@type":"Organization","@id":"https:\/\/paworite.eu\/#organization","name":"Paworite","url":"https:\/\/paworite.eu\/","logo":{"@type":"ImageObject","inLanguage":"sk-SK","@id":"https:\/\/paworite.eu\/#\/schema\/logo\/image\/","url":"https:\/\/paworite.eu\/wp-content\/uploads\/2024\/05\/logo-uj.png","contentUrl":"https:\/\/paworite.eu\/wp-content\/uploads\/2024\/05\/logo-uj.png","width":800,"height":600,"caption":"Paworite"},"image":{"@id":"https:\/\/paworite.eu\/#\/schema\/logo\/image\/"}}]}},"_links":{"self":[{"href":"https:\/\/paworite.eu\/sk\/wp-json\/wp\/v2\/product\/2570","targetHints":{"allow":["GET"]}}],"collection":[{"href":"https:\/\/paworite.eu\/sk\/wp-json\/wp\/v2\/product"}],"about":[{"href":"https:\/\/paworite.eu\/sk\/wp-json\/wp\/v2\/types\/product"}],"replies":[{"embeddable":true,"href":"https:\/\/paworite.eu\/sk\/wp-json\/wp\/v2\/comments?post=2570"}],"wp:featuredmedia":[{"embeddable":true,"href":"https:\/\/paworite.eu\/sk\/wp-json\/wp\/v2\/media\/2568"}],"wp:attachment":[{"href":"https:\/\/paworite.eu\/sk\/wp-json\/wp\/v2\/media?parent=2570"}],"wp:term":[{"taxonomy":"product_brand","embeddable":true,"href":"https:\/\/paworite.eu\/sk\/wp-json\/wp\/v2\/product_brand?post=2570"},{"taxonomy":"product_cat","embeddable":true,"href":"https:\/\/paworite.eu\/sk\/wp-json\/wp\/v2\/product_cat?post=2570"},{"taxonomy":"product_tag","embeddable":true,"href":"https:\/\/paworite.eu\/sk\/wp-json\/wp\/v2\/product_tag?post=2570"}],"curies":[{"name":"wp","href":"https:\/\/api.w.org\/{rel}","templated":true}]}}